{"id":1003,"date":"2022-05-17T14:27:25","date_gmt":"2022-05-17T14:27:25","guid":{"rendered":"https:\/\/tadanoworld.com\/europe\/smart-chart\/"},"modified":"2022-10-06T13:49:51","modified_gmt":"2022-10-06T13:49:51","slug":"smart-chart","status":"publish","type":"page","link":"https:\/\/tadanoworld.com\/europe\/de\/smart-chart\/","title":{"rendered":"Smart Chart"},"content":{"rendered":"\n<section class=\"group-blurred-background\">\n  <div class=\"group-blurred-background__container\">\n    <div class=\"group-blurred-background__inner\">\n      \n\n<h2 class=\"wp-block-heading\">SMART CHART<\/h2>\n\n\n\n<p>Mit Tadano Smart Chart nutzen Sie die maximal verf\u00fcgbare Tragf\u00e4higkeit, sodass Sie jederzeit effizient, effektiv und bis zum vollen Potenzial Ihres Krans arbeiten.<\/p>\n\n\n\n<p><img decoding=\"async\" src=\"https:\/\/tadanoworld.com\/wp-content\/uploads\/2022\/06\/SmartChart.jpg\"><\/p>\n\n\n\n<h2 class=\"wp-block-heading\">Maximieren Sie Ihr Hubpotenzial<\/h2>\n\n\n\n<p>Das Smart-Chart-System erweitert den \u00fcblichen gebogenen Arbeitsbereich anhand der gew\u00e4hlten Abst\u00fctzkonfiguration in einen pyramidenf\u00f6rmigen Arbeitsbereich zugunsten optimierter Lastdiagramme. Jetzt wissen Sie genau, ob Sie Ihre Abst\u00fctzungen vollst\u00e4ndig ausfahren oder mit maximalem Gegengewicht arbeiten k\u00f6nnen.<\/p>\n\n\n    <\/div>\n  <\/div>\n<\/section><script type=\"text\/javascript\">const useMetricTxt =\"Verwende Metrisch\"; const useImperialTxt =\"Verwende Imperial\";<\/script>","protected":false},"excerpt":{"rendered":"","protected":false},"author":4,"featured_media":0,"parent":0,"menu_order":0,"comment_status":"closed","ping_status":"closed","template":"","meta":{"_acf_changed":false,"footnotes":""},"class_list":["post-1003","page","type-page","status-publish","hentry"],"acf":[],"_links":{"self":[{"href":"https:\/\/tadanoworld.com\/europe\/de\/wp-json\/wp\/v2\/pages\/1003","targetHints":{"allow":["GET"]}}],"collection":[{"href":"https:\/\/tadanoworld.com\/europe\/de\/wp-json\/wp\/v2\/pages"}],"about":[{"href":"https:\/\/tadanoworld.com\/europe\/de\/wp-json\/wp\/v2\/types\/page"}],"author":[{"embeddable":true,"href":"https:\/\/tadanoworld.com\/europe\/de\/wp-json\/wp\/v2\/users\/4"}],"replies":[{"embeddable":true,"href":"https:\/\/tadanoworld.com\/europe\/de\/wp-json\/wp\/v2\/comments?post=1003"}],"version-history":[{"count":0,"href":"https:\/\/tadanoworld.com\/europe\/de\/wp-json\/wp\/v2\/pages\/1003\/revisions"}],"wp:attachment":[{"href":"https:\/\/tadanoworld.com\/europe\/de\/wp-json\/wp\/v2\/media?parent=1003"}],"curies":[{"name":"wp","href":"https:\/\/api.w.org\/{rel}","templated":true}]}}