{"id":1005,"date":"2022-08-02T10:17:44","date_gmt":"2022-08-02T08:17:44","guid":{"rendered":"https:\/\/tadanoworld.com\/europe\/ssl\/"},"modified":"2022-08-02T10:17:44","modified_gmt":"2022-08-02T08:17:44","slug":"ssl","status":"publish","type":"page","link":"https:\/\/tadanoworld.com\/europe\/de\/ssl\/","title":{"rendered":"SSL"},"content":{"rendered":"\n<section class=\"group-blurred-background\">\n  <div class=\"group-blurred-background__container\">\n    <div class=\"group-blurred-background__inner\">\n      \n\n<h2 class=\"wp-block-heading\">Der neue Ma\u00dfstab: Das weiterentwickelte Superlift-Konzept des Tadano AC 7.450-1<\/h2>\n\n\n\n<p>Mit der Erfindung des Seitlichen Superlifts SSL haben unsere Ingenieure und Techniker im Jahr 2001 im Zuge der Markteinf\u00fchrung des damaligen Demag AC 500-1 f\u00fcr viel Furore in der Branche gesorgt. Jetzt haben wir dieses erfolgreiche Konzept entscheidend weiterentwickelt und damit noch leistungsf\u00e4higer gemacht. Der erste Kran, der von dieser Innovation profitiert, ist der Tadano AC 7.450-1:<\/p>\n\n\n\n<figure class=\"wp-block-image size-large\"><img decoding=\"async\" src=\"https:\/\/tadanoworld.com\/europe\/wp-content\/uploads\/sites\/2\/2023\/01\/SSL-1024x682.jpg\" alt=\"\" class=\"wp-image-1056\" \/><\/figure>\n\n\n\n<h2 class=\"wp-block-heading\">Die Konstruktion macht den Unterschied!<\/h2>\n\n\n\n<p>Bei dem neuen Konstruktions-Konzept sind die Superlift-Arme weit vorne am Kopf des Hauptauslegers positioniert, sodass sie deutlich l\u00e4nger ausfallen. Dadurch lassen sich erheblich h\u00f6here Traglasten realisieren. In dieser Hinsicht erweist sich der AC 7.450-1 daher im Vergleich zu anderen 7-Achsern als deutlich \u00fcberlegen \u2013 und sogar manch ein 8-Achser hat in etlichen Auslegerstellungen das Nachsehen.<\/p>\n\n\n\n<h2 class=\"wp-block-heading\">Pr\u00e4destiniert f\u00fcr die Turmdrehkran-Montage<\/h2>\n\n\n\n<p>Unterm Strich bietet der AC 7.450-1 die beste SSL-Hubleistung seiner Klasse \u2013 und das macht ihn vor allen Dingen f\u00fcr eine Anwendung zum Kran der Wahl: bei der Montage von Turmdrehkranen. Denn hier ist er in der Lage mit 80 Meter Hauptausleger und SSL sagenhafte 37,3 Tonnen zu heben. Das macht ihm in seiner Klasse kein anderer Kran nach. Und selbst ohne SSL sind beachtliche 23,7 Tonnen am 80 Meter Ausleger m\u00f6glich.<\/p>\n\n\n\n<h2 class=\"wp-block-heading\">Mit mehr Sicherheit schneller ger\u00fcstet<\/h2>\n\n\n\n<p>Das neue Superliftkonzept bietet aber nicht nur eine st\u00e4rkere Performance. Auch die Funktionalit\u00e4t und das Handling wurden deutlich verbessert. So kommt die neue Konstruktion mit nur einem Seilstrang f\u00fcr die Verbindung vom HA-Kopf zum SSL-Arm aus. Zudem werden die SSL-Arme am Hauptausleger hydraulisch verbolzt, was eine zeitaufw\u00e4ndige Fixierung der Arme von Hand und die damit verbundenen kr\u00e4ftezehrenden Arbeiten in der H\u00f6he reduziert. Dadurch sowie durch die Verwendung von praktischen Multikupplern ist es gelungen, die R\u00fcstzeit entscheidend zu reduzieren.<br><br>Und auch das zeichnet den neuen Seitlichen Superlift aus: Er ist so kompakt konstruiert, dass er innerhalb der Standard-LKW Breite von 2,55 Metern transportiert werden kann.<\/p>\n\n\n    <\/div>\n  <\/div>\n<\/section><script type=\"text\/javascript\">const useMetricTxt =\"Verwende Metrisch\"; const useImperialTxt =\"Verwende Imperial\";<\/script>","protected":false},"excerpt":{"rendered":"","protected":false},"author":4,"featured_media":0,"parent":0,"menu_order":0,"comment_status":"closed","ping_status":"closed","template":"","meta":{"_acf_changed":false,"footnotes":""},"class_list":["post-1005","page","type-page","status-publish","hentry"],"acf":[],"_links":{"self":[{"href":"https:\/\/tadanoworld.com\/europe\/de\/wp-json\/wp\/v2\/pages\/1005","targetHints":{"allow":["GET"]}}],"collection":[{"href":"https:\/\/tadanoworld.com\/europe\/de\/wp-json\/wp\/v2\/pages"}],"about":[{"href":"https:\/\/tadanoworld.com\/europe\/de\/wp-json\/wp\/v2\/types\/page"}],"author":[{"embeddable":true,"href":"https:\/\/tadanoworld.com\/europe\/de\/wp-json\/wp\/v2\/users\/4"}],"replies":[{"embeddable":true,"href":"https:\/\/tadanoworld.com\/europe\/de\/wp-json\/wp\/v2\/comments?post=1005"}],"version-history":[{"count":1,"href":"https:\/\/tadanoworld.com\/europe\/de\/wp-json\/wp\/v2\/pages\/1005\/revisions"}],"predecessor-version":[{"id":1006,"href":"https:\/\/tadanoworld.com\/europe\/de\/wp-json\/wp\/v2\/pages\/1005\/revisions\/1006"}],"wp:attachment":[{"href":"https:\/\/tadanoworld.com\/europe\/de\/wp-json\/wp\/v2\/media?parent=1005"}],"curies":[{"name":"wp","href":"https:\/\/api.w.org\/{rel}","templated":true}]}}