{"id":1008,"date":"2022-05-24T08:24:02","date_gmt":"2022-05-24T08:24:02","guid":{"rendered":"https:\/\/tadanoworld.com\/europe\/surround-view\/"},"modified":"2022-10-07T06:13:05","modified_gmt":"2022-10-07T06:13:05","slug":"surround-view","status":"publish","type":"page","link":"https:\/\/tadanoworld.com\/europe\/de\/surround-view\/","title":{"rendered":"Surround View"},"content":{"rendered":"\n<section class=\"group-blurred-background\">\n  <div class=\"group-blurred-background__container\">\n    <div class=\"group-blurred-background__inner\">\n      \n\n<h2 class=\"wp-block-heading\">Erleben Sie die Umgebung Ihres Krans aus der Vogelperspektive<\/h2>\n\n\n\n<p>Das neue Tadano Surround View bietet einen vollst\u00e4ndigen Rundumblick \u2013 f\u00fcr eine einfachere Positionierung des Krans am Einsatzort. Das patentierte System nutzt bis zu sechs Kameras, um auf einem Display die m\u00f6gliche Ausfahrl\u00e4nge der Abst\u00fctzungen sowie den Heckschwenkradius an der aktuellen Position des Krans anzuzeigen. Mit Surround View erhalten Sie au\u00dferdem einen vollst\u00e4ndigen \u00dcberblick \u00fcber die Umgebung des Krans, wenn Sie nach links oder rechts abbiegen \u2013 und haben Einblick in tote Winkel, in denen sich Fu\u00dfg\u00e4nger, Radfahrer oder andere Hindernisse \u201everstecken\u201c k\u00f6nnen. Er wird automatisch aktiviert, wenn der Blinker bet\u00e4tigt wird.<\/p>\n\n\n\n<p><img decoding=\"async\" src=\"https:\/\/tadanoworld.com\/wp-content\/uploads\/2022\/06\/AC-2.040-1-Surround-View-scaled.jpg\"><\/p>\n\n\n\n<p>Tadano Surround View ist f\u00fcr die Modelle AC&nbsp;4.080-1, AC&nbsp;7.450-1 und AC&nbsp;2.040-1 erh\u00e4ltlich.<\/p>\n\n\n\n<p>\u00b7 Die innovative Kameraanordnung liefert eine vollst\u00e4ndige 360\u00b0-Ansicht<br>\u00b7 Videobild auf einem separaten Display in der Unterwagenkabine<br>\u00b7 W\u00e4hrend der Fahrt als Fahrassistent verwendbar \u2013 beim Rechtsabbiegen werden Objekte im toten Winkel wie Radfahrer, Fu\u00dfg\u00e4nger oder Hindernisse im Display angezeigt<br>\u00b7 Patentiertes System: Anzeige der Abst\u00fctzungspositionen und des Gegengewicht-Heckschwenkradius f\u00fcr schnelles Positionieren<\/p>\n\n\n    <\/div>\n  <\/div>\n<\/section><script type=\"text\/javascript\">const useMetricTxt =\"Verwende Metrisch\"; const useImperialTxt =\"Verwende Imperial\";<\/script>","protected":false},"excerpt":{"rendered":"","protected":false},"author":4,"featured_media":0,"parent":0,"menu_order":0,"comment_status":"closed","ping_status":"closed","template":"","meta":{"_acf_changed":false,"footnotes":""},"class_list":["post-1008","page","type-page","status-publish","hentry"],"acf":[],"_links":{"self":[{"href":"https:\/\/tadanoworld.com\/europe\/de\/wp-json\/wp\/v2\/pages\/1008","targetHints":{"allow":["GET"]}}],"collection":[{"href":"https:\/\/tadanoworld.com\/europe\/de\/wp-json\/wp\/v2\/pages"}],"about":[{"href":"https:\/\/tadanoworld.com\/europe\/de\/wp-json\/wp\/v2\/types\/page"}],"author":[{"embeddable":true,"href":"https:\/\/tadanoworld.com\/europe\/de\/wp-json\/wp\/v2\/users\/4"}],"replies":[{"embeddable":true,"href":"https:\/\/tadanoworld.com\/europe\/de\/wp-json\/wp\/v2\/comments?post=1008"}],"version-history":[{"count":0,"href":"https:\/\/tadanoworld.com\/europe\/de\/wp-json\/wp\/v2\/pages\/1008\/revisions"}],"wp:attachment":[{"href":"https:\/\/tadanoworld.com\/europe\/de\/wp-json\/wp\/v2\/media?parent=1008"}],"curies":[{"name":"wp","href":"https:\/\/api.w.org\/{rel}","templated":true}]}}