{"id":1186,"date":"2023-07-21T13:51:34","date_gmt":"2023-07-21T11:51:34","guid":{"rendered":"https:\/\/tadanoworld.com\/europe\/alternative-fuels\/"},"modified":"2023-07-25T14:15:17","modified_gmt":"2023-07-25T14:15:17","slug":"alternative-kraftstoffe","status":"publish","type":"page","link":"https:\/\/tadanoworld.com\/europe\/de\/alternative-kraftstoffe\/","title":{"rendered":"Alternative Kraftstoffe"},"content":{"rendered":"\n<section class=\"group-blurred-background\">\n  <div class=\"group-blurred-background__container\">\n    <div class=\"group-blurred-background__inner\">\n      \n\n<h2 class=\"wp-block-heading\"><strong>Alternative Dieselkraftstoffe: emissionsfrei unterwegs mit HVO &amp; Co.<\/strong><\/h2>\n\n\n\n<p>Das Thema Nachhaltigkeit ist f\u00fcr Tadano mehr als ein Lippenbekenntnis: Wir haben es uns weltweit zum Ziel gesetzt, bis 2030 die CO<sub>2<\/sub>-Emissionen unserer Gesch\u00e4ftsaktivit\u00e4ten um 25 Prozent und die unserer Produkte um 35 Prozent zu reduzieren \u2013 und auch Sie haben die M\u00f6glichkeit, mit Ihren Tadano Kranen einen wichtigen Beitrag zum Klima- und Umweltschutz zu leisten.<\/p>\n\n\n\n<figure class=\"wp-block-image size-large\"><img decoding=\"async\" src=\"https:\/\/tadanoworld.com\/europe\/wp-content\/uploads\/sites\/2\/2023\/07\/HVO-1024x530.jpg\" alt=\"\" class=\"wp-image-2953\" \/><\/figure>\n\n\n\n<h2 class=\"wp-block-heading\"><strong><strong>\u201eGr\u00fcne\u201c Kraftstoffe f\u00fcr viele Tadano Krane<\/strong><\/strong><\/h2>\n\n\n\n<p>Denn die \u00fcberwiegende Zahl der in Deutschland gebauten Tadano Krane ist geeignet f\u00fcr den Betrieb mit emissionsreduzierten Kraftstoffen \u2013 und zwar \u00fcber die unterschiedlichen Baureihen hinweg: von vielen AC Modellen \u00fcber die die HK LKW-Aufbaukrane bis hin zum GTC-2000 Teleskop-Raupenkran und den CC Gittermast-Raupenkranen.<\/p>\n\n\n\n<p>Das betrifft \u00fcbrigens nicht nur die aktuellen Modelle. Auch viele \u00e4ltere Tadanos sind f\u00fcr den Betrieb mit alternativen Dieselkraftstoffen ausgelegt \u2013 Ihr Tadano Ansprechpartner teilt Ihnen gerne mit, ob Sie auch Ihren Tadano Kran mit HVO &amp; Co. betanken k\u00f6nnen.<\/p>\n\n\n\n<h2 class=\"wp-block-heading\"><strong><strong>Wir gehen mit gutem Beispiel voran<\/strong><\/strong><\/h2>\n\n\n\n<p>Auf unserem Werksgel\u00e4nde sind wir \u00fcbrigens schon heute bei Test- und \u00dcberf\u00fchrungsfahrten teilweise mit dem alternativen Dieselkraftstoff HVO unterwegs, um die CO<sub>2<\/sub>-Reduktionen in unserem Verantwortungsbereich konsequent zu reduzieren \u2013 und das mit besten Erfahrungen:<\/p>\n\n\n\n<p>Denn dieser regenerativ hergestellte, klimaneutrale Kraftstoff auf Basis von Pflanzen\u00f6len und tierischen Fetten besitzt eine fast identische Leistungsdichte wie fossiler Diesel, sodass im Fahr- und Hubbetrieb keinerlei Leistungseinbu\u00dfen festzustellen sind \u2013 es spricht also \u00fcberhaupt nichts dagegen, auf Tadano mit gr\u00fcner \u201ePower\u201c zu setzen.<\/p>\n\n\n    <\/div>\n  <\/div>\n<\/section><script type=\"text\/javascript\">const useMetricTxt =\"Verwende Metrisch\"; const useImperialTxt =\"Verwende Imperial\";<\/script>","protected":false},"excerpt":{"rendered":"","protected":false},"author":4,"featured_media":0,"parent":0,"menu_order":0,"comment_status":"closed","ping_status":"closed","template":"","meta":{"_acf_changed":false,"footnotes":""},"class_list":["post-1186","page","type-page","status-publish","hentry"],"acf":[],"_links":{"self":[{"href":"https:\/\/tadanoworld.com\/europe\/de\/wp-json\/wp\/v2\/pages\/1186","targetHints":{"allow":["GET"]}}],"collection":[{"href":"https:\/\/tadanoworld.com\/europe\/de\/wp-json\/wp\/v2\/pages"}],"about":[{"href":"https:\/\/tadanoworld.com\/europe\/de\/wp-json\/wp\/v2\/types\/page"}],"author":[{"embeddable":true,"href":"https:\/\/tadanoworld.com\/europe\/de\/wp-json\/wp\/v2\/users\/4"}],"replies":[{"embeddable":true,"href":"https:\/\/tadanoworld.com\/europe\/de\/wp-json\/wp\/v2\/comments?post=1186"}],"version-history":[{"count":3,"href":"https:\/\/tadanoworld.com\/europe\/de\/wp-json\/wp\/v2\/pages\/1186\/revisions"}],"predecessor-version":[{"id":1207,"href":"https:\/\/tadanoworld.com\/europe\/de\/wp-json\/wp\/v2\/pages\/1186\/revisions\/1207"}],"wp:attachment":[{"href":"https:\/\/tadanoworld.com\/europe\/de\/wp-json\/wp\/v2\/media?parent=1186"}],"curies":[{"name":"wp","href":"https:\/\/api.w.org\/{rel}","templated":true}]}}