{"id":1188,"date":"2023-07-20T15:59:44","date_gmt":"2023-07-20T13:59:44","guid":{"rendered":"https:\/\/tadanoworld.com\/europe\/split-tray-flex-frame\/"},"modified":"2023-07-25T12:52:27","modified_gmt":"2023-07-25T12:52:27","slug":"split-tray-flex-frame","status":"publish","type":"page","link":"https:\/\/tadanoworld.com\/europe\/de\/split-tray-flex-frame\/","title":{"rendered":"SPLIT TRAY &amp; FLEX FRAME"},"content":{"rendered":"\n<section class=\"group-blurred-background\">\n  <div class=\"group-blurred-background__container\">\n    <div class=\"group-blurred-background__inner\">\n      \n\n<h2 class=\"wp-block-heading\"><strong>Die perfekte Erg\u00e4nzung: Split Tray und Flex Frame<\/strong><\/h2>\n\n\n\n<p>Wenn es darum geht, lange Auslegerl\u00e4ngen aufzurichten und mit geringen Arbeitsradien zu heben, bietet die Kombination aus Split Tray und Flex Frame die optimale wirtschaftliche Nutzung \u2013 das wei\u00df jeder, der diese beiden Tadano Einrichtungen einmal in Aktion gesehen hat. <\/p>\n\n\n\n<figure class=\"wp-block-image size-large\"><img decoding=\"async\" src=\"https:\/\/tadanoworld.com\/europe\/wp-content\/uploads\/sites\/2\/2023\/07\/Tadano-Split-Tray-2-1024x683.jpg\" alt=\"\" class=\"wp-image-2927\" \/><\/figure>\n\n\n\n<h2 class=\"wp-block-heading\"><strong><strong>Einsatzkosten minimieren: g\u00fcnstiger Betrieb mit dem Split Tray<\/strong><\/strong><\/h2>\n\n\n\n<p>Der Superlift-Rahmen Split Tray mit Schnellverbindungen zum Standard Tray kommt nach dem Aufrichten des Auslegers der Tadano Gittermast-Raupenkrane <em>CC 38.650-1 und CC 68.1250-1<\/em> zum Einsatz.<\/p>\n\n\n\n<p>Wurde der lange Ausleger mit viel Superlift-Gegengewicht aufgerichtet, kann nun der Split-Tray mit dem f\u00fcr den Hub ben\u00f6tigten Gegengewicht dank praktischer Stecktechnik schnell und ohne gro\u00dfen Aufwand abgekoppelt werden.<\/p>\n\n\n\n<p>Der Kran wird dann nur noch mit dem tats\u00e4chlich ben\u00f6tigten Superlift-Gegengewicht verfahren. Das spart Montagezeit, Personal und macht den kostentreibenden Einsatz eines Hilfskrans \u00fcberfl\u00fcssig. Au\u00dferdem reduziert sich der Durchschwenkradius beim Arbeiten auf der Baustelle.<\/p>\n\n\n\n<p>Konkret ergeben sich mit dem Split Tray beispielsweise beim CC 38.650-1 Kostenreduzierungen von bis zu 10.000 \u20ac pro Einsatz.<\/p>\n\n\n\n<figure class=\"wp-block-image size-large\"><img decoding=\"async\" src=\"https:\/\/tadanoworld.com\/europe\/wp-content\/uploads\/sites\/2\/2023\/07\/Flexframe-in-use-1024x684.jpg\" alt=\"\" class=\"wp-image-2933\" \/><\/figure>\n\n\n\n<h2 class=\"wp-block-heading\"><strong>Wirtschaftlicher arbeiten: Flex Frame reduziert R\u00fcst- und Demontagezeiten<\/strong><\/h2>\n\n\n\n<p>Der Flex Frame kommt bei sehr langen Auslegerl\u00e4ngen mit Boom Booster zum Einsatz und erm\u00f6glicht es, die maximalen Superliftradien beim Aufrichten auszunutzen. Durch den gro\u00dfen Verstellradius kann der Flex Frame stufenlos nach dem Aufrichten auf den optimalen Superlift-Gegengewichtsradius eingestellt werden. Dadurch ergeben sich geringere R\u00fcstzeiten und somit Kosteneinsparrungen gegen\u00fcber anderen herk\u00f6mmlichen Systemen.<\/p>\n\n\n\n<h2 class=\"wp-block-heading\"><strong>Im Team unschlagbar<\/strong><\/h2>\n\n\n\n<p>Auf den Punkt gebracht, erm\u00f6glicht der Superlift-Rahmen \u201eSplit Tray\u201c eine schnelle \u00c4nderung des Superlift-Gegengewichts auf der Baustelle, w\u00e4hrend der \u201eFlex-Rahmen\u201c das Aufstellen der l\u00e4ngsten Auslegersysteme erleichtert und h\u00f6chste Flexibilit\u00e4t beim Betrieb bietet. Arbeiten beide Systeme zusammen, wird der ben\u00f6tigte Zeitaufwand zur Neuanordnung der Gegengewichtsmodule zwischen dem Aufbau und dem Einsatz des Krans deutlich reduziert. Das hei\u00dft: Es fallen weniger Arbeitsstunden an und auf einen Hilfskran f\u00fcr das Umstapeln kann verzichtet werden.<\/p>\n\n\n\n<h2 class=\"wp-block-heading\"><strong>Auch als Retrofit-Kits zum Nachr\u00fcsten<\/strong><\/h2>\n\n\n\n<p>Split Tray und Flex Frame k\u00f6nnen Sie entweder bei der Neubestellung eines Tadano Gittermast-Raupenkran direkt als optionales Zubeh\u00f6r mitordern oder als Retrofit-Kit bei einem vorhandenen Kran nachr\u00fcsten.<\/p>\n\n\n\n<p>Split Tray und Flex Frame sind f\u00fcr folgende Tadano Gittermast-Raupenkrane verf\u00fcgbar:<\/p>\n\n\n\n<ul class=\"has-white-color has-text-color wp-block-list\">\n<li><em>CC 38.650-1<\/em><\/li>\n\n\n\n<li><em>CC 68.1250-1<\/em><\/li>\n<\/ul>\n\n\n    <\/div>\n  <\/div>\n<\/section><script type=\"text\/javascript\">const useMetricTxt =\"Verwende Metrisch\"; const useImperialTxt =\"Verwende Imperial\";<\/script>","protected":false},"excerpt":{"rendered":"","protected":false},"author":4,"featured_media":0,"parent":0,"menu_order":0,"comment_status":"closed","ping_status":"closed","template":"","meta":{"_acf_changed":false,"footnotes":""},"class_list":["post-1188","page","type-page","status-publish","hentry"],"acf":[],"_links":{"self":[{"href":"https:\/\/tadanoworld.com\/europe\/de\/wp-json\/wp\/v2\/pages\/1188","targetHints":{"allow":["GET"]}}],"collection":[{"href":"https:\/\/tadanoworld.com\/europe\/de\/wp-json\/wp\/v2\/pages"}],"about":[{"href":"https:\/\/tadanoworld.com\/europe\/de\/wp-json\/wp\/v2\/types\/page"}],"author":[{"embeddable":true,"href":"https:\/\/tadanoworld.com\/europe\/de\/wp-json\/wp\/v2\/users\/4"}],"replies":[{"embeddable":true,"href":"https:\/\/tadanoworld.com\/europe\/de\/wp-json\/wp\/v2\/comments?post=1188"}],"version-history":[{"count":3,"href":"https:\/\/tadanoworld.com\/europe\/de\/wp-json\/wp\/v2\/pages\/1188\/revisions"}],"predecessor-version":[{"id":1191,"href":"https:\/\/tadanoworld.com\/europe\/de\/wp-json\/wp\/v2\/pages\/1188\/revisions\/1191"}],"wp:attachment":[{"href":"https:\/\/tadanoworld.com\/europe\/de\/wp-json\/wp\/v2\/media?parent=1188"}],"curies":[{"name":"wp","href":"https:\/\/api.w.org\/{rel}","templated":true}]}}