{"id":1208,"date":"2023-07-20T15:55:09","date_gmt":"2023-07-20T13:55:09","guid":{"rendered":"https:\/\/tadanoworld.com\/europe\/eco-mode-start-stop\/"},"modified":"2023-07-25T14:39:07","modified_gmt":"2023-07-25T14:39:07","slug":"eco-mode-start-stopp","status":"publish","type":"page","link":"https:\/\/tadanoworld.com\/europe\/de\/eco-mode-start-stopp\/","title":{"rendered":"ECO MODE \/ START-STOPP"},"content":{"rendered":"\n<section class=\"group-blurred-background\">\n  <div class=\"group-blurred-background__container\">\n    <div class=\"group-blurred-background__inner\">\n      \n\n<h2 class=\"wp-block-heading\"><strong>Verbrauch reduzieren \u2013 Wirtschaftlichkeit steigern: mit Eco Mode und Start-Stopp-Funktion<\/strong><\/h2>\n\n\n\n<p>Der Kraftstoff-Verbrauch ist ein Kriterium, wenn es um einen m\u00f6glichst wirtschaftlichen Kranbetrieb geht. Deshalb setzen Tadano Krane den wertvollen Treibstoff mit maximaler Effizienz ein, um Ihnen einen m\u00f6glichst wirtschaftlichen Betrieb zu erm\u00f6glichen. Daf\u00fcr sorgen unter anderem zwei intelligente Steuerungssysteme, die den Kraftstoffverbrauch und damit auch den CO<sub>2<\/sub>-Aussto\u00df Ihres Tadano Krans sp\u00fcrbar reduzieren:<\/p>\n\n\n\n<h2 class=\"wp-block-heading\"><strong>Sparen im Eco Mode<\/strong><\/h2>\n\n\n\n<p>Im Eco Mode Sparbetrieb gibt der Motor beim Hub immer nur so viel Leistung ab, wie der Kran aktuell gerade ben\u00f6tigt. Die Steuerungs-Software regelt vollautomatisch die erforderliche Motordrehzahl in den jeweils optimalen Bereich, ohne dass der Kranfahrer das Gaspedal bet\u00e4tigen muss. Damit sorgt Eco Mode nicht nur f\u00fcr maximale Verbrauchs-Effizienz, sondern auch f\u00fcr mehr Komfort beim Kranbetrieb. Neben der Senkung von Kraftstoffverbrauch und CO<sub>2<\/sub>-Aussto\u00df reduziert Eco Mode zudem den Ger\u00e4uschpegel auf ein Minimum.<\/p>\n\n\n\n<figure class=\"wp-block-image size-large\"><img decoding=\"async\" src=\"https:\/\/tadanoworld.com\/europe\/wp-content\/uploads\/sites\/2\/2023\/07\/green-DNA-switch-0-00-00-00-1024x663.png\" alt=\"\" class=\"wp-image-2917\" \/><\/figure>\n\n\n\n<h2 class=\"wp-block-heading\"><strong>Tadano Start-Stopp-Funktion: stoppt den Motor, nicht die Steuerung<\/strong><\/h2>\n\n\n\n<p>Die Start-Stopp-Funktion erlaubt es, den Motor im Oberwagenbetrieb \u00fcber einen Taster in der Kabine manuell auszuschalten, um Leerlauf-Zeiten zu vermeiden. Auf diese Weise lassen sich Kraftstoff-Verbrauch und Emissionen gleicherma\u00dfen reduzieren.<\/p>\n\n\n\n<p>Die Tadano Start-Stopp-Funktion bietet gegen\u00fcber einer konventionellen Motorausschaltung jedoch einen entscheidenden Vorteil: Die Kransteuerung bleibt w\u00e4hrend der Motor-Abschaltung aktiv, sodass die Software beim Neustart nicht erst wieder zeitaufw\u00e4ndig hochgefahren werden muss, sondern der Kranbetrieb direkt fortgesetzt werden kann.<\/p>\n\n\n\n<p>Zudem reduziert die Start-Stopp-Funktion die Betriebsstunden des Krans und verl\u00e4ngert damit die Zeitspanne zwischen den Service-Intervallen. Dar\u00fcber hinaus erh\u00f6ht sich durch die Senkung der Betriebsstunden der Wiederverkaufswert Ihrer Maschine \u2013 Sie sehen: Wirtschaftlichkeit und Umweltschutz sind bei Tadano keine Widerspr\u00fcche, sondern gehen Hand in Hand.<\/p>\n\n\n    <\/div>\n  <\/div>\n<\/section><script type=\"text\/javascript\">const useMetricTxt =\"Verwende Metrisch\"; const useImperialTxt =\"Verwende Imperial\";<\/script>","protected":false},"excerpt":{"rendered":"","protected":false},"author":4,"featured_media":0,"parent":0,"menu_order":0,"comment_status":"closed","ping_status":"closed","template":"","meta":{"_acf_changed":false,"footnotes":""},"class_list":["post-1208","page","type-page","status-publish","hentry"],"acf":[],"_links":{"self":[{"href":"https:\/\/tadanoworld.com\/europe\/de\/wp-json\/wp\/v2\/pages\/1208","targetHints":{"allow":["GET"]}}],"collection":[{"href":"https:\/\/tadanoworld.com\/europe\/de\/wp-json\/wp\/v2\/pages"}],"about":[{"href":"https:\/\/tadanoworld.com\/europe\/de\/wp-json\/wp\/v2\/types\/page"}],"author":[{"embeddable":true,"href":"https:\/\/tadanoworld.com\/europe\/de\/wp-json\/wp\/v2\/users\/4"}],"replies":[{"embeddable":true,"href":"https:\/\/tadanoworld.com\/europe\/de\/wp-json\/wp\/v2\/comments?post=1208"}],"version-history":[{"count":3,"href":"https:\/\/tadanoworld.com\/europe\/de\/wp-json\/wp\/v2\/pages\/1208\/revisions"}],"predecessor-version":[{"id":1211,"href":"https:\/\/tadanoworld.com\/europe\/de\/wp-json\/wp\/v2\/pages\/1208\/revisions\/1211"}],"wp:attachment":[{"href":"https:\/\/tadanoworld.com\/europe\/de\/wp-json\/wp\/v2\/media?parent=1208"}],"curies":[{"name":"wp","href":"https:\/\/api.w.org\/{rel}","templated":true}]}}