{"id":1212,"date":"2023-07-20T15:50:47","date_gmt":"2023-07-20T13:50:47","guid":{"rendered":"https:\/\/tadanoworld.com\/europe\/automatic-counterweight-setup\/"},"modified":"2023-07-25T15:02:43","modified_gmt":"2023-07-25T15:02:43","slug":"automatische-gegengewichtsruestfunktion","status":"publish","type":"page","link":"https:\/\/tadanoworld.com\/europe\/de\/automatische-gegengewichtsruestfunktion\/","title":{"rendered":"automatische GGR-funktion"},"content":{"rendered":"\n<section class=\"group-blurred-background\">\n  <div class=\"group-blurred-background__container\">\n    <div class=\"group-blurred-background__inner\">\n      \n\n<h2 class=\"wp-block-heading\"><strong>Einfach, schnell &amp; sicher: die automatische Gegengewichtsr\u00fcst-Funktion von Tadano<\/strong><\/h2>\n\n\n\n<p>Wenn Sie mit Ihrem Tadano Kran auf die Baustelle kommen, wollen Sie eines: So schnell wie m\u00f6glich hubbereit sei. Deshalb haben wir unsere AC Krane bis zum AC 6.300-1 mit einer schnellen, automatischen Gegengewichtsr\u00fcstfunktion ausgestattet.<\/p>\n\n\n\n<h2 class=\"wp-block-heading\"><strong>Und so einfach funktioniert\u2019s:<\/strong><\/h2>\n\n\n\n<p>Sie bringen den Oberwagen Ihres Tadano Krans in den erforderlichen Winkelbereich und aktivieren die automatische Gegengewicht-R\u00fcstfunktion in der IC-1. Nun laufen bei bet\u00e4tigtem Steuerhebel alle folgenden Schritte automatisch ab:<\/p>\n\n\n\n<ol type=\"1\" class=\"has-white-color has-text-color wp-block-list\">\n<li>Der Oberwagen dreht auf 4\u00b0-Position.<\/li>\n\n\n\n<li>Die Gegengewichts-Hubzylinder werden \u201ewie von Zauberhand\u201c in die nierenf\u00f6rmigen Aussparungen der Gegengewichts-Platten teleskopiert.<\/li>\n\n\n\n<li>Der Oberwagen dreht nach hinten in 0\u00b0-Position und<\/li>\n\n\n\n<li>die Gegengewichts-Hubzylinder ziehen das Gegengewicht an den Oberwagenrahmen \u2013 fertig!<\/li>\n<\/ol>\n\n\n\n<figure class=\"wp-block-image size-large\"><img decoding=\"async\" src=\"https:\/\/tadanoworld.com\/europe\/wp-content\/uploads\/sites\/2\/2023\/07\/Product-V2.00_01_07_15.Standbild001-enhance-2x-1024x576.jpg\" alt=\"\" class=\"wp-image-2907\" \/><\/figure>\n\n\n\n<h2 class=\"wp-block-heading\"><strong>Vorteile f\u00fcr Kranfahrer, Betreiber und Kunden<\/strong><\/h2>\n\n\n\n<p>F\u00fcr den Kranfahrer ist die automatische Gegengewichtr\u00fcstfunktion von Tadano mit erheblichen Vorteilen verbunden: Er kann den Kran schnell, einfach und vor allem sicher r\u00fcsten \u2013 gef\u00e4hrliche \u201eFehlgriffe\u201c beim Anheben der Gegengewichtsplatten sind dank der Automatik ausgeschlossen.<\/p>\n\n\n\n<p>Als Betreiber des Krans profitieren Sie von einer verbesserten Wirtschaftlichkeit, da die R\u00fcstautomatik \u201eunproduktive\u201c Zeiten auf der Baustelle minimiert \u2013 und Ihr Kunde freut sich, wenn der Job in k\u00fcrzerer Zeit erledigt ist.<\/p>\n\n\n    <\/div>\n  <\/div>\n<\/section><script type=\"text\/javascript\">const useMetricTxt =\"Verwende Metrisch\"; const useImperialTxt =\"Verwende Imperial\";<\/script>","protected":false},"excerpt":{"rendered":"","protected":false},"author":4,"featured_media":0,"parent":0,"menu_order":0,"comment_status":"closed","ping_status":"closed","template":"","meta":{"_acf_changed":false,"footnotes":""},"class_list":["post-1212","page","type-page","status-publish","hentry"],"acf":[],"_links":{"self":[{"href":"https:\/\/tadanoworld.com\/europe\/de\/wp-json\/wp\/v2\/pages\/1212","targetHints":{"allow":["GET"]}}],"collection":[{"href":"https:\/\/tadanoworld.com\/europe\/de\/wp-json\/wp\/v2\/pages"}],"about":[{"href":"https:\/\/tadanoworld.com\/europe\/de\/wp-json\/wp\/v2\/types\/page"}],"author":[{"embeddable":true,"href":"https:\/\/tadanoworld.com\/europe\/de\/wp-json\/wp\/v2\/users\/4"}],"replies":[{"embeddable":true,"href":"https:\/\/tadanoworld.com\/europe\/de\/wp-json\/wp\/v2\/comments?post=1212"}],"version-history":[{"count":5,"href":"https:\/\/tadanoworld.com\/europe\/de\/wp-json\/wp\/v2\/pages\/1212\/revisions"}],"predecessor-version":[{"id":1223,"href":"https:\/\/tadanoworld.com\/europe\/de\/wp-json\/wp\/v2\/pages\/1212\/revisions\/1223"}],"wp:attachment":[{"href":"https:\/\/tadanoworld.com\/europe\/de\/wp-json\/wp\/v2\/media?parent=1212"}],"curies":[{"name":"wp","href":"https:\/\/api.w.org\/{rel}","templated":true}]}}