{"id":974,"date":"2022-12-01T12:15:43","date_gmt":"2022-12-01T11:15:43","guid":{"rendered":"https:\/\/tadanoworld.com\/europe\/hybrid-concept-study\/"},"modified":"2023-08-07T11:10:39","modified_gmt":"2023-08-07T11:10:39","slug":"hybrid-concept-study","status":"publish","type":"page","link":"https:\/\/tadanoworld.com\/europe\/de\/hybrid-concept-study\/","title":{"rendered":"AC Hybrid-Konzept"},"content":{"rendered":"\n<section class=\"group-blurred-background\">\n  <div class=\"group-blurred-background__container\">\n    <div class=\"group-blurred-background__inner\">\n      \n\n<h2 class=\"wp-block-heading\"><strong><strong>Blick in die Zukunft: AC Hybrid-Konzept mit elektrifiziertem Oberwagen<\/strong>&nbsp;<\/strong><\/h2>\n\n\n\n<p><strong><strong>Die Zukunft ist elektrisch \u2013 davon sind wir \u00fcberzeugt und haben daher schon heute eine vorausschauende Konzept-Studie mit elektrifiziertem Oberwagen entwickelt. Mit diesem innovativen Technologie-Tr\u00e4ger zeigen wir, dass Tadano schon heute die Weichen stellt, um k\u00fcnftig alle Optionen f\u00fcr einen CO<sub>2<\/sub>-neutralen Kranbetrieb nutzen zu k\u00f6nnen.<\/strong>&nbsp;<\/strong><\/p>\n\n\n\n<figure class=\"wp-block-image size-large\"><img decoding=\"async\" src=\"https:\/\/tadanoworld.com\/europe\/wp-content\/uploads\/sites\/2\/2023\/01\/bauma2022_MISC-80-1024x683.jpg\" alt=\"\" class=\"wp-image-2534\" \/><\/figure>\n\n\n\n<p><strong>Entwicklungsziel 1: hohe Praxistauglichkeit<\/strong>&nbsp;<\/p>\n\n\n\n<p>Das Besondere an der Tadano Hybrid-Studie: Der Kran ist uneingeschr\u00e4nkt funktionsf\u00e4hig und unter allen Einsatzbedingungen vollst\u00e4ndig autark. Das verdankt er seinem flexiblen Energieversorgungs-Konzept. Denn der Betrieb des elektrischen Oberwagens erfolgt wahlweise:&nbsp;<\/p>\n\n\n\n<p>&#8211; \u00fcber die integrierte Batterie&nbsp;<br>&#8211; \u00fcber einen externen Stromanschluss oder&nbsp;<br>&#8211; mit Hilfe eines Generators am Diesel-Motor, der den Strom f\u00fcr den E-Motor liefert.&nbsp;<\/p>\n\n\n\n<p>Ebenfalls bemerkenswert: Das elektrifizierte Konzept des Oberwagens erm\u00f6glicht bei externer Stromversorgung die Nutzung von 32- und 63-A-Anschl\u00fcssen.&nbsp;<\/p>\n\n\n\n<p>Weitere Vorteile: Arbeitsgeschwindigkeit und Hubleistung des Elektromotors liegen auf dem Niveau eines Diesel-Antriebs, zudem er ist unter allen Hubbedingungen deutlich leiser.&nbsp;<\/p>\n\n\n\n<p><strong>Entwicklungsziel 2: konkurrenzf\u00e4higes Kosten-Nutzen-Verh\u00e4ltnis<\/strong>&nbsp;<\/p>\n\n\n\n<p>Die Konzept-Studie erreicht einen Systemwirkungsgrad von etwa 85 Prozent und damit eine mehr als doppelt so hohe Energie-Ausnutzung wie ein effizienter Dieselmotor. Daraus resultiert eine deutlich bessere CO2-Bilanz des Hybrid-Konzepts, das gegen\u00fcber einem dieselbetriebenen Oberwagen im Durchschnitt etwa 50 Prozent CO2 einspart.\u00a0<\/p>\n\n\n\n<p>Und auch bei den Betriebs-Kosten kann das Hybrid-Konzept punkten:&nbsp;<\/p>\n\n\n\n<p>&#8211; Batterie und Elektromotor sind deutlich weniger wartungsintensiv als Diesel-Motoren mit ihren aufw\u00e4ndigen Abgassystemen.&nbsp;<br>&#8211; Entsprechend gering ist der Schulungsumfang f\u00fcr Wartung und Service des elektrifizierten Oberwagens.&nbsp;<br>&#8211; Da die Bedienung des Krans sich nicht vom konventionellen Betrieb unterscheidet, sind keine speziellen Schulungen notwendig.&nbsp;<\/p>\n\n\n\n<p>Die aktuell h\u00f6heren Anschaffungskosten im Vergleich zu einem konventionellen Kran w\u00fcrden sich daher \u00fcber den Lebenszyklus des Fahrzeugs aufgrund der g\u00fcnstigeren Betriebskosten amortisieren.&nbsp;<\/p>\n\n\n\n<p><strong>Entwicklungsziel 3: robuste und langlebige Batterie-Technik<\/strong>&nbsp;<\/p>\n\n\n\n<p>Zur positiven Kostenbilanz tr\u00e4gt auch die eingesetzte Batterie bei:&nbsp;<\/p>\n\n\n\n<p>&#8211; Sie besitzt nach 3.000 vollst\u00e4ndigen Ladezyklen noch rund 80 Prozent ihrer urspr\u00fcnglichen Ladekapazit\u00e4t.&nbsp;<br>&#8211; Sie ist unempfindlich gegen\u00fcber staubigen Umgebungen und niedrigen Temperaturen.&nbsp;<br>&#8211; Bei extremen Minus-Graden heizt ein Thermo-Management-System die Batterie vor und h\u00e4lt sie permanent im optimalen Temperatur-Bereich.&nbsp;<\/p>\n\n\n    <\/div>\n  <\/div>\n<\/section><script type=\"text\/javascript\">const useMetricTxt =\"Verwende Metrisch\"; const useImperialTxt =\"Verwende Imperial\";<\/script>","protected":false},"excerpt":{"rendered":"","protected":false},"author":2,"featured_media":0,"parent":0,"menu_order":0,"comment_status":"closed","ping_status":"closed","template":"","meta":{"_acf_changed":false,"footnotes":""},"class_list":["post-974","page","type-page","status-publish","hentry"],"acf":[],"_links":{"self":[{"href":"https:\/\/tadanoworld.com\/europe\/de\/wp-json\/wp\/v2\/pages\/974","targetHints":{"allow":["GET"]}}],"collection":[{"href":"https:\/\/tadanoworld.com\/europe\/de\/wp-json\/wp\/v2\/pages"}],"about":[{"href":"https:\/\/tadanoworld.com\/europe\/de\/wp-json\/wp\/v2\/types\/page"}],"author":[{"embeddable":true,"href":"https:\/\/tadanoworld.com\/europe\/de\/wp-json\/wp\/v2\/users\/2"}],"replies":[{"embeddable":true,"href":"https:\/\/tadanoworld.com\/europe\/de\/wp-json\/wp\/v2\/comments?post=974"}],"version-history":[{"count":5,"href":"https:\/\/tadanoworld.com\/europe\/de\/wp-json\/wp\/v2\/pages\/974\/revisions"}],"predecessor-version":[{"id":1287,"href":"https:\/\/tadanoworld.com\/europe\/de\/wp-json\/wp\/v2\/pages\/974\/revisions\/1287"}],"wp:attachment":[{"href":"https:\/\/tadanoworld.com\/europe\/de\/wp-json\/wp\/v2\/media?parent=974"}],"curies":[{"name":"wp","href":"https:\/\/api.w.org\/{rel}","templated":true}]}}