{"id":981,"date":"2022-05-24T08:22:42","date_gmt":"2022-05-24T08:22:42","guid":{"rendered":"https:\/\/tadanoworld.com\/europe\/boom-booster\/"},"modified":"2022-10-06T14:04:12","modified_gmt":"2022-10-06T14:04:12","slug":"boom-booster","status":"publish","type":"page","link":"https:\/\/tadanoworld.com\/europe\/de\/boom-booster\/","title":{"rendered":"Boom Booster"},"content":{"rendered":"\n<section class=\"group-blurred-background\">\n  <div class=\"group-blurred-background__container\">\n    <div class=\"group-blurred-background__inner\">\n      \n\n<h2 class=\"wp-block-heading\">Boom Booster Kits<\/h2>\n\n\n\n<p>Das Tadano \u201eBoom Booster-Kit\u201c f\u00fcr die CC 38.650-1 und CC 88.1600-1 Gittermast-Raupenkrane bringt die Tragf\u00e4higkeit auf neue H\u00f6hen, besonders bei der Nutzung steiler und langer Auslegerkonfigurationen. Ob f\u00fcr einen neuen Kran oder als Nachr\u00fcstsatz f\u00fcr vorhandene Krane in Ihrem Fuhrpark: der Boom Booster erh\u00f6ht die Steifigkeit des Hauptauslegers und steigert so die Leistung ihres Krans sowie die m\u00f6gliche L\u00e4nge des Hauptauslegers.<\/p>\n\n\n\n<p>Der unter intensiver Einbeziehung vieler Kundenw\u00fcnsche entwickelte Boom Booster erh\u00f6ht die Einsatzflexibilit\u00e4t der Modelle CC&nbsp;38.650-1 und CC&nbsp;88.1600-1, da sie in die Lage versetzt, gr\u00f6\u00dfere Krane h\u00f6herer Tragf\u00e4higkeitsklassen zu \u00fcbertreffen. Mit der installierten Zusatzausstattung spielen diese Krane in Schwerlastanwendungen mit langen Auslegerkonfigurationen ihre St\u00e4rken aus, wie zum Beispiel in petrochemischen Anlagen, beim Aufbau von Windkraftanlagen oder in Kraftwerksprojekten.<\/p>\n\n\n\n<p>Erg\u00e4nzen Sie den Boom Booster um die Tadano Innovationen Split Tray und Flex Frame, erhalten Sie noch mehr Flexibilit\u00e4t, verk\u00fcrzen die R\u00fcstzeiten und verbessern die Effizienz jedes einzelnen Hubvorgangs.<\/p>\n\n\n\n<p>Verlassen Sie sich auf den Boom Booster &#8230;<br>\u00b7 Mehr Hubleistung<br>\u00b7 Schneller, kosteneffizienter Transport<br>\u00b7 Schnelle Montage<\/p>\n\n\n\n<p><img decoding=\"async\" src=\"https:\/\/assets.onetadano.com\/celum_assets\/CC 8800-1 Boom Booster US 3.jpg\"><\/p>\n\n\n\n<h2 class=\"wp-block-heading\">Schwere H\u00fcbe<\/h2>\n\n\n\n<p>Das Boom Booster-Kit wurde entwickelt, um die Vielseitigkeit des Krans in besonders anspruchsvollen Einsatzszenarios zu erh\u00f6hen. Seine kompakte Einrohr-Konstruktion erlaubt es, extrem schwere Lasten mit langen Auslegersystemen zu heben.<\/p>\n\n\n\n<p>Durch die fast dreifache Verbreiterung des Auslegers im Vergleich zum Standardausleger erh\u00f6ht der Boom Booster die Steifigkeit des Auslegers, was die Tragf\u00e4higkeit des CC&nbsp;38.650-1 um bis zu 30&nbsp;% steigert \u2013 und sogar um mehr als 90&nbsp;% beim CC&nbsp;88.1600-1. Mit montiertem Boom Booster bew\u00e4ltigt der CC&nbsp;38.650-1 Projekte, die normalerweise Raupenkranen der 750-Tonnen-Tragf\u00e4higkeitsklasse vorbehalten sind. Der CC&nbsp;88.1600-1 \u00fcbertrifft sogar Krane der 1.000- bis 2.000-Tonnen-Klasse und in einigen F\u00e4llen sogar der 3.000-Tonnen-Tragf\u00e4higkeitsklasse.<\/p>\n\n\n\n<h2 class=\"wp-block-heading\">Kosteng\u00fcnstiger Transport<\/h2>\n\n\n\n<p>Bei der Konzeption des Boom Booster wurde viel Wert darauf gelegt, die Anzahl der Ladungen und die Kosten f\u00fcr den Transport zu reduzieren. F\u00fcr einen einfachenTransport ist die Gesamtbreite des Booster-Kit f\u00fcr den CC&nbsp;38.650-1 auf 3,5&nbsp;m begrenzt. Beim Transport lassen sich zwei zus\u00e4tzliche Standard-Auslegersegmente im Boom Booster-Kit verstauen, sodass beim Transport zum Einsatzort mindestens ein LKW weniger ben\u00f6tigt wird. Je nach Konfiguration lassen sich hier mindestens 1000&nbsp;\u20ac einsparen Wird der Kran zu einem in der N\u00e4he gelegenen Einsatzort versetzt, kann er mit einer Auslegerl\u00e4nge von bis zu 94,5&nbsp;m selbst fahren, was bis zu f\u00fcnf Stunden Montage\/Demontage einspart, sodass die Kosten weiter sinken.<br><br>Beim Transport in offenen 12,2-Meter-Standardcontainern ben\u00f6tigt das vollst\u00e4ndige, 72&nbsp;m lange Boom Booster-Kit des CC&nbsp;88.1600-1 insgesamt neun LKW-Ladungen \u2013 dies gilt f\u00fcr Regionen, in denen das vorgeschriebene Fahrzeuggewicht auf 28&nbsp;t begrenzt ist. Hierbei passt jedes Zwischensegment in seinen eigenen Container, w\u00e4hrend die oberen und unteren Adapter jeweils zwei Container beanspruchen. Beim Transport des Kits in 40-Tonnen-Containern sind demgegen\u00fcber nur sieben Lkw-Ladungen erforderlich, was die Transportkosten erheblich senkt.<\/p>\n\n\n\n<h2 class=\"wp-block-heading\">Schnelle Montage<\/h2>\n\n\n\n<p>Eine innovative Steckbolzenverbindung macht Schrauben beim Aufbau des Boom Booster \u00fcberfl\u00fcssig und gew\u00e4hrleistet somit eine schnellere und einfachere Montage vor Ort. Um die Montage des Kits weiter zu beschleunigen, k\u00f6nnen die Auslegersegmente zudem teilvormontiert angeliefert werden. Sowohl die Zwischen- als auch die Adaptersegmente sind mit dem preisgekr\u00f6nten Tadano Absturzsicherungssystem und Laufstegen ausgestattet, die bei Arbeiten in der H\u00f6he zur Montage der Segmente maximale Sicherheit gew\u00e4hrleisten.<\/p>\n\n\n    <\/div>\n  <\/div>\n<\/section>\n\n\n<p><\/p>\n\n\n\n<p><\/p>\n<script type=\"text\/javascript\">const useMetricTxt =\"Verwende Metrisch\"; const useImperialTxt =\"Verwende Imperial\";<\/script>","protected":false},"excerpt":{"rendered":"","protected":false},"author":4,"featured_media":0,"parent":0,"menu_order":0,"comment_status":"closed","ping_status":"closed","template":"","meta":{"_acf_changed":false,"footnotes":""},"class_list":["post-981","page","type-page","status-publish","hentry"],"acf":[],"_links":{"self":[{"href":"https:\/\/tadanoworld.com\/europe\/de\/wp-json\/wp\/v2\/pages\/981","targetHints":{"allow":["GET"]}}],"collection":[{"href":"https:\/\/tadanoworld.com\/europe\/de\/wp-json\/wp\/v2\/pages"}],"about":[{"href":"https:\/\/tadanoworld.com\/europe\/de\/wp-json\/wp\/v2\/types\/page"}],"author":[{"embeddable":true,"href":"https:\/\/tadanoworld.com\/europe\/de\/wp-json\/wp\/v2\/users\/4"}],"replies":[{"embeddable":true,"href":"https:\/\/tadanoworld.com\/europe\/de\/wp-json\/wp\/v2\/comments?post=981"}],"version-history":[{"count":0,"href":"https:\/\/tadanoworld.com\/europe\/de\/wp-json\/wp\/v2\/pages\/981\/revisions"}],"wp:attachment":[{"href":"https:\/\/tadanoworld.com\/europe\/de\/wp-json\/wp\/v2\/media?parent=981"}],"curies":[{"name":"wp","href":"https:\/\/api.w.org\/{rel}","templated":true}]}}