{"id":982,"date":"2022-08-02T10:00:14","date_gmt":"2022-08-02T08:00:14","guid":{"rendered":"https:\/\/tadanoworld.com\/europe\/capacity-radar\/"},"modified":"2022-08-02T10:00:14","modified_gmt":"2022-08-02T08:00:14","slug":"capacity-radar","status":"publish","type":"page","link":"https:\/\/tadanoworld.com\/europe\/de\/capacity-radar\/","title":{"rendered":"Capacity radar"},"content":{"rendered":"\n<section class=\"group-blurred-background\">\n  <div class=\"group-blurred-background__container\">\n    <div class=\"group-blurred-background__inner\">\n      \n\n<h2 class=\"wp-block-heading\">Maximale Sicherheit bei jedem Hub: mit dem Tadano Kapazit\u00e4ts-Radar in IC-1 Plus<\/h2>\n\n\n\n<p>Der Kapazit\u00e4ts-Radar in der Tadano Kransteuerung IC-1 Plus erfreut sich bei Kranf\u00fchrern in aller Welt gr\u00f6\u00dfter Beleibtheit \u2013 und das aus gutem Grund: Denn diese intuitiv ablesbare Anzeige sorgt vor allem bei komplexeren H\u00fcben f\u00fcr h\u00f6chste Sicherheit.<\/p>\n\n\n\n<figure class=\"wp-block-image size-large\"><img decoding=\"async\" src=\"https:\/\/tadanoworld.com\/europe\/wp-content\/uploads\/sites\/2\/2023\/01\/capacityradar-1024x819.jpg\" alt=\"\" class=\"wp-image-1034\" \/><\/figure>\n\n\n\n<h2 class=\"wp-block-heading\">Arbeiten im gr\u00fcnen Bereich<\/h2>\n\n\n\n<p>Das Steuerungssystem IC-1 Plus ermittelt die Tragf\u00e4higkeit des Krans f\u00fcr jede Auslegerstellung in Abh\u00e4ngigkeit vom Drehwinkel des Oberwagens und der Kapazit\u00e4ts-Radar zeigt darauf basierend unter Ber\u00fccksichtigung der Auslegerposition den aktuell zul\u00e4ssigen Arbeitsbereich an.<br><br>Die Visualisierung der maximalen Tragf\u00e4higkeit ist wie bei einem Tortendiagramm als Kreissektor ausgef\u00fchrt, der einen Schwenkwinkel von +\/- 30\u00b0 sowie den m\u00f6glichen Radiusbereich abh\u00e4ngig von der Auslegerl\u00e4nge abdeckt.<br><br>Die Interpretation des farbig unterteilten Kreissektors ist denkbar einfach: Befindet sich die als schwarzes Quadrat dargestellte Last im gr\u00fcnen Bereich, ist der Hub \u201esafe\u201c. Bewegt sich die Last in Richtung \u201eGelb\u201c, n\u00e4hert sie sich einer Traglastauslastung von 90% und bei \u201eRot\u201c ist die maximale Tragf\u00e4higkeit \u00fcberschritten.<\/p>\n\n\n\n<h2 class=\"wp-block-heading\">Automatische Abschaltung<\/h2>\n\n\n\n<p>Bevor es zu einer gef\u00e4hrlichen \u00dcberlastungs-Situation kommen kann, schaltet IC-1 Plus den Kran automatisch und kontrolliert ab. Das hei\u00dft: Die Kranbewegungen werden bereits vor dem Erreichen der Auslastungsgrenze behutsam verlangsamt, sodass die Last nicht ins Pendeln geraten kann \u2013 so macht der Kapazit\u00e4ts-Radar jeden Hub zu einer sicheren Sache!<\/p>\n\n\n    <\/div>\n  <\/div>\n<\/section><script type=\"text\/javascript\">const useMetricTxt =\"Verwende Metrisch\"; const useImperialTxt =\"Verwende Imperial\";<\/script>","protected":false},"excerpt":{"rendered":"","protected":false},"author":4,"featured_media":0,"parent":0,"menu_order":0,"comment_status":"closed","ping_status":"closed","template":"","meta":{"_acf_changed":false,"footnotes":""},"class_list":["post-982","page","type-page","status-publish","hentry"],"acf":[],"_links":{"self":[{"href":"https:\/\/tadanoworld.com\/europe\/de\/wp-json\/wp\/v2\/pages\/982","targetHints":{"allow":["GET"]}}],"collection":[{"href":"https:\/\/tadanoworld.com\/europe\/de\/wp-json\/wp\/v2\/pages"}],"about":[{"href":"https:\/\/tadanoworld.com\/europe\/de\/wp-json\/wp\/v2\/types\/page"}],"author":[{"embeddable":true,"href":"https:\/\/tadanoworld.com\/europe\/de\/wp-json\/wp\/v2\/users\/4"}],"replies":[{"embeddable":true,"href":"https:\/\/tadanoworld.com\/europe\/de\/wp-json\/wp\/v2\/comments?post=982"}],"version-history":[{"count":1,"href":"https:\/\/tadanoworld.com\/europe\/de\/wp-json\/wp\/v2\/pages\/982\/revisions"}],"predecessor-version":[{"id":983,"href":"https:\/\/tadanoworld.com\/europe\/de\/wp-json\/wp\/v2\/pages\/982\/revisions\/983"}],"wp:attachment":[{"href":"https:\/\/tadanoworld.com\/europe\/de\/wp-json\/wp\/v2\/media?parent=982"}],"curies":[{"name":"wp","href":"https:\/\/api.w.org\/{rel}","templated":true}]}}