{"id":984,"date":"2022-08-02T09:56:17","date_gmt":"2022-08-02T07:56:17","guid":{"rendered":"https:\/\/tadanoworld.com\/europe\/compact-design\/"},"modified":"2022-08-02T09:56:17","modified_gmt":"2022-08-02T07:56:17","slug":"compact-design","status":"publish","type":"page","link":"https:\/\/tadanoworld.com\/europe\/de\/compact-design\/","title":{"rendered":"Compact Design"},"content":{"rendered":"\n<section class=\"group-blurred-background\">\n  <div class=\"group-blurred-background__container\">\n    <div class=\"group-blurred-background__inner\">\n      \n\n<h2 class=\"wp-block-heading\">Tadano: Stark in der Leistung \u2013 kompakt im Design<\/h2>\n\n\n\n<p>Wenn es darum geht, maximale Leistung auf engem Raum zu realisieren, macht den Tadano Ingenieuren und Technikern niemand etwas vor. Denn dieser Anspruch hat bei uns Tradition und ist erkl\u00e4rtes Entwicklungsziel \u2013 schlie\u00dflich wollen wir, dass unsere Kunden mit ihren Tadano Kranen auch auf engste Baustellen gelangen und dort maximale Leistung entfalten k\u00f6nnen, um ihre Jobs sicher zu erledigen.<\/p>\n\n\n\n<figure class=\"wp-block-image size-large\"><img decoding=\"async\" src=\"https:\/\/tadanoworld.com\/europe\/wp-content\/uploads\/sites\/2\/2023\/01\/compact2-1024x768.jpg\" alt=\"\" class=\"wp-image-1023\" \/><\/figure>\n\n\n\n<h2 class=\"wp-block-heading\">Daran lassen wir uns messen<\/h2>\n\n\n\n<p>Die kompakte Bauweise unserer Maschinen ist f\u00fcr viele unserer Kunden ein wichtiges Kriterium bei der Entscheidung f\u00fcr einen Tadano Kran \u2013 und das hat auch seinen Grund: Denn die Baustellen werden heutzutage tendenziell immer enger und auch in Innenst\u00e4dten gibt es nicht zuletzt durch den zunehmenden Verkehr immer mehr Engstellen. Diese Rahmenbedingungen ber\u00fccksichtigen wir deshalb bereits zu Beginn der Entwicklung jedes einzelnen neuen Krans.<\/p>\n\n\n\n<h2 class=\"wp-block-heading\">Wenn jeder Zentimeter z\u00e4hlt \u2026<\/h2>\n\n\n\n<p>\u2026 f\u00fchrt deshalb an den kompakten Tadano Kranen in den allermeisten Leistungsklassen in der Regel kein Weg vorbei \u2013 zum Beispiel am <strong><a href=\"https:\/\/tadanoworld.com\/europe\/de\/hebetechnik\/all-terrain-krane\/ac-4-080-1\/\" data-type=\"products\" data-id=\"1376\">Tadano AC 4.080-1<\/a><\/strong>, dem kompaktesten 4-Achser im Markt oder am <strong><a href=\"https:\/\/tadanoworld.com\/europe\/de\/hebetechnik\/all-terrain-krane\/ac-7-450-1\/\" data-type=\"products\" data-id=\"1379\">Tadano AC 7.450-1<\/a><\/strong>, dessen Unterwagen nicht l\u00e4nger ist als der eines 6-Achsers. Und der <strong>Tadano AC 8.500-1<\/strong> ist ebenfalls deutlich k\u00fcrzer als vergleichbare Wettbewerbsmodelle.<br><br>Buchst\u00e4blich Ma\u00dfst\u00e4be setzt auch der <strong>Tadano AC 4.100L-1: <\/strong>Er ist der einzige Kran der 100-Tonnen-Klasse, dessen Standard-Unterwagen selbst bei gro\u00dfer Bereifung (445\/95R25) nur 2,55 Meter in der Breite misst. Und \u00fcber die <strong><a href=\"https:\/\/tadanoworld.com\/europe\/de\/hebetechnik\/City-Krane\/ac-3-045-1-city\/\" data-type=\"products\" data-id=\"1383\">Tadano City Krane<\/a><\/strong> braucht man ohnehin kein Wort zu verlieren \u2013 sie sind quasi ein Synonym f\u00fcr besonders kompakte Krane.<\/p>\n\n\n    <\/div>\n  <\/div>\n<\/section><script type=\"text\/javascript\">const useMetricTxt =\"Verwende Metrisch\"; const useImperialTxt =\"Verwende Imperial\";<\/script>","protected":false},"excerpt":{"rendered":"","protected":false},"author":4,"featured_media":0,"parent":0,"menu_order":0,"comment_status":"closed","ping_status":"closed","template":"","meta":{"_acf_changed":false,"footnotes":""},"class_list":["post-984","page","type-page","status-publish","hentry"],"acf":[],"_links":{"self":[{"href":"https:\/\/tadanoworld.com\/europe\/de\/wp-json\/wp\/v2\/pages\/984","targetHints":{"allow":["GET"]}}],"collection":[{"href":"https:\/\/tadanoworld.com\/europe\/de\/wp-json\/wp\/v2\/pages"}],"about":[{"href":"https:\/\/tadanoworld.com\/europe\/de\/wp-json\/wp\/v2\/types\/page"}],"author":[{"embeddable":true,"href":"https:\/\/tadanoworld.com\/europe\/de\/wp-json\/wp\/v2\/users\/4"}],"replies":[{"embeddable":true,"href":"https:\/\/tadanoworld.com\/europe\/de\/wp-json\/wp\/v2\/comments?post=984"}],"version-history":[{"count":1,"href":"https:\/\/tadanoworld.com\/europe\/de\/wp-json\/wp\/v2\/pages\/984\/revisions"}],"predecessor-version":[{"id":985,"href":"https:\/\/tadanoworld.com\/europe\/de\/wp-json\/wp\/v2\/pages\/984\/revisions\/985"}],"wp:attachment":[{"href":"https:\/\/tadanoworld.com\/europe\/de\/wp-json\/wp\/v2\/media?parent=984"}],"curies":[{"name":"wp","href":"https:\/\/api.w.org\/{rel}","templated":true}]}}