{"id":987,"date":"2022-05-24T08:21:28","date_gmt":"2022-05-24T08:21:28","guid":{"rendered":"https:\/\/tadanoworld.com\/europe\/flex-base\/"},"modified":"2022-10-06T14:02:37","modified_gmt":"2022-10-06T14:02:37","slug":"flex-base","status":"publish","type":"page","link":"https:\/\/tadanoworld.com\/europe\/de\/flex-base\/","title":{"rendered":"Flex Base"},"content":{"rendered":"\n<div class=\"wp-block-group\"><div class=\"wp-block-group__inner-container is-layout-flow wp-block-group-is-layout-flow\"><\/div><\/div>\n\n\n\n<section class=\"group-blurred-background\">\n  <div class=\"group-blurred-background__container\">\n    <div class=\"group-blurred-background__inner\">\n      \n\n<h2 class=\"wp-block-heading\">FLEX BASE<\/h2>\n\n\n\n<p>Aufgrund ihrer wendigen und kompakten Konstruktion werden Tadano All-Terrain-Krane h\u00e4ufig eingesetzt, wenn der Platz begrenzt ist. F\u00fcr ihre Eins\u00e4tze ben\u00f6tigen sie die passende Kombination aus Auslegerl\u00e4nge, Tragf\u00e4higkeit und innovative Ausstattungsmerkmalen zur Optimierung ihrer Leistungswerte.<\/p>\n\n\n\n<p>Tadano ist diese Herausforderung mit einer ausgefeilten Erweiterung seines IC-1&nbsp;Plus Steuerungssystem angegangen, die eine flexiblere Nutzung der Abst\u00fctzungen erlaubt, um in vielen Einsatzszenarios noch mehr Leistung bieten zu k\u00f6nnen. Die All-Terrain-Krane von Tadano bieten:<br>\u00b7 Flex Base, die stufenlose Abst\u00fctzungspositionierung<br>\u00b7 Optimierte Tragf\u00e4higkeiten<\/p>\n\n\n\n<p><img decoding=\"async\" src=\"https:\/\/assets.onetadano.com\/celum_assets\/AC4080-1_Flexbase.jpg\"><\/p>\n\n\n\n<p><\/p>\n\n\n\n<h2 class=\"wp-block-heading\">Flexible Positionierung der Abst\u00fctzungen<\/h2>\n\n\n\n<p>Tadano Flex Base, das stufenlose Abst\u00fctzungssystem verschafft Ihnen das entscheidende Leistungsplus bei Arbeiten auf engem Raum, indem es die Vielseitigkeit des Krans erh\u00f6ht. Es macht Schluss mit der Tragf\u00e4higkeitsberechnung anhand fester Abst\u00fctzungspositionen. Mit Flex Base kann jede Abst\u00fctzung in jede Stellung innerhalb ihrer Reichweite gebracht werden \u2013 beispielsweise direkt an ein Hindernis heran, um in jedem Szenario die gr\u00f6\u00dftm\u00f6gliche Abst\u00fctzfl\u00e4che zu erreichen.<\/p>\n\n\n\n<h2 class=\"wp-block-heading\">Optimierte Tragf\u00e4higkeiten<\/h2>\n\n\n\n<p>Flex Base ist eine Erg\u00e4nzung zu unserer IC-1&nbsp;Plus Steuerungssoftware. In IC-1&nbsp;Plus sind die Traglastdiagramme f\u00fcr jede Krankonfiguration hinterlegt und es erkennt automatisch die Abst\u00fctzungspositionierung, das vorhandene Gegengewicht, den Oberwagen-Drehwinkel, die Hauptauslegerl\u00e4nge und die Teleskopiersequenz. Aus diesen Werten ermittelt das System die Tragf\u00e4higkeit f\u00fcr jede Auslegerposition in Abh\u00e4ngigkeit vom Drehwinkel des Oberwagens. Das Ergebnis \u2013 optimierte Tragf\u00e4higkeiten, wenn die Abst\u00fctzungen weiter ausgefahren werden k\u00f6nnen als die fest vorgegebenen Positionen herk\u00f6mmlicher Systeme. Somit bietet der Kran selbst an extrem beengten Einsatzorten die maximal m\u00f6gliche Tragf\u00e4higkeit und sch\u00f6pft sein tats\u00e4chliches Potenzial vollst\u00e4ndig aus. <br><br>Tadano AC-Krane mit IC-1&nbsp;Plus inklusive Flex Base \u2013 f\u00fcr leidenschaftliche Kranbetreiber. #TadanoDNA.<\/p>\n\n\n    <\/div>\n  <\/div>\n<\/section><script type=\"text\/javascript\">const useMetricTxt =\"Verwende Metrisch\"; const useImperialTxt =\"Verwende Imperial\";<\/script>","protected":false},"excerpt":{"rendered":"","protected":false},"author":4,"featured_media":0,"parent":0,"menu_order":0,"comment_status":"closed","ping_status":"closed","template":"","meta":{"_acf_changed":false,"footnotes":""},"class_list":["post-987","page","type-page","status-publish","hentry"],"acf":[],"_links":{"self":[{"href":"https:\/\/tadanoworld.com\/europe\/de\/wp-json\/wp\/v2\/pages\/987","targetHints":{"allow":["GET"]}}],"collection":[{"href":"https:\/\/tadanoworld.com\/europe\/de\/wp-json\/wp\/v2\/pages"}],"about":[{"href":"https:\/\/tadanoworld.com\/europe\/de\/wp-json\/wp\/v2\/types\/page"}],"author":[{"embeddable":true,"href":"https:\/\/tadanoworld.com\/europe\/de\/wp-json\/wp\/v2\/users\/4"}],"replies":[{"embeddable":true,"href":"https:\/\/tadanoworld.com\/europe\/de\/wp-json\/wp\/v2\/comments?post=987"}],"version-history":[{"count":0,"href":"https:\/\/tadanoworld.com\/europe\/de\/wp-json\/wp\/v2\/pages\/987\/revisions"}],"wp:attachment":[{"href":"https:\/\/tadanoworld.com\/europe\/de\/wp-json\/wp\/v2\/media?parent=987"}],"curies":[{"name":"wp","href":"https:\/\/api.w.org\/{rel}","templated":true}]}}