{"id":991,"date":"2022-05-24T08:21:50","date_gmt":"2022-05-24T08:21:50","guid":{"rendered":"https:\/\/tadanoworld.com\/europe\/ic-1-plus\/"},"modified":"2022-10-06T14:27:24","modified_gmt":"2022-10-06T14:27:24","slug":"ic-1-plus","status":"publish","type":"page","link":"https:\/\/tadanoworld.com\/europe\/de\/ic-1-plus\/","title":{"rendered":"IC-1 Plus"},"content":{"rendered":"\n<section class=\"group-blurred-background\">\n  <div class=\"group-blurred-background__container\">\n    <div class=\"group-blurred-background__inner\">\n      \n\n<h2 class=\"wp-block-heading\">IC-1 Plus<\/h2>\n\n\n\n<p>Vorberechnete 360\u00b0-Traglasttabellen schr\u00e4nken die Tragf\u00e4higkeit eines All-Terrain-Krans erheblich ein. Das gilt im Besonderen, wenn Sie nicht \u00fcber die Abst\u00fctzungen heben oder an beengten Projektstandorten, die eine asymmetrische Positionierung der Abst\u00fctzungen erfordern.<\/p>\n\n\n\n<p>Tadano All-Terrain- und City-Krane mit dem IC-1&nbsp;Plus Steuerungssystem erlauben Unternehmen mehr Flexibilit\u00e4t bei der Hub- und Krankonfiguration, indem sie die Wahlm\u00f6glichkeit zwischen einer 360\u00b0-Minimum-Berechnung oder einer Maximum-Traglasttabellenermittlung in Echtzeit bieten. Mit IC-1&nbsp;Plus k\u00f6nnen Sie:<br>\u00b7 Mit weniger Aufwand mehr leisten<br>\u00b7 Die maximal m\u00f6gliche Tragf\u00e4higkeit des Krans freisetzen<br>\u00b7 Mehr Sicherheit und Effizienz im Kraneinsatz erreichen<\/p>\n\n\n\n<p class=\"has-text-align-center\"><img decoding=\"async\" src=\"https:\/\/tadanoworld.com\/wp-content\/uploads\/2022\/06\/IC-1Plus.jpg\"><\/p>\n\n\n\n<h2 class=\"wp-block-heading\">Maximale Tragf\u00e4higkeit<\/h2>\n\n\n\n<p>Mit IC-1 Plus nutzen Sie die f\u00fcr die jeweilige Konfiguration maximal verf\u00fcgbare Tragf\u00e4higkeit und nutzen so das tats\u00e4chliche Potenzial des Krans. IC-1&nbsp;Plus enth\u00e4lt die Traglasttabellen des Krans f\u00fcr jede Konfiguration und ermittelt die Tragf\u00e4higkeit f\u00fcr jede Auslegerposition in Abh\u00e4ngigkeit vom Drehwinkel des Oberwagens.<\/p>\n\n\n\n<p>An beengten Einsatzorten, wo die Abst\u00fctzungen nur asymmetrisch ausgefahren werden k\u00f6nnen, ist der Kran somit nicht mehr auf den geringsten Wert einer vorberechneten 360\u00b0-Tragf\u00e4higkeit begrenzt. Da IC-1 Plus die Tragf\u00e4higkeit direkt in der Kabine anzeigt, kann der Kranfahrer den Kran so positionieren, um den Hub \u00fcber die Abst\u00fctzungen zu nutzen, wo die Tragf\u00e4higkeit am h\u00f6chsten ist.<\/p>\n\n\n\n<h2 class=\"wp-block-heading\">Intuitiv und effizient<\/h2>\n\n\n\n<p>Tadano All-Terrain- und City-Krane verf\u00fcgen \u00fcber ein automatisches Gegengewichts-R\u00fcstsystem, das Arbeiten in der H\u00f6he vermeidet und die R\u00fcstzeit des Krans zugunsten der Effizienz deutlich verk\u00fcrzt. IC-1&nbsp;Plus erkennt die Gegengewicht-Konfiguration und ermittelt automatisch die m\u00f6glichen Tragf\u00e4higkeiten des Krans.<\/p>\n\n\n\n<p>W\u00e4hrend andere Systeme die Tragf\u00e4higkeit in 10-Grad-Schritten aktualisieren zeigt das Tragf\u00e4higkeitsradar von IC-1&nbsp;Plus dem Kranfahrer die aktuelle Tragf\u00e4higkeit in Echtzeit, sodass er jederzeit wei\u00df, dass der Kran die Last sicher bew\u00e4ltigen kann. \u00dcber die Einf\u00e4rbung in Gr\u00fcn, Gelb und Rot sieht der Kranfahrer, wenn sich die Last im \u201egr\u00fcnen Bereich\u201c befindet oder wenn sie sich dem \u201egelben Bereich\u201c n\u00e4hert und er entsprechend vorsichtig agieren muss. Der Bildschirm zeigt die maximale Tragf\u00e4higkeit f\u00fcr +\/- 30\u00b0 Schwenkwinkel und den Radiusbereich.<\/p>\n\n\n\n<p>Wenn sich die Last zum gelben Bereich bewegt, wird die Arbeitsgeschwindigkeit reduziert. Bevor eine \u00dcberlastsituation entstehen kann, unterbricht das System automatisch die Kranbewegung.<\/p>\n\n\n\n<p>Das Tadano IC-1&nbsp;Plus Steuerungssystem bietet Ihnen in Kombination mit der asymmetrischen Abst\u00fctzungspositionierung die Flexibilit\u00e4t, einen kleineren Kran einzusetzen oder weniger Gegengewicht transportieren zu m\u00fcssen als mit vorberechneten 360\u00b0-Traglasttabellen \u2013 mit dem Ergebnis einer verbesserten Projekteffizienz. Mit IC-1&nbsp;Plus ben\u00f6tigen Sie weniger Transportfahrzeuge, verk\u00fcrzen die R\u00fcstzeiten und senken unterm Strich Ihre Kosten.<\/p>\n\n\n\n<p>IC-1&nbsp;Plus ist Teil der #TadanoDNA.<\/p>\n\n\n    <\/div>\n  <\/div>\n<\/section><script type=\"text\/javascript\">const useMetricTxt =\"Verwende Metrisch\"; const useImperialTxt =\"Verwende Imperial\";<\/script>","protected":false},"excerpt":{"rendered":"","protected":false},"author":4,"featured_media":0,"parent":0,"menu_order":0,"comment_status":"closed","ping_status":"closed","template":"","meta":{"_acf_changed":false,"footnotes":""},"class_list":["post-991","page","type-page","status-publish","hentry"],"acf":[],"_links":{"self":[{"href":"https:\/\/tadanoworld.com\/europe\/de\/wp-json\/wp\/v2\/pages\/991","targetHints":{"allow":["GET"]}}],"collection":[{"href":"https:\/\/tadanoworld.com\/europe\/de\/wp-json\/wp\/v2\/pages"}],"about":[{"href":"https:\/\/tadanoworld.com\/europe\/de\/wp-json\/wp\/v2\/types\/page"}],"author":[{"embeddable":true,"href":"https:\/\/tadanoworld.com\/europe\/de\/wp-json\/wp\/v2\/users\/4"}],"replies":[{"embeddable":true,"href":"https:\/\/tadanoworld.com\/europe\/de\/wp-json\/wp\/v2\/comments?post=991"}],"version-history":[{"count":0,"href":"https:\/\/tadanoworld.com\/europe\/de\/wp-json\/wp\/v2\/pages\/991\/revisions"}],"wp:attachment":[{"href":"https:\/\/tadanoworld.com\/europe\/de\/wp-json\/wp\/v2\/media?parent=991"}],"curies":[{"name":"wp","href":"https:\/\/api.w.org\/{rel}","templated":true}]}}