{"id":992,"date":"2022-05-24T08:20:28","date_gmt":"2022-05-24T08:20:28","guid":{"rendered":"https:\/\/tadanoworld.com\/europe\/ic-1-remote\/"},"modified":"2022-10-07T06:07:46","modified_gmt":"2022-10-07T06:07:46","slug":"ic-1-remote","status":"publish","type":"page","link":"https:\/\/tadanoworld.com\/europe\/de\/ic-1-remote\/","title":{"rendered":"IC-1 Remote"},"content":{"rendered":"\n<section class=\"group-blurred-background\">\n  <div class=\"group-blurred-background__container\">\n    <div class=\"group-blurred-background__inner\">\n      \n\n<h2 class=\"wp-block-heading\">IC-1 Remote<\/h2>\n\n\n\n<p>Leicht verf\u00fcgbare und relevante Betriebsdaten sind der Schl\u00fcssel zu fundierten betriebswirtschaftlichen Entscheidungen f\u00fcr Ihre Kranflotte. Die hochmoderne Telematikl\u00f6sung IC-1&nbsp;Remote liefert Ihnen die Daten, die Sie zur \u00dcberwachung Ihrer Kranflotte ben\u00f6tigen \u2013 jederzeit und \u00fcberall, wo eine Internetverbindung zur Verf\u00fcgung steht. Die cloudbasierten Daten unterst\u00fctzen Sie dabei, profitablere Investitionen zu t\u00e4tigen, die Auftragsplanung effizienter zu gestalten und durch eine optimierte Wartungsplanung unproduktive Stillstandzeiten zu reduzieren.<br><br>IC-1 Remote ist f\u00fcr fast alle Tadano All-Terrain-Krane mit der IC-1&nbsp;Steuerung sowie f\u00fcr viele Tadano Raupenkrane verf\u00fcgbar. Als kompakte Funkeinheit mit SIM-Karte, die mit einem zentralen Cloud-Server zur Speicherung und \u00dcbertragung der Daten kommuniziert, ist IC-1&nbsp;Remote zudem als Nachr\u00fcstsatz f\u00fcr verschiedene Baureihen von Tadano All-Terrain- und Raupenkranmodellen erh\u00e4ltlich.<\/p>\n\n\n\n<p>IC-1&nbsp;Remote liefert wichtige Daten f\u00fcr die Bereiche \u2026<\/p>\n\n\n\n<p>\u00b7 Flottenmanagement<br>\u00b7 Wartungsplanung<br>\u00b7 Fern-St\u00f6rungsbehebung<\/p>\n\n\n\n<p class=\"has-text-align-center\"><img decoding=\"async\" src=\"https:\/\/tadanoeurope.com\/wp-content\/uploads\/2021\/05\/Demag-IC-1-Remote-1.jpg\"><\/p>\n\n\n\n<h2 class=\"wp-block-heading\">Big Data<\/h2>\n\n\n\n<p>Mit den von IC-1&nbsp;Remote bereitgestellten Daten k\u00f6nnen Sie Ihr Flottenmanagement effizient und datengesteuert gestalten, um eine optimierte Planungseffizienz zu erreichen. Genauso k\u00f6nnen Sie den bisherigen Verlauf der Kraneins\u00e4tze sowohl f\u00fcr abgeschlossene Projekte als auch w\u00e4hrend eines laufenden Einsatzes verfolgen. Auf diese Weise k\u00f6nnen Sie Ihre Angebote optimal anpassen und durch eine intelligente, effiziente Auslastungsanalyse profitablere Investitionen t\u00e4tigen.<br>Mit der Tadano Telematikl\u00f6sung haben Sie den Standort des Krans sowie eine Vielzahl von Betriebskennzahlen immer im Blick, beispielsweise &#8230;<\/p>\n\n\n\n<p>\u00b7 Hauptauslegerl\u00e4nge<br>\u00b7 Hilfsauslegerl\u00e4nge<br>\u00b7 Gegengewicht<br>\u00b7 Abst\u00fctzfl\u00e4che<br>\u00b7 &nbsp;Lastgewicht<br>\u00b7 Arbeitsradius<br>\u00b7 Windgeschwindigkeit<br>\u00b7 F\u00fcllst\u00e4nde \u2013 Kraftstoff, \u00d6l und K\u00fchlmittel<\/p>\n\n\n\n<p>Auf diese \u2013 selbstverst\u00e4ndlich sicher passwortgesch\u00fctzten \u2013 Daten kann von jedem Computer oder Mobilger\u00e4t aus zugegriffen werden, sofern eine Internetverbindung verf\u00fcgbar ist. Der Startbildschirm in Form eines Dashboards bietet autorisierten Benutzern einen allgemeinen \u00dcberblick sowie die Betriebszust\u00e4nde aller mit dem Netzwerk verbundenen Krane der Flotte. Den Zugriff auf die Daten erhalten nur bestimmte Mitarbeiter, w\u00e4hrend die Berichte konfigurierbar sind, sodass alle zielgerichtet mit den ben\u00f6tigten Informationen zur optimalen Entscheidungsfindung versorgt werden.<\/p>\n\n\n\n<h2 class=\"wp-block-heading\">Kranzustand<\/h2>\n\n\n\n<p>IC-1&nbsp;Remote signalisiert Alarme, generiert regelm\u00e4\u00dfig Berichte, hilft bei der Planung der Routinewartung und erm\u00f6glicht die Festlegung verantwortlicher Mitarbeiter, denen die Fehlercodes \u00fcbermittelt werden.<br>Die Tadano Telematikl\u00f6sung informiert Sie \u00fcber geringf\u00fcgige Probleme, sodass sie behoben werden k\u00f6nnen, bevor sie sich zu gr\u00f6\u00dferen, kostspieligeren St\u00f6rungen auswachsen k\u00f6nnen. Dank der Konfigurierbarkeit von IC-1&nbsp;Remote k\u00f6nnen die Servicetechniker bestimmte Wartungsparameter wie die Betriebsstunden der Maschinen und kritische \u00d6lstand-Schwellenwerte definieren, um Benachrichtigungen auszul\u00f6sen, sobald diese Werte erreicht werden.<\/p>\n\n\n\n<p>Mit IC-1&nbsp;Remote sind diese wichtigen Maschinendaten per Mausklick verf\u00fcgbar &#8230;<br>\u00b7 Temperaturen<br>\u00b7 F\u00fcllst\u00e4nde<br>\u00b7 Betriebsstunden<br>\u00b7 Dr\u00fccke<br>\u00b7 Betriebsstunden<\/p>\n\n\n\n<h2 class=\"wp-block-heading\">Fern-St\u00f6rungsbehebung<\/h2>\n\n\n\n<p>Erg\u00e4nzend zum Zugriff durch die Kranfahrer k\u00f6nnen Servicetechniker etwaige Fehlercodes im Portal \u00fcberpr\u00fcfen und kleinere Probleme sofort beheben. Diese M\u00f6glichkeit beschleunigt den Service und verk\u00fcrzt somit deutlich die ben\u00f6tigte Zeit, um einen Kran wieder voll einsatzf\u00e4hig zu machen, was wiederum kostspielige Stillstandzeiten und Unterbrechungen minimiert.<br><br>Oft nachgeahmt, nie erreicht. Bei seiner Einf\u00fchrung war IC-1 Remote das erste Telematiksystem seiner Art.<\/p>\n\n\n<div class=\"download-button-block\">\n\t<div class=\"btn-holder\">\n\t\t<a href=\"https:\/\/tadanoworld.com\/wp-content\/uploads\/2022\/06\/IC1Remote_en_screen.pdf\" class=\"btn btn-outline\" download>\n\t    IC-1 REMOTE BROCHURE\t  <\/a>\n\t<\/div>\n<\/div>\n\n    <\/div>\n  <\/div>\n<\/section><script type=\"text\/javascript\">const useMetricTxt =\"Verwende Metrisch\"; const useImperialTxt =\"Verwende Imperial\";<\/script>","protected":false},"excerpt":{"rendered":"","protected":false},"author":4,"featured_media":0,"parent":0,"menu_order":0,"comment_status":"closed","ping_status":"closed","template":"","meta":{"_acf_changed":false,"footnotes":""},"class_list":["post-992","page","type-page","status-publish","hentry"],"acf":[],"_links":{"self":[{"href":"https:\/\/tadanoworld.com\/europe\/de\/wp-json\/wp\/v2\/pages\/992","targetHints":{"allow":["GET"]}}],"collection":[{"href":"https:\/\/tadanoworld.com\/europe\/de\/wp-json\/wp\/v2\/pages"}],"about":[{"href":"https:\/\/tadanoworld.com\/europe\/de\/wp-json\/wp\/v2\/types\/page"}],"author":[{"embeddable":true,"href":"https:\/\/tadanoworld.com\/europe\/de\/wp-json\/wp\/v2\/users\/4"}],"replies":[{"embeddable":true,"href":"https:\/\/tadanoworld.com\/europe\/de\/wp-json\/wp\/v2\/comments?post=992"}],"version-history":[{"count":0,"href":"https:\/\/tadanoworld.com\/europe\/de\/wp-json\/wp\/v2\/pages\/992\/revisions"}],"wp:attachment":[{"href":"https:\/\/tadanoworld.com\/europe\/de\/wp-json\/wp\/v2\/media?parent=992"}],"curies":[{"name":"wp","href":"https:\/\/api.w.org\/{rel}","templated":true}]}}