{"id":993,"date":"2022-08-02T10:23:07","date_gmt":"2022-08-02T08:23:07","guid":{"rendered":"https:\/\/tadanoworld.com\/europe\/lifting-capacity\/"},"modified":"2024-01-25T10:52:45","modified_gmt":"2024-01-25T10:52:45","slug":"lifting-capacity","status":"publish","type":"page","link":"https:\/\/tadanoworld.com\/europe\/de\/lifting-capacity\/","title":{"rendered":"LIFTING CAPACITY"},"content":{"rendered":"\n<section class=\"group-blurred-background\">\n  <div class=\"group-blurred-background__container\">\n    <div class=\"group-blurred-background__inner\">\n      \n\n<h2 class=\"wp-block-heading\">Das Ma\u00df der Dinge: die Traglasten der Tadano Krane<\/h2>\n\n\n\n<p>Wenn es um die maximalen Traglasten geht, sind die Tadano Krane in ihren jeweiligen Leistungsklassen oft das Ma\u00df der Dinge \u2013 vor allem bei Steilstellung des Hauptauslegers. Hier bietet in ganz vielen F\u00e4llen kein anderer Kran mehr.<\/p>\n\n\n\n<figure class=\"wp-block-image size-large\"><img decoding=\"async\" src=\"https:\/\/tadanoworld.com\/europe\/wp-content\/uploads\/sites\/2\/2023\/01\/liftingcapacity-758x1024.jpg\" alt=\"\" class=\"wp-image-1066\" \/><\/figure>\n\n\n\n<h2 class=\"wp-block-heading\">AC 7.450-1 \u2013 der St\u00e4rkste in Steilstellung<\/h2>\n\n\n\n<p>Daher ist es nicht verwunderlich, dass viele Krandienstleister beispielsweise beim Aufbau von Turmdrehkranen auf Tadano schw\u00f6ren. Wie auf den aktuellen Tadano AC 7.450-1, der speziell im Hinblick auf diese Anwendung optimiert wurde und deshalb in Steilstellung die st\u00e4rksten Traglasten im Markt aufweisen kann:<\/p>\n\n\n\n<ul class=\"has-white-color has-text-color wp-block-list\">\n<li><strong><strong>23,7 Tonnen<\/strong> mit voll ausgefahrenem 80-Meter-Ausleger in Standard-Konfiguration und sagenhafte<\/strong><\/li>\n\n\n\n<li><strong><strong>37,3 Tonnen<\/strong> mit seinem weiterentwickelten <em><a href=\"https:\/\/tadanoworld.com\/europe\/de\/ssl\/\" data-type=\"page\" data-id=\"2127\">SSL<\/a><\/em><\/strong><\/li>\n<\/ul>\n\n\n\n<p>Und auch sein \u201ekleiner\u201c Bruder, der Tadano AC 6.300-1 ist in seiner Klasse unschlagbar: Er hebt in Steilstellung mit voll ausgefahrenem 80-Meter-Ausleger beeindruckende <strong>15 Tonnen<\/strong>!<\/p>\n\n\n\n<h2 class=\"wp-block-heading\">Bevorzugte Spezialisten f\u00fcr den Aufbau von Turmdrehkranen<\/h2>\n\n\n\n<p>Die oft konkurrenzlos hohen Traglasten der Tadano Krane in Steilstellung haben sich mittlerweile auch bei vielen Kunden herumgesprochen, die \u00fcber eigene Flotten an Turmdrehkranen verf\u00fcgen. Entsprechend beliebt sind bei ihnen die Tadano Krane, die entweder explizit f\u00fcr den Aufbau ihrer Turmdrehkrane angefragt werden oder sich mittlerweile selbst in ihren Fuhrparks befinden \u2013 seit Neuestem allen voran der Tadano AC 7.450-1.<\/p>\n\n\n    <\/div>\n  <\/div>\n<\/section><script type=\"text\/javascript\">const useMetricTxt =\"Verwende Metrisch\"; const useImperialTxt =\"Verwende Imperial\";<\/script>","protected":false},"excerpt":{"rendered":"","protected":false},"author":4,"featured_media":0,"parent":0,"menu_order":0,"comment_status":"closed","ping_status":"closed","template":"","meta":{"_acf_changed":false,"footnotes":""},"class_list":["post-993","page","type-page","status-publish","hentry"],"acf":[],"_links":{"self":[{"href":"https:\/\/tadanoworld.com\/europe\/de\/wp-json\/wp\/v2\/pages\/993","targetHints":{"allow":["GET"]}}],"collection":[{"href":"https:\/\/tadanoworld.com\/europe\/de\/wp-json\/wp\/v2\/pages"}],"about":[{"href":"https:\/\/tadanoworld.com\/europe\/de\/wp-json\/wp\/v2\/types\/page"}],"author":[{"embeddable":true,"href":"https:\/\/tadanoworld.com\/europe\/de\/wp-json\/wp\/v2\/users\/4"}],"replies":[{"embeddable":true,"href":"https:\/\/tadanoworld.com\/europe\/de\/wp-json\/wp\/v2\/comments?post=993"}],"version-history":[{"count":5,"href":"https:\/\/tadanoworld.com\/europe\/de\/wp-json\/wp\/v2\/pages\/993\/revisions"}],"predecessor-version":[{"id":1501,"href":"https:\/\/tadanoworld.com\/europe\/de\/wp-json\/wp\/v2\/pages\/993\/revisions\/1501"}],"wp:attachment":[{"href":"https:\/\/tadanoworld.com\/europe\/de\/wp-json\/wp\/v2\/media?parent=993"}],"curies":[{"name":"wp","href":"https:\/\/api.w.org\/{rel}","templated":true}]}}