{"id":999,"date":"2022-08-02T10:14:49","date_gmt":"2022-08-02T08:14:49","guid":{"rendered":"https:\/\/tadanoworld.com\/europe\/remote-control\/"},"modified":"2022-08-02T10:14:49","modified_gmt":"2022-08-02T08:14:49","slug":"remote-control","status":"publish","type":"page","link":"https:\/\/tadanoworld.com\/europe\/de\/remote-control\/","title":{"rendered":"Remote control"},"content":{"rendered":"\n<section class=\"group-blurred-background\">\n  <div class=\"group-blurred-background__container\">\n    <div class=\"group-blurred-background__inner\">\n      \n\n<h2 class=\"wp-block-heading\">Next Generation: die neue Tadano Funk-Fernsteuerung<\/h2>\n\n\n\n<p>Komfortabler, pr\u00e4ziser und einfacher lie\u00df sich ein Tadano Kran noch nie per Fernsteuerung r\u00fcsten und bedienen. Denn jede Ansteuerung einer Kranfunktion oder Kranbewegung \u00fcber die neue Funk-Fernsteuerung entspricht exakt denen der Steuerung in der Kabine. Und auch die Schnelligkeit der Befehlsausf\u00fchrung erfordert keine Umgew\u00f6hnung: Mindestbefehlsdauer und Reaktionszeit sind nur minimal erh\u00f6ht.<\/p>\n\n\n\n<figure class=\"wp-block-image size-large\"><img decoding=\"async\" src=\"https:\/\/tadanoworld.com\/europe\/wp-content\/uploads\/sites\/2\/2023\/01\/remote-1024x663.png\" alt=\"\" class=\"wp-image-1047\" \/><\/figure>\n\n\n\n<h2 class=\"wp-block-heading\">Alles im Blick \u2013 alles im Griff!<\/h2>\n\n\n\n<p>A five-inch anti-glare monitor that is easy to read means that operators always have all the information they need when setting up Dank des 5 Zoll gro\u00dfen und gut ablesbaren blendfreien Monitors hat der Bediener jederzeit den kompletten \u00dcberblick beim R\u00fcsten und Bedienen seines Krans. In beiden F\u00e4llen steht ihm mit der Funk-Fernbedienung der komplette Funktionsumfang zur Verf\u00fcgung: Er kann den Kran exakt nivellieren, den Hauptausleger beliebig ein- und ausfahren oder neigen, die Unterflaschen einscheren oder auch die Gegengewichte r\u00fcsten.<\/p>\n\n\n\n<h2 class=\"wp-block-heading\">Operieren am Ort des Geschehens<\/h2>\n\n\n\n<p>Jeder Kranf\u00fchrer wei\u00df: Es gibt Funktionen, die lassen sich einfach besser erledigen, wenn man aus verschiedenen Blickwinkeln direkten Sichtkontakt zum Ort des Geschehens hat. Dazu z\u00e4hlt beispielsweise das Einf\u00e4deln der Hakenflasche. Hierbei erweist sich die neue Tadano Funk-Fernsteuerung nicht nur als hilfreich und echter Sicherheitsgewinn, sondern auch als wirtschaftlich, wenn man dadurch auf einen zweiten Mann als Einweiser verzichten kann.<\/p>\n\n\n\n<h2 class=\"wp-block-heading\">K\u00fcnftig f\u00fcr alle neuen Modelle verf\u00fcgbar<\/h2>\n\n\n\n<p>Aktuell sind bereits der Tadano AC 4.080-1 und der AC 7.450-1 mit der neuen Funk-Fernbedienung ausger\u00fcstet \u2013 und auch f\u00fcr alle kommenden Modelle wird sie verf\u00fcgbar sein.<\/p>\n\n\n    <\/div>\n  <\/div>\n<\/section><script type=\"text\/javascript\">const useMetricTxt =\"Verwende Metrisch\"; const useImperialTxt =\"Verwende Imperial\";<\/script>","protected":false},"excerpt":{"rendered":"","protected":false},"author":4,"featured_media":0,"parent":0,"menu_order":0,"comment_status":"closed","ping_status":"closed","template":"","meta":{"_acf_changed":false,"footnotes":""},"class_list":["post-999","page","type-page","status-publish","hentry"],"acf":[],"_links":{"self":[{"href":"https:\/\/tadanoworld.com\/europe\/de\/wp-json\/wp\/v2\/pages\/999","targetHints":{"allow":["GET"]}}],"collection":[{"href":"https:\/\/tadanoworld.com\/europe\/de\/wp-json\/wp\/v2\/pages"}],"about":[{"href":"https:\/\/tadanoworld.com\/europe\/de\/wp-json\/wp\/v2\/types\/page"}],"author":[{"embeddable":true,"href":"https:\/\/tadanoworld.com\/europe\/de\/wp-json\/wp\/v2\/users\/4"}],"replies":[{"embeddable":true,"href":"https:\/\/tadanoworld.com\/europe\/de\/wp-json\/wp\/v2\/comments?post=999"}],"version-history":[{"count":1,"href":"https:\/\/tadanoworld.com\/europe\/de\/wp-json\/wp\/v2\/pages\/999\/revisions"}],"predecessor-version":[{"id":1000,"href":"https:\/\/tadanoworld.com\/europe\/de\/wp-json\/wp\/v2\/pages\/999\/revisions\/1000"}],"wp:attachment":[{"href":"https:\/\/tadanoworld.com\/europe\/de\/wp-json\/wp\/v2\/media?parent=999"}],"curies":[{"name":"wp","href":"https:\/\/api.w.org\/{rel}","templated":true}]}}