{"id":934,"date":"2022-08-02T10:00:14","date_gmt":"2022-08-02T08:00:14","guid":{"rendered":"https:\/\/tadanoworld.com\/europe\/capacity-radar\/"},"modified":"2022-08-02T10:00:14","modified_gmt":"2022-08-02T08:00:14","slug":"capacity-radar","status":"publish","type":"page","link":"https:\/\/tadanoworld.com\/europe\/fr\/capacity-radar\/","title":{"rendered":"Capacity radar"},"content":{"rendered":"\n<section class=\"group-blurred-background\">\n  <div class=\"group-blurred-background__container\">\n    <div class=\"group-blurred-background__inner\">\n      \n\n<h2 class=\"wp-block-heading\">S\u00e9curit\u00e9 maximale \u00e0 chaque levage gr\u00e2ce au radar de capacit\u00e9 Tadano int\u00e9gr\u00e9 dans la commande IC-1 Plus<\/h2>\n\n\n\n<p>Le radar de capacit\u00e9 de la commande de grue IC-1 Plus de Tadano jouit d\u2019une grande popularit\u00e9 aupr\u00e8s des grutiers du monde entier, et ce pour une bonne raison&nbsp;: en effet, cet affichage \u00e0 lecture intuitive garantit une s\u00e9curit\u00e9 maximale, surtout pour les op\u00e9rations de levage particuli\u00e8rement complexes.<\/p>\n\n\n\n<figure class=\"wp-block-image size-large\"><img decoding=\"async\" src=\"https:\/\/tadanoworld.com\/europe\/wp-content\/uploads\/sites\/2\/2023\/01\/capacityradar-1024x819.jpg\" alt=\"\" class=\"wp-image-1034\" \/><\/figure>\n\n\n\n<h2 class=\"wp-block-heading\">S\u00e9curit\u00e9 au travail assur\u00e9e<\/h2>\n\n\n\n<p>Le syst\u00e8me de commande IC-1 Plus d\u00e9termine la capacit\u00e9 de charge de la grue pour chaque position de la fl\u00e8che, en fonction de l\u2019angle de rotation de la tourelle et, partant de cette base, le radar de capacit\u00e9 affiche la zone de travail.<br><br>Comme sur un graphique en \u00ab&nbsp;camembert&nbsp;\u00bb, la visualisation de la capacit\u00e9 de charge maximale est r\u00e9alis\u00e9e sous forme de segment circulaire couvrant un angle de rotation de +\/-&nbsp;30\u00b0 ainsi que la plage de rayon possible en fonction de la longueur de la fl\u00e8che.<br><br>L\u2019interpr\u00e9tation du segment circulaire divis\u00e9 en plusieurs couleurs est on ne peut plus simple&nbsp;: si la charge repr\u00e9sent\u00e9e par un carr\u00e9 noir se trouve dans la zone verte, le levage est \u00ab&nbsp;safe&nbsp;\u00bb c\u2019est-\u00e0-dire s\u00fbr. Si la charge se d\u00e9place vers le \u00ab&nbsp;jaune&nbsp;\u00bb, elle se rapproche d\u2019une capacit\u00e9 maximale d\u2019utilisation de 90&nbsp;% et si elle tend vers le \u00ab&nbsp;rouge&nbsp;\u00bb, la capacit\u00e9 de charge maximale est d\u00e9pass\u00e9e.<\/p>\n\n\n\n<h2 class=\"wp-block-heading\">Arr\u00eat automatique<\/h2>\n\n\n\n<p>Le syst\u00e8me IC-1 Plus arr\u00eate automatiquement la grue de mani\u00e8re contr\u00f4l\u00e9e avant qu\u2019une situation de surcharge dangereuse ne se produise. En d\u2019autres termes, les mouvements de la grue sont ralentis en douceur avant m\u00eame que la limite de capacit\u00e9 ne soit atteinte, ce qui \u00e9vite que la charge ne se mette \u00e0 osciller. Le radar de capacit\u00e9 s\u00e9curise ainsi chaque op\u00e9ration de levage&nbsp;!<\/p>\n\n\n    <\/div>\n  <\/div>\n<\/section><script type=\"text\/javascript\">const useMetricTxt =\"Donn\u00e9es m\u00e9triques\"; const useImperialTxt =\"Donn\u00e9es imp\u00e9riales\";<\/script>","protected":false},"excerpt":{"rendered":"","protected":false},"author":4,"featured_media":0,"parent":0,"menu_order":0,"comment_status":"closed","ping_status":"closed","template":"","meta":{"_acf_changed":false,"footnotes":""},"class_list":["post-934","page","type-page","status-publish","hentry"],"acf":[],"_links":{"self":[{"href":"https:\/\/tadanoworld.com\/europe\/fr\/wp-json\/wp\/v2\/pages\/934","targetHints":{"allow":["GET"]}}],"collection":[{"href":"https:\/\/tadanoworld.com\/europe\/fr\/wp-json\/wp\/v2\/pages"}],"about":[{"href":"https:\/\/tadanoworld.com\/europe\/fr\/wp-json\/wp\/v2\/types\/page"}],"author":[{"embeddable":true,"href":"https:\/\/tadanoworld.com\/europe\/fr\/wp-json\/wp\/v2\/users\/4"}],"replies":[{"embeddable":true,"href":"https:\/\/tadanoworld.com\/europe\/fr\/wp-json\/wp\/v2\/comments?post=934"}],"version-history":[{"count":1,"href":"https:\/\/tadanoworld.com\/europe\/fr\/wp-json\/wp\/v2\/pages\/934\/revisions"}],"predecessor-version":[{"id":935,"href":"https:\/\/tadanoworld.com\/europe\/fr\/wp-json\/wp\/v2\/pages\/934\/revisions\/935"}],"wp:attachment":[{"href":"https:\/\/tadanoworld.com\/europe\/fr\/wp-json\/wp\/v2\/media?parent=934"}],"curies":[{"name":"wp","href":"https:\/\/api.w.org\/{rel}","templated":true}]}}