{"id":940,"date":"2022-05-24T08:22:16","date_gmt":"2022-05-24T08:22:16","guid":{"rendered":"https:\/\/tadanoworld.com\/europe\/e-pack\/"},"modified":"2022-10-06T14:06:18","modified_gmt":"2022-10-06T14:06:18","slug":"e-pack","status":"publish","type":"page","link":"https:\/\/tadanoworld.com\/europe\/fr\/e-pack\/","title":{"rendered":"E-Pack"},"content":{"rendered":"\n<section class=\"group-blurred-background\">\n  <div class=\"group-blurred-background__container\">\n    <div class=\"group-blurred-background__inner\">\n      \n\n<h2 class=\"wp-block-heading\">E-Pack<\/h2>\n\n\n\n<p>Les \u00e9missions de gaz d\u2019\u00e9chappement et le bruit exercent un impact croissant sur de nombreuses applications, notamment dans les grandes villes et dans le cadre de chantiers nocturnes. De plus, l\u2019industrie du levage se doit de fournir des solutions durables afin de relever ce d\u00e9fi.Gr\u00e2ce \u00e0 leur conception compacte, les grues AC sont souvent utilis\u00e9es dans les zones urbaines, \u00e0 l\u2019int\u00e9rieur des b\u00e2timents et la nuit, soit exactement l\u00e0 o\u00f9 les clients sont le plus confront\u00e9s \u00e0 ces impacts environnementaux. Avec notre E-Pack innovant, nous proposons une solution \u00e9cologique sp\u00e9cialement con\u00e7ue pour relever ces d\u00e9fis.<\/p>\n\n\n\n<p class=\"has-text-align-center\"><img decoding=\"async\" src=\"https:\/\/assets.onetadano.com\/celum_assets\/Tadano E-Pack.jpg\"><\/p>\n\n\n\n<h2 class=\"wp-block-heading\">Mode de fonctionnement<\/h2>\n\n\n\n<p>Le syst\u00e8me \u00e9lectrohydraulique E-Pack se connecte rapidement aux grues AC&nbsp;; il poss\u00e8de un moteur \u00e9lectrique int\u00e9gr\u00e9 permettant un fonctionnement de la grue sans \u00e9mission, avec une r\u00e9duction sensible des niveaux sonores. E-Pack excelle dans les applications critiques o\u00f9 les clients risquent d\u2019\u00eatre confront\u00e9s \u00e0 des exigences plus strictes en mati\u00e8re d\u2019\u00e9missions, qui emp\u00eachent l\u2019utilisation d\u2019une grue classique avec un moteur diesel normal.<\/p>\n\n\n\n<p>L\u2019utilisation de l\u2019E-Pack n\u00e9cessite un \u00e9quipement pr\u00e9alable de la grue AC avec des connexions \u00e9lectriques et hydrauliques appropri\u00e9es. Cet \u00e9quipement peut \u00eatre r\u00e9alis\u00e9 en usine pour les grues qui font l\u2019objet d\u2019une nouvelle commande ou sous forme de mise \u00e0 niveau (r\u00e9trofit) sur site pour les grues existantes du parc d\u2019une entreprise. La connexion hydraulique entre l\u2019E-Pack et la grue est r\u00e9alis\u00e9e \u00e0 l\u2019aide de flexibles avec des raccords rapides compatibles. Une fois sur site, l\u2019E-Pack\u2122 est facilement d\u00e9charg\u00e9 de la grue et branch\u00e9 sur une source d\u2019alimentation \u00e9lectrique standard de 400&nbsp;V\/63&nbsp;A.<\/p>\n\n\n\n<h2 class=\"wp-block-heading\">Co\u00fbts d\u2019exploitation r\u00e9duits<\/h2>\n\n\n\n<p>En plus de son fonctionnement sans \u00e9missions et \u00e0 faible bruit, l\u2019E-Pack offre \u00e9galement des avantages substantiels en termes de co\u00fbts. Sa commande intelligente du moteur \u00e9lectrique veille \u00e0 ce que seule la quantit\u00e9 d\u2019\u00e9nergie \u00e9lectrique requise soit utilis\u00e9e pour ex\u00e9cuter les fonctions requises de la grue. Cela se traduit par une diminution des co\u00fbts d\u2019exploitation compar\u00e9 \u00e0 l\u2019utilisation d\u2019un moteur diesel et par une r\u00e9duction des heures de fonctionnement du moteur.<\/p>\n\n\n\n<h2 class=\"wp-block-heading\">Contr\u00f4le et exploitation de la grue<\/h2>\n\n\n\n<p>Les commandes correspondantes d\u00e9di\u00e9es au fonctionnement de l\u2019E-Pack s\u2019int\u00e8grent parfaitement au syst\u00e8me de commande IC-1 de la grue. L\u2019\u00e9cran tactile situ\u00e9 dans la cabine permet de s\u00e9lectionner le mode de fonctionnement de l\u2019E-Pack, de d\u00e9marrer et d\u2019arr\u00eater le moteur \u00e9lectrique, de visualiser l\u2019\u00e9tat de l\u2019E-Pack et bien d\u2019autres fonctions.<\/p>\n\n\n\n<p>E-Pack alimente toutes les fonctions de la grue et fait fonctionner le syst\u00e8me de climatisation hydraulique qui assure le confort du grutier. Lors du t\u00e9lescopage, du relevage de la fl\u00e8che principale, de mouvements de rotation et du fonctionnement du m\u00e9canisme de levage sans charge, l\u2019op\u00e9rateur ne constatera que des diff\u00e9rences de performances minimes par rapport \u00e0 un fonctionnement avec un moteur diesel.<\/p>\n\n\n\n<h2 class=\"wp-block-heading\">Transport de la grue<\/h2>\n\n\n\n<p>Lorsqu\u2019il est transport\u00e9 sur le chantier, l\u2019E-Pack est charg\u00e9 sur un syst\u00e8me de fixation sp\u00e9cial situ\u00e9 \u00e0 l\u2019arri\u00e8re de la grue. Par cons\u00e9quent, aucune charge suppl\u00e9mentaire n\u2019est n\u00e9cessaire pour acheminer l\u2019E-Pack sur le chantier, ce qui permet de r\u00e9aliser des \u00e9conomies de temps et d\u2019argent non n\u00e9gligeables.<\/p>\n\n\n    <\/div>\n  <\/div>\n<\/section><script type=\"text\/javascript\">const useMetricTxt =\"Donn\u00e9es m\u00e9triques\"; const useImperialTxt =\"Donn\u00e9es imp\u00e9riales\";<\/script>","protected":false},"excerpt":{"rendered":"","protected":false},"author":4,"featured_media":0,"parent":0,"menu_order":0,"comment_status":"closed","ping_status":"closed","template":"","meta":{"_acf_changed":false,"footnotes":""},"class_list":["post-940","page","type-page","status-publish","hentry"],"acf":[],"_links":{"self":[{"href":"https:\/\/tadanoworld.com\/europe\/fr\/wp-json\/wp\/v2\/pages\/940","targetHints":{"allow":["GET"]}}],"collection":[{"href":"https:\/\/tadanoworld.com\/europe\/fr\/wp-json\/wp\/v2\/pages"}],"about":[{"href":"https:\/\/tadanoworld.com\/europe\/fr\/wp-json\/wp\/v2\/types\/page"}],"author":[{"embeddable":true,"href":"https:\/\/tadanoworld.com\/europe\/fr\/wp-json\/wp\/v2\/users\/4"}],"replies":[{"embeddable":true,"href":"https:\/\/tadanoworld.com\/europe\/fr\/wp-json\/wp\/v2\/comments?post=940"}],"version-history":[{"count":0,"href":"https:\/\/tadanoworld.com\/europe\/fr\/wp-json\/wp\/v2\/pages\/940\/revisions"}],"wp:attachment":[{"href":"https:\/\/tadanoworld.com\/europe\/fr\/wp-json\/wp\/v2\/media?parent=940"}],"curies":[{"name":"wp","href":"https:\/\/api.w.org\/{rel}","templated":true}]}}