{"id":942,"date":"2022-05-24T08:21:28","date_gmt":"2022-05-24T08:21:28","guid":{"rendered":"https:\/\/tadanoworld.com\/europe\/flex-base\/"},"modified":"2022-10-06T14:02:49","modified_gmt":"2022-10-06T14:02:49","slug":"flex-base","status":"publish","type":"page","link":"https:\/\/tadanoworld.com\/europe\/fr\/flex-base\/","title":{"rendered":"Flex Base"},"content":{"rendered":"\n<div class=\"wp-block-group\"><div class=\"wp-block-group__inner-container is-layout-flow wp-block-group-is-layout-flow\"><\/div><\/div>\n\n\n\n<section class=\"group-blurred-background\">\n  <div class=\"group-blurred-background__container\">\n    <div class=\"group-blurred-background__inner\">\n      \n\n<h2 class=\"wp-block-heading\">FLEX BASE<\/h2>\n\n\n\n<p><strong><br><\/strong>Agiles et compactes, les grues tout-terrain Tadano sont souvent appel\u00e9es \u00e0 r\u00e9aliser des travaux dans des espaces confin\u00e9s. Pour accomplir la t\u00e2che qui leur est d\u00e9volue, elles doivent offrir la bonne combinaison de longueur de fl\u00e8che, de capacit\u00e9 de levage et de fonctionnalit\u00e9s innovantes afin de maximiser leurs performances.<\/p>\n\n\n\n<p>Tadano a relev\u00e9 ce d\u00e9fi en perfectionnant de mani\u00e8re innovante son syst\u00e8me de commande IC-1 Plus, augmentant ainsi la flexibilit\u00e9 des stabilisateurs de mani\u00e8re \u00e0 am\u00e9liorer leurs performances dans un plus grand nombre d\u2019applications. Les grues tout-terrain Tadano pr\u00e9sentent les caract\u00e9ristiques suivantes&nbsp;:<br>\u00b7 Syst\u00e8me de positionnement continu des stabilisateurs Flex Base<br>\u00b7Capacit\u00e9s de levage optimis\u00e9es<\/p>\n\n\n\n<p><img decoding=\"async\" src=\"https:\/\/assets.onetadano.com\/celum_assets\/AC4080-1_Flexbase.jpg\"><\/p>\n\n\n\n<p><\/p>\n\n\n\n<h2 class=\"wp-block-heading\">Syst\u00e8me de positionnement flexible des stabilisateurs<\/h2>\n\n\n\n<p>Le syst\u00e8me de positionnement continu des stabilisateurs Flex Base de Tadano vous offre la possibilit\u00e9 de travailler dans des espaces confin\u00e9s en am\u00e9liorant la capacit\u00e9 d\u2019adaptation de la grue. Les capacit\u00e9s de la grue ne sont plus d\u00e9termin\u00e9es \u00e0 partir de positions fixes des stabilisateurs. Flex Base permet \u00e0 l\u2019op\u00e9rateur de r\u00e9gler le stabilisateur \u00e0 n\u2019importe quel point situ\u00e9 dans sa plage de port\u00e9e, de sorte qu\u2019il peut \u00eatre positionn\u00e9 au plus pr\u00e8s d\u2019un obstacle pour obtenir la plus grande base de calage possible dans n\u2019importe quelle situation.<\/p>\n\n\n\n<h2 class=\"wp-block-heading\">Capacit\u00e9s de levage optimis\u00e9es<\/h2>\n\n\n\n<p>Flex Base est un compl\u00e9ment au logiciel de notre syst\u00e8me de commande IC-1&nbsp;Plus. Le syst\u00e8me de commande IC-1&nbsp;Plus enregistre les abaques de charge pour chaque configuration de la grue et identifie automatiquement la configuration des stabilisateurs, le contrepoids install\u00e9, l\u2019angle de la tourelle, la longueur de la fl\u00e8che principale et la s\u00e9quence de t\u00e9lescopage. Le syst\u00e8me peut ainsi d\u00e9terminer la capacit\u00e9 de levage pour chaque position de la fl\u00e8che, en fonction de l\u2019angle d\u2019orientation de la tourelle. Il en r\u00e9sulte des capacit\u00e9s de levage optimis\u00e9es \u00e0 chaque fois que le stabilisateur peut \u00eatre d\u00e9ploy\u00e9 au-del\u00e0 de la position fixe impos\u00e9e par les syst\u00e8mes traditionnels. La grue offre ainsi une capacit\u00e9 maximale, y compris sur les chantiers les plus encombr\u00e9s, ce qui permet de tirer le meilleur parti de son potentiel de levage.<br><br>Les grues Tadano AC \u00e9quip\u00e9es du syst\u00e8me de commande IC-1 Plus associ\u00e9 au syst\u00e8me Flex Base sont con\u00e7ues pour satisfaire votre passion du levage. #TadanoDNA.<\/p>\n\n\n    <\/div>\n  <\/div>\n<\/section><script type=\"text\/javascript\">const useMetricTxt =\"Donn\u00e9es m\u00e9triques\"; const useImperialTxt =\"Donn\u00e9es imp\u00e9riales\";<\/script>","protected":false},"excerpt":{"rendered":"","protected":false},"author":4,"featured_media":0,"parent":0,"menu_order":0,"comment_status":"closed","ping_status":"closed","template":"","meta":{"_acf_changed":false,"footnotes":""},"class_list":["post-942","page","type-page","status-publish","hentry"],"acf":[],"_links":{"self":[{"href":"https:\/\/tadanoworld.com\/europe\/fr\/wp-json\/wp\/v2\/pages\/942","targetHints":{"allow":["GET"]}}],"collection":[{"href":"https:\/\/tadanoworld.com\/europe\/fr\/wp-json\/wp\/v2\/pages"}],"about":[{"href":"https:\/\/tadanoworld.com\/europe\/fr\/wp-json\/wp\/v2\/types\/page"}],"author":[{"embeddable":true,"href":"https:\/\/tadanoworld.com\/europe\/fr\/wp-json\/wp\/v2\/users\/4"}],"replies":[{"embeddable":true,"href":"https:\/\/tadanoworld.com\/europe\/fr\/wp-json\/wp\/v2\/comments?post=942"}],"version-history":[{"count":0,"href":"https:\/\/tadanoworld.com\/europe\/fr\/wp-json\/wp\/v2\/pages\/942\/revisions"}],"wp:attachment":[{"href":"https:\/\/tadanoworld.com\/europe\/fr\/wp-json\/wp\/v2\/media?parent=942"}],"curies":[{"name":"wp","href":"https:\/\/api.w.org\/{rel}","templated":true}]}}