{"id":944,"date":"2022-04-12T13:53:37","date_gmt":"2022-04-12T13:53:37","guid":{"rendered":"https:\/\/tadanoworld.com\/europe\/gru-cingolate-con-braccio-telescopico\/"},"modified":"2023-03-01T10:28:44","modified_gmt":"2023-03-01T10:28:44","slug":"gru-cingolate-con-braccio-telescopico","status":"publish","type":"page","link":"https:\/\/tadanoworld.com\/europe\/fr\/gru-cingolate-con-braccio-telescopico\/","title":{"rendered":"GRUES \u00c0 CHENILLES \u00c0 FL\u00c8CHE T\u00c9LESCOPIQUE"},"content":{"rendered":"<style type=\"text\/css\">\n    @media (min-width: 768px), (min-width: 530px) and (max-width: 890px) and (max-height: 500px) {\n        main .page-title {\n            position: absolute;\n            right: 0;\n            top: 0;\n        }\n    }\n<\/style><div class=\"products-filtering \">\n        <input type=\"hidden\" id=\"filterAxles\" value=\"\"\/>\n    <input type=\"hidden\" id=\"filterMaxLoad\" value=\"1\"\/>\n    <input type=\"hidden\" id=\"filterBoomLength\" value=\"1\"\/>\n    <input type=\"hidden\" id=\"filterTipHeight\" value=\"\"\/>\n    <input type=\"hidden\" id=\"displayFilter\" value=\"1\"\/>\n   \n            <!-- REFINE AREA START -->\n        <section class=\"filter-refine\">\n            <form action=\"#\">\n                <div class=\"container\">\n                <div class=\"close-overlay\">\n                    <div class=\"close-btn\"><\/div>\n                <\/div>\n                <div class=\"right\">\n                        <div class=\"radio\">\n                                                            <input type=\"hidden\" id=\"forceMetricFlag\" value=\"true\"\/>\n                                <style type=\"text\/css\">\n                                    body.unit-is-imp .text-block .scaled-met, body.unit-is-imperial .text-block .scaled-met {\n                                        display: block;\n                                    }\n                                <\/style>\n                            \n                        <\/div>\n                    <\/div>\n                    <div class=\"left\">\n                        <strong class=\"title\">Ajuster votre recherche:<\/strong>\n                                                    <ul class=\"tabset-filter\">\n                                                                                                    <li><a href=\"#max-load\"><span>Poids max.<\/span><\/a><\/li>\n                                                                                                    <li><a href=\"#boom-length\"><span>Longueur de fl\u00e8che<\/span><\/a><\/li>\n                                                                                            <\/ul>\n                            <div class=\"tab-content product-tab-content\">\n                                                                                                    <div class=\"tab-refine\" id=\"max-load\">\n                                                                                    <div class=\"tab-refine-wrapper scaled scaled-met\"\n                                                    id=\"max-load-met\">\n                                                <span style=\"display:none\" id=\"maxLoadmet\"\n                                                        data-min=\"156\"\n                                                        data-max=\"156\"><\/span>\n                                                <span style=\"display:none\" id=\"boomLengthmet\"\n                                                        data-min=\"60\"\n                                                        data-max=\"60\"><\/span>\n                                                <strong class=\"sub-title\">Poids max<\/strong>\n                                                <div class=\"range-holder\">\n                                                    <label for=\"range_maxload_met\"\n                                                            class=\"hidden\">Gamme poids max<\/label>\n                                                    <input step=\"1\"\n                                                            value=\"156,156\"\n                                                            type=\"range\" multiple id=\"range_maxload_met\"\n                                                            min=\"156\"\n                                                            max=\"156\">\n                                                    <div class=\"range-values\">\n                                                        <span>156 t<\/span>\n                                                        <span>156 t<\/span>\n                                                    <\/div>\n                                                <\/div>\n                                            <\/div>\n                                                                                    <div class=\"tab-refine-wrapper scaled scaled-imp\"\n                                                    id=\"max-load-imp\">\n                                                <span style=\"display:none\" id=\"maxLoadimp\"\n                                                        data-min=\"172\"\n                                                        data-max=\"172\"><\/span>\n                                                <span style=\"display:none\" id=\"boomLengthimp\"\n                                                        data-min=\"196.9\"\n                                                        data-max=\"196.9\"><\/span>\n                                                <strong class=\"sub-title\">Poids max<\/strong>\n                                                <div class=\"range-holder\">\n                                                    <label for=\"range_maxload_imp\"\n                                                            class=\"hidden\">Gamme poids max<\/label>\n                                                    <input step=\"1\"\n                                                            value=\"172,172\"\n                                                            type=\"range\" multiple id=\"range_maxload_imp\"\n                                                            min=\"172\"\n                                                            max=\"172\">\n                                                    <div class=\"range-values\">\n                                                        <span>172 USt<\/span>\n                                                        <span>172 USt<\/span>\n                                                    <\/div>\n                                                <\/div>\n                                            <\/div>\n                                                                            <\/div>\n                                                                                                    <div class=\"tab-refine\" id=\"boom-length\">\n                                                                                    <div class=\"tab-refine-wrapper scaled scaled-met\"\n                                                    id=\"boom-length-met\">\n                                                <strong class=\"sub-title\">Longueur de fl\u00e8che<\/strong>\n                                                <div class=\"range-holder\">\n                                                    <label for=\"range_boomlength_met\"\n                                                            class=\"hidden\">Gamme longueur de fl\u00e8che<\/label>\n                                                    <input step=\"1\"\n                                                            value=\"60,60\"\n                                                            type=\"range\" multiple id=\"range_boomlength_met\"\n                                                            min=\"60\"\n                                                            max=\"60\">\n                                                    <div class=\"range-values\">\n                                                        <span>60 m<\/span>\n                                                        <span>60 m<\/span>\n                                                    <\/div>\n                                                <\/div>\n                                            <\/div>\n                                                                                    <div class=\"tab-refine-wrapper scaled scaled-imp\"\n                                                    id=\"boom-length-imp\">\n                                                <strong class=\"sub-title\">Longueur de fl\u00e8che<\/strong>\n                                                <div class=\"range-holder\">\n                                                    <label for=\"range_boomlength_imp\"\n                                                            class=\"hidden\">Gamme longueur de fl\u00e8che<\/label>\n                                                    <input step=\"1\"\n                                                            value=\"196,197\"\n                                                            type=\"range\" multiple id=\"range_boomlength_imp\"\n                                                            min=\"196\"\n                                                            max=\"197\">\n                                                    <div class=\"range-values\">\n                                                        <span>196.9 ft<\/span>\n                                                        <span>196.9 ft<\/span>\n                                                    <\/div>\n                                                <\/div>\n                                            <\/div>\n                                                                            <\/div>\n                                                                                            <\/div>\n\n                        \n\n                    <\/div>\n                    \n                <\/div>\n            <\/form>\n        <\/section>\n        <!-- REFINE AREA END -->\n        \n\n    \n        <div class=\"all-results\">\n        <section class=\"filter-content-slider telescopic-boom-crawler-cranes\">\n       \n                <div class=\"filter-compare-slider\">\n                    <div class=\"product-slider\">\n                        <div class=\"swiper-product-slider swiper\">\n                                                            <div class=\"parallax-bg\" data-swiper-parallax=\"-1%\">\n                                    <img decoding=\"async\" src=\"https:\/\/tadanoworld.com\/europe\/wp-content\/themes\/tadano\/assets\/dist\/images\/product-slider\/bg_bridge_left.jpg\" alt=\"\">\n                                    <img decoding=\"async\" src=\"https:\/\/tadanoworld.com\/europe\/wp-content\/themes\/tadano\/assets\/dist\/images\/product-slider\/bg_bridge_repeat.jpg\" alt=\"\">\n                                                                                <img decoding=\"async\" src=\"https:\/\/tadanoworld.com\/europe\/wp-content\/themes\/tadano\/assets\/dist\/images\/product-slider\/bg_bridge_repeat.jpg\" alt=\"\">\n                                            <img decoding=\"async\" src=\"https:\/\/tadanoworld.com\/europe\/wp-content\/themes\/tadano\/assets\/dist\/images\/product-slider\/bg_bridge_repeat.jpg\" alt=\"\">\n                                            <img decoding=\"async\" src=\"https:\/\/tadanoworld.com\/europe\/wp-content\/themes\/tadano\/assets\/dist\/images\/product-slider\/bg_bridge_repeat.jpg\" alt=\"\">\n                                            <img decoding=\"async\" src=\"https:\/\/tadanoworld.com\/europe\/wp-content\/themes\/tadano\/assets\/dist\/images\/product-slider\/bg_bridge_repeat.jpg\" alt=\"\">\n                                            <img decoding=\"async\" src=\"https:\/\/tadanoworld.com\/europe\/wp-content\/themes\/tadano\/assets\/dist\/images\/product-slider\/bg_bridge_repeat.jpg\" alt=\"\">\n                                            <img decoding=\"async\" src=\"https:\/\/tadanoworld.com\/europe\/wp-content\/themes\/tadano\/assets\/dist\/images\/product-slider\/bg_bridge_repeat.jpg\" alt=\"\">\n                                                                            <\/div>\n                                                        <div class=\"swiper-wrapper\" style=\"transition-duration: 0ms; transform: translate3d( calc(100vw - 80%), 0px, 0px);\">\n                                <div class=\"swiper-slide no-results\" style=\"display:none\">\n                                    <div class=\"slider-no-results-inner\"> \n                                        <div class=\"text\">\n                                            <h2>D\u00e9sol\u00e9, aucun r\u00e9sultat. \ud83d\ude14<\/h2>\n                                            <p>Merci d&rsquo;ajuster votre recherche. <\/p>\n                                        <\/div>\n                                    <\/div>   \n                                <\/div>\n                                <div class=\"swiper-slide product-filter-item slide-width-80 \"\n            data-product-id=\"1034\"\n                                        data-product-maxload-met=\"156\"\n                data-product-maxload-imp=\"172\"\n                data-product-boomlength-met=\"60\"\n                data-product-boomlength-imp=\"196.9\"\n                data-product-tipheight-met=\"85\"\n                data-product-tipheight-imp=\"279\"\n    >\n            <a href=\"https:\/\/tadanoworld.com\/europe\/fr\/equipements-de-levage\/grues-chenilles-telescopiques\/gtc-2000-2\/\">\n                <img decoding=\"async\" src=\"https:\/\/tadanoworld.com\/europe\/wp-content\/uploads\/sites\/2\/2025\/03\/img_tadano_GTC2000-1_cutout_front_on_transparency-1-1529x1080.png\" alt=\"\">\n                <\/a>\n    \n            <a href=\"https:\/\/tadanoworld.com\/europe\/fr\/equipements-de-levage\/grues-chenilles-telescopiques\/gtc-2000-2\/\" class=\"btn\">GTC-2000<\/a>\n    \n        \n<\/div><!-- swiper slide item -->\n                                                                    <div class=\"swiper-slide slide-width-90\">\n                                        <a target=\"_blank\" href=\"https:\/\/tadanoeurope.com\/fr\/equipements-de-levage\/grues-sur-chenilles-a-fleche-telescopique\/\">\n                                            <img decoding=\"async\" src=\"https:\/\/tadanoworld.com\/europe\/wp-content\/themes\/tadano\/assets\/dist\/images\/product_line-up.png\" alt=\"\">\n                                        <\/a>\n                                        <a target=\"_blank\" href=\"https:\/\/tadanoeurope.com\/fr\/equipements-de-levage\/grues-sur-chenilles-a-fleche-telescopique\/\" class=\"btn\">Voir le panel complet ici<\/a>\n                                    <\/div>\n                                \n                            <\/div>\n                            <div class=\"swiper-navigation\">\n                                <div class=\"swiper-button-next\"><\/div>\n                                <div class=\"swiper-button-prev\"><\/div>\n                            <\/div>\n                        <\/div>\n                        \n                                            <\/div>\n                <\/div><!-- end filter compare -->\n\n        <\/section>\n    <\/div>\n\n\n\n\n<p><\/p>\n<script type=\"text\/javascript\">const useMetricTxt =\"Donn\u00e9es m\u00e9triques\"; const useImperialTxt =\"Donn\u00e9es imp\u00e9riales\";<\/script>","protected":false},"excerpt":{"rendered":"","protected":false},"author":1,"featured_media":0,"parent":0,"menu_order":0,"comment_status":"closed","ping_status":"closed","template":"","meta":{"_acf_changed":false,"footnotes":""},"class_list":["post-944","page","type-page","status-publish","hentry"],"acf":[],"_links":{"self":[{"href":"https:\/\/tadanoworld.com\/europe\/fr\/wp-json\/wp\/v2\/pages\/944","targetHints":{"allow":["GET"]}}],"collection":[{"href":"https:\/\/tadanoworld.com\/europe\/fr\/wp-json\/wp\/v2\/pages"}],"about":[{"href":"https:\/\/tadanoworld.com\/europe\/fr\/wp-json\/wp\/v2\/types\/page"}],"author":[{"embeddable":true,"href":"https:\/\/tadanoworld.com\/europe\/fr\/wp-json\/wp\/v2\/users\/1"}],"replies":[{"embeddable":true,"href":"https:\/\/tadanoworld.com\/europe\/fr\/wp-json\/wp\/v2\/comments?post=944"}],"version-history":[{"count":2,"href":"https:\/\/tadanoworld.com\/europe\/fr\/wp-json\/wp\/v2\/pages\/944\/revisions"}],"predecessor-version":[{"id":1083,"href":"https:\/\/tadanoworld.com\/europe\/fr\/wp-json\/wp\/v2\/pages\/944\/revisions\/1083"}],"wp:attachment":[{"href":"https:\/\/tadanoworld.com\/europe\/fr\/wp-json\/wp\/v2\/media?parent=944"}],"curies":[{"name":"wp","href":"https:\/\/api.w.org\/{rel}","templated":true}]}}