{"id":949,"date":"2022-05-24T08:21:50","date_gmt":"2022-05-24T08:21:50","guid":{"rendered":"https:\/\/tadanoworld.com\/europe\/ic-1-plus\/"},"modified":"2022-10-06T14:27:31","modified_gmt":"2022-10-06T14:27:31","slug":"ic-1-plus","status":"publish","type":"page","link":"https:\/\/tadanoworld.com\/europe\/fr\/ic-1-plus\/","title":{"rendered":"IC-1 Plus"},"content":{"rendered":"\n<section class=\"group-blurred-background\">\n  <div class=\"group-blurred-background__container\">\n    <div class=\"group-blurred-background__inner\">\n      \n\n<h2 class=\"wp-block-heading\">IC-1 Plus<\/h2>\n\n\n\n<p>Les abaques de charge sur 360\u00b0 d\u00e9finis au pr\u00e9alable limitent consid\u00e9rablement la capacit\u00e9 de levage d\u2019une grue tout-terrain. Ceci est particuli\u00e8rement vrai lorsque vous ne r\u00e9alisez pas d\u2019op\u00e9ration de levage au-dessus des stabilisateurs ou lorsque vous travaillez sur un chantier tr\u00e8s encombr\u00e9 qui n\u00e9cessite un positionnement asym\u00e9trique des stabilisateurs.<\/p>\n\n\n\n<p>Les grues tout-terrain et les grues City de Tadano \u00e9quip\u00e9es du syst\u00e8me de commande IC-1 Plus offrent aux entreprises une plus grande souplesse en mati\u00e8re de levage et de configuration des grues car elles permettent de choisir entre une d\u00e9finition d\u2019abaque de charge sur 360\u00b0 minimale ou maximale en temps r\u00e9el. IC-1 Plus vous permet de&nbsp;:<br>\u00b7 faire rimer r\u00e9duction avec optimisation pour diminuer les co\u00fbt<br>\u00b7 obtenir la capacit\u00e9 de levage la plus grande possible de la grue<br>\u00b7 favoriser une utilisation s\u00fbre et efficace de la grue<\/p>\n\n\n\n<p class=\"has-text-align-center\"><img decoding=\"async\" src=\"https:\/\/tadanoworld.com\/wp-content\/uploads\/2022\/06\/IC-1Plus.jpg\"><\/p>\n\n\n\n<h2 class=\"wp-block-heading\">Capacit\u00e9 maximale<\/h2>\n\n\n\n<p>ILe syst\u00e8me IC-1&nbsp;Plus vous permet de tirer pleinement parti de la capacit\u00e9 de charge maximale disponible pour la configuration, lib\u00e9rant ainsi le v\u00e9ritable potentiel de la grue. IC-1&nbsp;Plus enregistre les abaques de charge de la grue pour chaque configuration et d\u00e9termine, en temps r\u00e9el, la capacit\u00e9 de charge de la grue pour chaque position de la fl\u00e8che, en fonction de l\u2019angle d\u2019orientation de la tourelle.<\/p>\n\n\n\n<p>Sur les chantiers encombr\u00e9s qui n\u00e9cessitent un positionnement asym\u00e9trique des stabilisateurs, la grue n\u2019est plus limit\u00e9e \u00e0 la valeur minimale d\u2019une capacit\u00e9 de levage de 360\u00b0 pr\u00e9alablement \u00e9tablie. Les capacit\u00e9s \u00e9tant affich\u00e9es imm\u00e9diatement dans la cabine, le syst\u00e8me IC-1&nbsp;Plus permet \u00e0 l\u2019op\u00e9rateur de positionner la grue de mani\u00e8re \u00e0 tirer le meilleur parti du levage au-dessus des stabilisateurs, o\u00f9 la capacit\u00e9 est \u00e0 son maximum.<\/p>\n\n\n\n<h2 class=\"wp-block-heading\">Intuitif et efficace<\/h2>\n\n\n\n<p>Les grues tout-terrain et les grues City de Tadano dispose d\u2019un syst\u00e8me d\u2019assemblage automatis\u00e9 des contrepoids qui \u00e9vite les manipulations en hauteur et permet de r\u00e9duire les temps d\u2019installation de la grue sur le chantier, le tout contribuant \u00e0 am\u00e9liorer la rentabilit\u00e9. Le syst\u00e8me IC-1 Plus identifie la configuration de contrepoids et d\u00e9termine automatiquement les capacit\u00e9s de charge possibles de la grue.<\/p>\n\n\n\n<p>Alors que d\u2019autres syst\u00e8mes proposent des mises \u00e0 jour de la capacit\u00e9 de charge par pas de 10\u00b0, le radar de capacit\u00e9 de charge du syst\u00e8me IC-1&nbsp;Plus permet aux grutiers de visualiser la capacit\u00e9 de charge en temps r\u00e9el. De cette mani\u00e8re, ils peuvent \u00eatre s\u00fbrs que la grue sera \u00e0 m\u00eame de supporter la charge. L\u2019affichage des couleurs vert, jaune et rouge aide l\u2019op\u00e9rateur \u00e0 visualiser le moment o\u00f9 la charge se trouve dans la zone \u00ab&nbsp;verte&nbsp;\u00bb ou s\u2019approche de la zone critique \u00ab&nbsp;jaune&nbsp;\u00bb. L\u2019\u00e9cran affiche la capacit\u00e9 max. pour un angle d\u2019orientation de +\/-30\u00b0 et la zone de relevage.<\/p>\n\n\n\n<p>Plus la charge se rapproche de la zone jaune, plus la vitesse de travail diminue. Le syst\u00e8me arr\u00eate automatiquement le mouvement de la grue avant d\u2019atteindre une condition de surcharge.<\/p>\n\n\n\n<p>Le syst\u00e8me de commande Tadano IC-1&nbsp;Plus associ\u00e9 au positionnement asym\u00e9trique des stabilisateurs vous offre la possibilit\u00e9 d\u2019utiliser une grue plus petite ou de transporter moins de contrepoids qu\u2019avec un syst\u00e8me d\u2019abaque sur 360\u00b0 pr\u00e9alablement d\u00e9fini, ce qui am\u00e9liore la rentabilit\u00e9 du projet. L\u2019IC-1&nbsp;Plus vous offre la possibilit\u00e9 de r\u00e9duire le nombre de camions utilis\u00e9s, le temps d\u2019installation sur le chantier ainsi que les co\u00fbts.<\/p>\n\n\n\n<p>Le syst\u00e8me de commande IC-1&nbsp;Plus fait partie int\u00e9grante de #TadanoDNA.<\/p>\n\n\n    <\/div>\n  <\/div>\n<\/section><script type=\"text\/javascript\">const useMetricTxt =\"Donn\u00e9es m\u00e9triques\"; const useImperialTxt =\"Donn\u00e9es imp\u00e9riales\";<\/script>","protected":false},"excerpt":{"rendered":"","protected":false},"author":4,"featured_media":0,"parent":0,"menu_order":0,"comment_status":"closed","ping_status":"closed","template":"","meta":{"_acf_changed":false,"footnotes":""},"class_list":["post-949","page","type-page","status-publish","hentry"],"acf":[],"_links":{"self":[{"href":"https:\/\/tadanoworld.com\/europe\/fr\/wp-json\/wp\/v2\/pages\/949","targetHints":{"allow":["GET"]}}],"collection":[{"href":"https:\/\/tadanoworld.com\/europe\/fr\/wp-json\/wp\/v2\/pages"}],"about":[{"href":"https:\/\/tadanoworld.com\/europe\/fr\/wp-json\/wp\/v2\/types\/page"}],"author":[{"embeddable":true,"href":"https:\/\/tadanoworld.com\/europe\/fr\/wp-json\/wp\/v2\/users\/4"}],"replies":[{"embeddable":true,"href":"https:\/\/tadanoworld.com\/europe\/fr\/wp-json\/wp\/v2\/comments?post=949"}],"version-history":[{"count":0,"href":"https:\/\/tadanoworld.com\/europe\/fr\/wp-json\/wp\/v2\/pages\/949\/revisions"}],"wp:attachment":[{"href":"https:\/\/tadanoworld.com\/europe\/fr\/wp-json\/wp\/v2\/media?parent=949"}],"curies":[{"name":"wp","href":"https:\/\/api.w.org\/{rel}","templated":true}]}}