{"id":950,"date":"2022-05-24T08:20:28","date_gmt":"2022-05-24T08:20:28","guid":{"rendered":"https:\/\/tadanoworld.com\/europe\/ic-1-remote\/"},"modified":"2022-10-07T06:07:47","modified_gmt":"2022-10-07T06:07:47","slug":"ic-1-remote","status":"publish","type":"page","link":"https:\/\/tadanoworld.com\/europe\/fr\/ic-1-remote\/","title":{"rendered":"IC-1 Remote"},"content":{"rendered":"\n<section class=\"group-blurred-background\">\n  <div class=\"group-blurred-background__container\">\n    <div class=\"group-blurred-background__inner\">\n      \n\n<h2 class=\"wp-block-heading\">IC-1 Remote<\/h2>\n\n\n\n<p>Pour vous permettre de prendre des d\u00e9cisions commerciales judicieuses concernant votre flotte de grues, il est indispensable que vous disposiez de donn\u00e9es d\u2019exploitation facilement accessibles et pertinentes. La nouvelle solution t\u00e9l\u00e9matique perfectionn\u00e9e IC-1 Remote vous fournit les outils dont vous avez besoin pour surveiller votre flotte de grues, \u00e0 tout moment et o\u00f9 que vous soyez, \u00e0 condition d\u2019avoir acc\u00e8s \u00e0 Internet. Les donn\u00e9es bas\u00e9es sur le cloud am\u00e9liorent la rentabilit\u00e9 de vos investissements, augmentent l\u2019efficacit\u00e9 de la planification des travaux et r\u00e9duisent les temps d\u2019arr\u00eat gr\u00e2ce \u00e0 une meilleure gestion des services.<br><br>Le syst\u00e8me de commande IC-1 Remote est disponible pour la quasi-totalit\u00e9 des grues tout-terrain&nbsp;Tadano \u00e9quip\u00e9es du syst\u00e8me de commande IC-1 et pour de nombreux mod\u00e8les de grues \u00e0 chenilles&nbsp;de la marque. \u00c9quip\u00e9 uniquement d\u2019un appareil radio dot\u00e9 d\u2019une carte SIM connect\u00e9e \u00e0 un serveur central h\u00e9berg\u00e9 dans le cloud pour le stockage et la transmission des donn\u00e9es, le syst\u00e8me IC-1 Remote est disponible sous forme de kit de mise \u00e0 niveau (r\u00e9trofit) sur le terrain pour diff\u00e9rents mod\u00e8les de grues tout-terrain et de grues \u00e0 chenilles Tadano<\/p>\n\n\n\n<p>Le syst\u00e8me IC-1 Remote fournit des donn\u00e9es cl\u00e9s dans les domaines suivants&nbsp;:<\/p>\n\n\n\n<p>\u00b7 Gestion de la flotte<br>\u00b7 Planification des services<br>\u00b7 D\u00e9pannage \u00e0 distance<\/p>\n\n\n\n<p class=\"has-text-align-center\"><img decoding=\"async\" src=\"https:\/\/tadanoeurope.com\/wp-content\/uploads\/2021\/05\/Demag-IC-1-Remote-1.jpg\"><\/p>\n\n\n\n<h2 class=\"wp-block-heading\">BIG DATA<\/h2>\n\n\n\n<p>En vous appuyant sur les donn\u00e9es fournies par le syst\u00e8me IC-1 Remote, vous pouvez g\u00e9rer efficacement votre flotte de grues pour une planification plus rentable des interventions. Le syst\u00e8me vous permet de suivre l\u2019historique des travaux r\u00e9alis\u00e9s avec la grue dans le cadre des projets achev\u00e9s et d\u2019obtenir des informations sur la dur\u00e9e du contrat. Vous \u00eates ainsi en mesure de soumettre des offres plus pertinentes et d\u2019am\u00e9liorer la rentabilit\u00e9 de vos investissements gr\u00e2ce \u00e0 une analyse intelligente et performante de l\u2019utilisation des grues.<br>La solution t\u00e9l\u00e9matique de Tadano vous fournit une bonne visibilit\u00e9 sur l\u2019emplacement de la grue de m\u00eame qu\u2019une foule de donn\u00e9es d\u2019exploitation telles que\u2026<\/p>\n\n\n\n<p>\u00b7 Longueur de fl\u00e8che principale<br>\u00b7 Longueur de fl\u00e9chette<br>\u00b7 Contrepoids<br>\u00b7 Base de calage<br>\u00b7 Poids de la charge<br>\u00b7 Rayon op\u00e9rationnel<br>\u00b7 Vitesse du vent<br>\u00b7 Niveaux des liquides \u2013 carburant, huile et liquide de refroidissement<\/p>\n\n\n\n<p> <\/p>\n\n\n\n<p>Prot\u00e9g\u00e9es par un mot de passe, ces donn\u00e9es sont accessibles \u00e0 partir d\u2019un ordinateur ou d\u2019un appareil mobile, pourvu qu\u2019une connexion Internet soit disponible. Le tableau de bord fournit une vue d\u2019ensemble aux utilisateurs autoris\u00e9s et informe ces derniers sur l\u2019\u00e9tat de fonctionnement des grues de la flotte connect\u00e9es au r\u00e9seau. Seul le personnel habilit\u00e9 peut acc\u00e9der aux donn\u00e9es et les rapports sont personnalisables, les informations pertinentes \u00e9tant ainsi adress\u00e9es directement \u00e0 la personne impliqu\u00e9e dans le processus de d\u00e9cision.<\/p>\n\n\n\n<h2 class=\"wp-block-heading\">Gestion de l\u2019\u00e9tat de la grue<\/h2>\n\n\n\n<p>L\u2019IC-1 Remote signale les alarmes, produit des rapports r\u00e9guliers, aide \u00e0 planifier les travaux d\u2019entretien courant et permet la d\u00e9signation d\u2019un personnel qualifi\u00e9 pour la r\u00e9ception des codes de d\u00e9fauts.<br>La solution t\u00e9l\u00e9matique de Tadano vous informe lorsque des probl\u00e8mes mineurs surviennent, ce qui permet de r\u00e9soudre ces derniers avant qu\u2019ils ne prennent de l\u2019ampleur et g\u00e9n\u00e8rent par cons\u00e9quent des co\u00fbts plus \u00e9lev\u00e9s. Le syst\u00e8me configurable permet aux techniciens du service apr\u00e8s-vente de d\u00e9finir des param\u00e8tres d\u2019entretien sp\u00e9cifiques tels que les heures de service des m\u00e9canismes de levage et les seuils critiques des niveaux d\u2019huile, de sorte que des alertes soient envoy\u00e9es lorsque ces niveaux sont atteints.<\/p>\n\n\n\n<p>Avec le syst\u00e8me IC-1 Remote, il suffit d\u2019un clic de souris pour obtenir les informations suivantes sur les conditions essentielles de fonctionnement de vos \u00e9quipements&#8230;<br>\u00b7 Heures de service<br>\u00b7 Temp\u00e9ratures<br>\u00b7 Niveaux des liquides<br>\u00b7 Pressions<br>\u00b7 Codes d\u2019erreur<\/p>\n\n\n\n<h2 class=\"wp-block-heading\">D\u00e9pannage \u00e0 distance<\/h2>\n\n\n\n<p>En plus d\u2019\u00eatre accessibles aux grutiers, les techniciens du service apr\u00e8s-vente peuvent \u00e9galement consulter les codes d\u2019erreur sur le portail et r\u00e9soudre imm\u00e9diatement les probl\u00e8mes mineurs. Cette fonctionnalit\u00e9 augmente consid\u00e9rablement la rapidit\u00e9 du service et diminue sensiblement le d\u00e9lai n\u00e9cessaire pour remettre une grue en \u00e9tat de fonctionnement, ce qui r\u00e9duit au minimum les temps d\u2019arr\u00eat et les interruptions particuli\u00e8rement co\u00fbteuses.<br><br>Souvent imit\u00e9 mais jamais \u00e9gal\u00e9. \u00c0 la date de son lancement, le syst\u00e8me IC-1 Remote \u00e9tait le premier syst\u00e8me t\u00e9l\u00e9matique de ce type.<\/p>\n\n\n<div class=\"download-button-block\">\n\t<div class=\"btn-holder\">\n\t\t<a href=\"https:\/\/tadanoworld.com\/wp-content\/uploads\/2022\/06\/IC1Remote_en_screen.pdf\" class=\"btn btn-outline\" download>\n\t    IC-1 REMOTE BROCHURE\t  <\/a>\n\t<\/div>\n<\/div>\n\n    <\/div>\n  <\/div>\n<\/section><script type=\"text\/javascript\">const useMetricTxt =\"Donn\u00e9es m\u00e9triques\"; const useImperialTxt =\"Donn\u00e9es imp\u00e9riales\";<\/script>","protected":false},"excerpt":{"rendered":"","protected":false},"author":4,"featured_media":0,"parent":0,"menu_order":0,"comment_status":"closed","ping_status":"closed","template":"","meta":{"_acf_changed":false,"footnotes":""},"class_list":["post-950","page","type-page","status-publish","hentry"],"acf":[],"_links":{"self":[{"href":"https:\/\/tadanoworld.com\/europe\/fr\/wp-json\/wp\/v2\/pages\/950","targetHints":{"allow":["GET"]}}],"collection":[{"href":"https:\/\/tadanoworld.com\/europe\/fr\/wp-json\/wp\/v2\/pages"}],"about":[{"href":"https:\/\/tadanoworld.com\/europe\/fr\/wp-json\/wp\/v2\/types\/page"}],"author":[{"embeddable":true,"href":"https:\/\/tadanoworld.com\/europe\/fr\/wp-json\/wp\/v2\/users\/4"}],"replies":[{"embeddable":true,"href":"https:\/\/tadanoworld.com\/europe\/fr\/wp-json\/wp\/v2\/comments?post=950"}],"version-history":[{"count":0,"href":"https:\/\/tadanoworld.com\/europe\/fr\/wp-json\/wp\/v2\/pages\/950\/revisions"}],"wp:attachment":[{"href":"https:\/\/tadanoworld.com\/europe\/fr\/wp-json\/wp\/v2\/media?parent=950"}],"curies":[{"name":"wp","href":"https:\/\/api.w.org\/{rel}","templated":true}]}}