{"id":951,"date":"2022-07-22T12:34:24","date_gmt":"2022-07-22T12:34:24","guid":{"rendered":"https:\/\/tadanoworld.com\/europe\/jouer-au-jeu\/"},"modified":"2025-02-24T18:13:57","modified_gmt":"2025-02-24T18:13:57","slug":"jouer-au-jeu","status":"publish","type":"page","link":"https:\/\/tadanoworld.com\/europe\/fr\/jouer-au-jeu\/","title":{"rendered":"Jouer au jeu"},"content":{"rendered":"\n<p><\/p>\n\n\n<script type=\"text\/javascript\">\n    const blockStackGameAssetsPath = 'https:\/\/tadanoworld.com\/europe\/wp-content\/themes\/tadano\/assets\/dist\/images\/block-stack-game\/';  \n    \/\/ christmas edition\n    \/\/const blockStackGameAssetsPath = 'https:\/\/tadanoworld.com\/europe\/wp-content\/themes\/tadano\/assets\/dist\/images\/block-stack-game\/christmas\/';  \n\n        const blockStackGameHighscores = [\n                    {\n                name: 'stf',\n                score: '137',\n            },\n                    {\n                name: 'AND',\n                score: '133',\n            },\n                    {\n                name: 'stf',\n                score: '132',\n            },\n                    {\n                name: 'sft',\n                score: '131',\n            },\n                    {\n                name: 'stf',\n                score: '130',\n            },\n            ];\n    \n    \n\n<\/script>\n\n<style type=\"text\/css\">\n    #blockStackGame {\n    }\n    #blockStackGame canvas {\n        display: block;\n        margin: 0 auto 20px;\n        border-radius: 22px;\n        box-shadow: rgba(0, 0, 0, 0.25) 0px 25px 50px -12px;\n    }\n    #score-submit-overlay {\n        background: #004295;\n    }\n    @media screen and (max-width: 650px) {\n        #blockStackGame {\n            position: relative;\n            margin:0;\n            left:0;\n            top:0;\n            transform: translate(0);\n        }\n        #blockStackGame canvas {\n            max-width:100%;\n        }\n    }\n        \n    }\n<\/style>\n\n<div id=\"blockStackGame\"><\/div>\n<div class=\"overlay centered\" id=\"score-submit-overlay\">\n    <div class=\"overlay-wrapper\">\n        <div class=\"close-overlay\">\n            <div class=\"close-btn\"><\/div>\n        <\/div>\n        <div class=\"container\">\n            <div class=\"score-submit\">\n                \n                \n                <div class=\"cookieconsent-optout-marketing cookieconsent\" style=\"background-image: url('https:\/\/tadanoworld.com\/europe\/wp-content\/themes\/tadano\/assets\/dist\/images\/nocookie_form.jpg');\">\n                        <div class=\"wrapper\">\n                        <h3>You need to accept marketing cookies to view this content<\/h3>\n                        <a href=\"javascript: Cookiebot.submitCustomConsent(false, false, true)\" class=\"btn btn-outline-white\">accept<\/a>\n                    <\/div>\n                <\/div>\n                <script type=\"text\/javascript\">\n                    function CookiebotCallback_OnAccept() {\n                    Cookiebot.changed && document.location.reload();\n                    }\n                <\/script>\n\n                \n\n\n            <\/div>\n        <\/div>\n    <\/div>\n<\/div>\n\n\n<p><\/p>\n\n\n\n<p><\/p>\n\n\n\n<p class=\"has-text-align-center\"><strong>Utilisez les touches fl\u00e9ch\u00e9es de votre clavier pour un meilleur contr\u00f4le<\/strong><\/p>\n\n\n\n<p>\u00cates-vous un bon grutier ? Testez vos capacit\u00e9s de levage en empilant les bo\u00eetes les unes sur les autres et voyez si vous avez ce qu&rsquo;il faut pour atteindre le sommet du tableau d&rsquo;affichage. Inscrivez votre score et participez au concours pour gagner 10&#215;2 billets pour la bauma !<\/p>\n\n\n\n<p><a href=\"https:\/\/tadanoworld.com\/europe\/fr\/conditions-de-participation-tirage-au-sort-des-billets-pour-bauma\/\">Conditions de participation<\/a><\/p>\n\n\n\n<div style=\"height:118px\" aria-hidden=\"true\" class=\"wp-block-spacer\"><\/div>\n<script type=\"text\/javascript\">const useMetricTxt =\"Donn\u00e9es m\u00e9triques\"; const useImperialTxt =\"Donn\u00e9es imp\u00e9riales\";<\/script>","protected":false},"excerpt":{"rendered":"<p>Utilisez les touches fl\u00e9ch\u00e9es de votre clavier pour un meilleur contr\u00f4le \u00cates-vous un bon grutier ? Testez vos capacit\u00e9s de levage en empilant les bo\u00eetes les unes sur les autres et voyez si vous avez ce qu&rsquo;il faut pour atteindre le sommet du tableau d&rsquo;affichage. Inscrivez votre score et participez au concours pour gagner 10&#215;2 [&hellip;]<\/p>\n","protected":false},"author":1,"featured_media":0,"parent":0,"menu_order":0,"comment_status":"closed","ping_status":"closed","template":"","meta":{"_acf_changed":false,"footnotes":""},"class_list":["post-951","page","type-page","status-publish","hentry"],"acf":[],"_links":{"self":[{"href":"https:\/\/tadanoworld.com\/europe\/fr\/wp-json\/wp\/v2\/pages\/951","targetHints":{"allow":["GET"]}}],"collection":[{"href":"https:\/\/tadanoworld.com\/europe\/fr\/wp-json\/wp\/v2\/pages"}],"about":[{"href":"https:\/\/tadanoworld.com\/europe\/fr\/wp-json\/wp\/v2\/types\/page"}],"author":[{"embeddable":true,"href":"https:\/\/tadanoworld.com\/europe\/fr\/wp-json\/wp\/v2\/users\/1"}],"replies":[{"embeddable":true,"href":"https:\/\/tadanoworld.com\/europe\/fr\/wp-json\/wp\/v2\/comments?post=951"}],"version-history":[{"count":5,"href":"https:\/\/tadanoworld.com\/europe\/fr\/wp-json\/wp\/v2\/pages\/951\/revisions"}],"predecessor-version":[{"id":1831,"href":"https:\/\/tadanoworld.com\/europe\/fr\/wp-json\/wp\/v2\/pages\/951\/revisions\/1831"}],"wp:attachment":[{"href":"https:\/\/tadanoworld.com\/europe\/fr\/wp-json\/wp\/v2\/media?parent=951"}],"curies":[{"name":"wp","href":"https:\/\/api.w.org\/{rel}","templated":true}]}}