{"id":952,"date":"2022-08-02T10:23:07","date_gmt":"2022-08-02T08:23:07","guid":{"rendered":"https:\/\/tadanoworld.com\/europe\/lifting-capacity\/"},"modified":"2022-08-02T10:23:07","modified_gmt":"2022-08-02T08:23:07","slug":"lifting-capacity","status":"publish","type":"page","link":"https:\/\/tadanoworld.com\/europe\/fr\/lifting-capacity\/","title":{"rendered":"LIFTING CAPACITY"},"content":{"rendered":"\n<section class=\"group-blurred-background\">\n  <div class=\"group-blurred-background__container\">\n    <div class=\"group-blurred-background__inner\">\n      \n\n<h2 class=\"wp-block-heading\">La mesure de toute chose\u00a0: les capacit\u00e9s de charge des grues Tadano<\/h2>\n\n\n\n<p>En mati\u00e8re de capacit\u00e9s de charge maximales, les grues Tadano font souvent figure de r\u00e9f\u00e9rence dans leurs classes de puissance respectives, en particulier avec des positions raides de la fl\u00e8che principale. Dans bien des cas, aucune autre grue ne parvient \u00e0 faire mieux.<\/p>\n\n\n\n<figure class=\"wp-block-image size-large\"><img decoding=\"async\" src=\"https:\/\/tadanoworld.com\/europe\/wp-content\/uploads\/sites\/2\/2023\/01\/liftingcapacity-758x1024.jpg\" alt=\"\" class=\"wp-image-1066\" \/><\/figure>\n\n\n\n<h2 class=\"wp-block-heading\">AC\u00a07.450-1 \u2013 la plus performante dans des positions de fl\u00e8che raides<\/h2>\n\n\n\n<p>Rien d\u2019\u00e9tonnant donc \u00e0 ce que nombre de prestataires de services de grutage misent sur Tadano, notamment pour le montage de grues \u00e0 tour. Comme sur la Tadano AC 7.450-1 actuelle, qui a \u00e9t\u00e9 sp\u00e9cialement optimis\u00e9e pour cette application et peut ainsi offrir les charges les plus \u00e9lev\u00e9es qui soient sur le march\u00e9 dans des positions de fl\u00e8che raides\u00a0:<\/p>\n\n\n\n<ul class=\"has-white-color has-text-color wp-block-list\"><li><strong><strong>23,7 tonnes<\/strong> avec une fl\u00e8che de 80\u00a0m\u00e8tres enti\u00e8rement d\u00e9ploy\u00e9e en configuration standard et un poids impressionnant de<\/strong><\/li><li><strong><strong>37,3\u00a0tonnes<\/strong> avec la version am\u00e9lior\u00e9e du syst\u00e8me <em>SSL<\/em> <em>(hier ggf. Link zur DNA-Site \u201e<a href=\"https:\/\/tadanoworld.com\/en\/ssl\/\" data-type=\"URL\" data-id=\"https:\/\/tadanoworld.com\/en\/ssl\/\">SSL<\/a> AC 7.450-1\u201c)<\/em><\/strong><\/li><\/ul>\n\n\n\n<p>Quant \u00e0 sa \u00ab\u00a0petite\u00a0\u00bb s\u0153ur, la grue AC\u00a06.300-1 Tadano, elle est \u00e9galement imbattable dans sa cat\u00e9gorie\u00a0: elle soul\u00e8ve un poids stup\u00e9fiant de <strong>15\u00a0tonnes<\/strong> en position de fl\u00e8che raide avec sa fl\u00e8che de 80\u00a0m\u00e8tres enti\u00e8rement d\u00e9ploy\u00e9e\u00a0!<\/p>\n\n\n\n<h2 class=\"wp-block-heading\">Les sp\u00e9cialistes de premier choix pour le montage de grues \u00e0 tour<\/h2>\n\n\n\n<p>Les capacit\u00e9s de charge souvent in\u00e9gal\u00e9es des grues Tadano dans des positions de fl\u00e8che raides ont entre-temps fait parler d\u2019elles chez de nombreux clients qui poss\u00e8dent leur propre flotte de grues \u00e0 tour. Ils appr\u00e9cient donc particuli\u00e8rement les grues Tadano, qu\u2019ils demandent explicitement pour le montage de leurs grues \u00e0 tour ou qu\u2019ils poss\u00e8dent d\u00e9j\u00e0 dans leur parc de v\u00e9hicules\u00a0; \u00e0 ce titre, la grue AC\u00a07.450-1 Tadano figure depuis peu parmi les favorites.<\/p>\n\n\n    <\/div>\n  <\/div>\n<\/section><script type=\"text\/javascript\">const useMetricTxt =\"Donn\u00e9es m\u00e9triques\"; const useImperialTxt =\"Donn\u00e9es imp\u00e9riales\";<\/script>","protected":false},"excerpt":{"rendered":"","protected":false},"author":4,"featured_media":0,"parent":0,"menu_order":0,"comment_status":"closed","ping_status":"closed","template":"","meta":{"_acf_changed":false,"footnotes":""},"class_list":["post-952","page","type-page","status-publish","hentry"],"acf":[],"_links":{"self":[{"href":"https:\/\/tadanoworld.com\/europe\/fr\/wp-json\/wp\/v2\/pages\/952","targetHints":{"allow":["GET"]}}],"collection":[{"href":"https:\/\/tadanoworld.com\/europe\/fr\/wp-json\/wp\/v2\/pages"}],"about":[{"href":"https:\/\/tadanoworld.com\/europe\/fr\/wp-json\/wp\/v2\/types\/page"}],"author":[{"embeddable":true,"href":"https:\/\/tadanoworld.com\/europe\/fr\/wp-json\/wp\/v2\/users\/4"}],"replies":[{"embeddable":true,"href":"https:\/\/tadanoworld.com\/europe\/fr\/wp-json\/wp\/v2\/comments?post=952"}],"version-history":[{"count":1,"href":"https:\/\/tadanoworld.com\/europe\/fr\/wp-json\/wp\/v2\/pages\/952\/revisions"}],"predecessor-version":[{"id":953,"href":"https:\/\/tadanoworld.com\/europe\/fr\/wp-json\/wp\/v2\/pages\/952\/revisions\/953"}],"wp:attachment":[{"href":"https:\/\/tadanoworld.com\/europe\/fr\/wp-json\/wp\/v2\/media?parent=952"}],"curies":[{"name":"wp","href":"https:\/\/api.w.org\/{rel}","templated":true}]}}