{"id":956,"date":"2022-08-02T10:14:49","date_gmt":"2022-08-02T08:14:49","guid":{"rendered":"https:\/\/tadanoworld.com\/europe\/remote-control\/"},"modified":"2022-08-02T10:14:49","modified_gmt":"2022-08-02T08:14:49","slug":"remote-control","status":"publish","type":"page","link":"https:\/\/tadanoworld.com\/europe\/fr\/remote-control\/","title":{"rendered":"Remote control"},"content":{"rendered":"\n<section class=\"group-blurred-background\">\n  <div class=\"group-blurred-background__container\">\n    <div class=\"group-blurred-background__inner\">\n      \n\n<h2 class=\"wp-block-heading\">Nouvelle g\u00e9n\u00e9ration\u00a0: la toute derni\u00e8re radiocommande Tadano<\/h2>\n\n\n\n<p>Jamais une grue Tadano n\u2019a pu \u00eatre \u00e9quip\u00e9e et command\u00e9e \u00e0 distance de mani\u00e8re plus pratique, plus pr\u00e9cise et plus simple. Chaque commande d\u2019une fonction ou d\u2019un mouvement de la grue au moyen de la nouvelle radiocommande correspond en effet exactement \u00e0 celle de la commande dans la cabine. De m\u00eame, la rapidit\u00e9 d\u2019ex\u00e9cution des commandes ne n\u00e9cessite aucun changement d\u2019habitude\u00a0: La dur\u00e9e minimale des commandes et le temps de r\u00e9action sont \u00e0 peine augment\u00e9s.<\/p>\n\n\n\n<figure class=\"wp-block-image size-large\"><img decoding=\"async\" src=\"https:\/\/tadanoworld.com\/europe\/wp-content\/uploads\/sites\/2\/2023\/01\/remote-1024x663.png\" alt=\"\" class=\"wp-image-1047\" \/><\/figure>\n\n\n\n<h2 class=\"wp-block-heading\">Toujours l\u2019\u0153il sur tout \u2013 tout sous contr\u00f4le\u00a0!<\/h2>\n\n\n\n<p>Gr\u00e2ce \u00e0 l\u2019\u00e9cran anti-\u00e9blouissement de 5 pouces parfaitement lisible, l\u2019op\u00e9rateur dispose en permanence d\u2019une vue d\u2019ensemble compl\u00e8te lors de l\u2019\u00e9quipement et de la commande de sa grue. Dans les deux cas, il a acc\u00e8s \u00e0 l\u2019ensemble des fonctions avec la radiocommande\u00a0: il peut mettre la grue \u00e0 niveau avec pr\u00e9cision, rentrer et d\u00e9ployer la fl\u00e8che principale ou l\u2019incliner \u00e0 volont\u00e9, faire passer les c\u00e2bles dans les moufles ou encore mettre en place les contrepoids.<\/p>\n\n\n\n<h2 class=\"wp-block-heading\">Op\u00e9rer sur le terrain<\/h2>\n\n\n\n<p>Every crane operator knows it: There are things that can be done better when one has a direct line of sight from various angles to the pTous les grutiers le savent\u00a0: certaines fonctions sont tout simplement plus faciles \u00e0 ex\u00e9cuter si l\u2019op\u00e9rateur est en contact visuel direct sous diff\u00e9rents angles avec le lieu de l\u2019op\u00e9ration. Cela inclut par exemple la mise en place du crochet-moufle. La nouvelle radiocommande Tadano s\u2019av\u00e8re ici non seulement utile tout en apportant un r\u00e9el gain de s\u00e9curit\u00e9, elle est aussi \u00e9conomique puisqu\u2019elle permet de ne pas recourir \u00e0 une deuxi\u00e8me personne pour le guidage.<\/p>\n\n\n\n<h2 class=\"wp-block-heading\">To be availDisponible \u00e0 l\u2019avenir pour tous les nouveaux mod\u00e8les<\/h2>\n\n\n\n<p>\u00c0 l\u2019heure actuelle, les mod\u00e8les Tadano AC\u00a04.080-1 et AC\u00a07.450-1 sont d\u00e9j\u00e0 \u00e9quip\u00e9s de la nouvelle radiocommande et celle-ci va \u00e9galement \u00eatre disponible pour tous les mod\u00e8les \u00e0 venir.<\/p>\n\n\n    <\/div>\n  <\/div>\n<\/section><script type=\"text\/javascript\">const useMetricTxt =\"Donn\u00e9es m\u00e9triques\"; const useImperialTxt =\"Donn\u00e9es imp\u00e9riales\";<\/script>","protected":false},"excerpt":{"rendered":"","protected":false},"author":4,"featured_media":0,"parent":0,"menu_order":0,"comment_status":"closed","ping_status":"closed","template":"","meta":{"_acf_changed":false,"footnotes":""},"class_list":["post-956","page","type-page","status-publish","hentry"],"acf":[],"_links":{"self":[{"href":"https:\/\/tadanoworld.com\/europe\/fr\/wp-json\/wp\/v2\/pages\/956","targetHints":{"allow":["GET"]}}],"collection":[{"href":"https:\/\/tadanoworld.com\/europe\/fr\/wp-json\/wp\/v2\/pages"}],"about":[{"href":"https:\/\/tadanoworld.com\/europe\/fr\/wp-json\/wp\/v2\/types\/page"}],"author":[{"embeddable":true,"href":"https:\/\/tadanoworld.com\/europe\/fr\/wp-json\/wp\/v2\/users\/4"}],"replies":[{"embeddable":true,"href":"https:\/\/tadanoworld.com\/europe\/fr\/wp-json\/wp\/v2\/comments?post=956"}],"version-history":[{"count":1,"href":"https:\/\/tadanoworld.com\/europe\/fr\/wp-json\/wp\/v2\/pages\/956\/revisions"}],"predecessor-version":[{"id":957,"href":"https:\/\/tadanoworld.com\/europe\/fr\/wp-json\/wp\/v2\/pages\/956\/revisions\/957"}],"wp:attachment":[{"href":"https:\/\/tadanoworld.com\/europe\/fr\/wp-json\/wp\/v2\/media?parent=956"}],"curies":[{"name":"wp","href":"https:\/\/api.w.org\/{rel}","templated":true}]}}