{"id":958,"date":"2022-11-08T09:34:58","date_gmt":"2022-11-08T09:34:58","guid":{"rendered":"https:\/\/tadanoworld.com\/europe\/salon-de-presse\/"},"modified":"2022-11-08T09:47:29","modified_gmt":"2022-11-08T09:47:29","slug":"salon-de-presse","status":"publish","type":"page","link":"https:\/\/tadanoworld.com\/europe\/fr\/salon-de-presse\/","title":{"rendered":"SALON DE PRESSE"},"content":{"rendered":"<section class=\"video-block\">\n  <div class=\"video-box\">\n        <a aria-labelledby=\"video-txt\" data-fancybox href=\"https:\/\/youtu.be\/loqFRU6OGgI\" class=\"video\">\n      <span class=\"play-btn\"><\/span>\n              <div class=\"bg-stretch\" >\n          <span data-srcset=\"https:\/\/img.youtube.com\/vi\/loqFRU6OGgI\/hqdefault.jpg, https:\/\/img.youtube.com\/vi\/loqFRU6OGgI\/hqdefault.jpg 2x\"><\/span>\n        <\/div>\n          <\/a>\n    <div class=\"video-txt\">\n          <\/div>\n  <\/div>\n<\/section>\n\n\n<p>Nous tenons \u00e0 remercier les journalistes qui se sont joints \u00e0 nous pour la conf\u00e9rence de presse de Tadano \u00e0 la bauma le 25 octobre 2022.<\/p>\n\n\n\n<p>Si vous n&rsquo;avez pas pu assister \u00e0 la conf\u00e9rence de presse, vous avez la possibilit\u00e9 de regarder l&rsquo;int\u00e9gralit\u00e9 de la conf\u00e9rence sur cette page.<\/p>\n\n\n\n<p>Nous avons \u00e9galement pr\u00e9par\u00e9 un dossier de presse comprenant tous les communiqu\u00e9s de presse et les photos, que vous pouvez t\u00e9l\u00e9charger ici :<\/p>\n\n\n\n<div class=\"wp-block-columns is-layout-flex wp-container-core-columns-is-layout-9d6595d7 wp-block-columns-is-layout-flex\">\n<div class=\"wp-block-column is-layout-flow wp-block-column-is-layout-flow\"><div class=\"download-button-block\">\n\t<div class=\"btn-holder\">\n\t\t<a href=\"https:\/\/mediahub.onetadano.com\/pinaccess\/pinaccess.do?pinCode=5qqGgX8YGvQ8\" class=\"btn btn-outline\" download>\n\t    Press pack bauma 2022\t  <\/a>\n\t<\/div>\n<\/div><\/div>\n\n\n\n<div class=\"wp-block-column is-layout-flow wp-block-column-is-layout-flow\"><\/div>\n\n\n\n<div class=\"wp-block-column is-layout-flow wp-block-column-is-layout-flow\"><\/div>\n<\/div>\n<script type=\"text\/javascript\">const useMetricTxt =\"Donn\u00e9es m\u00e9triques\"; const useImperialTxt =\"Donn\u00e9es imp\u00e9riales\";<\/script>","protected":false},"excerpt":{"rendered":"<p>Nous tenons \u00e0 remercier les journalistes qui se sont joints \u00e0 nous pour la conf\u00e9rence de presse de Tadano \u00e0 la bauma le 25 octobre 2022. Si vous n&rsquo;avez pas pu assister \u00e0 la conf\u00e9rence de presse, vous avez la possibilit\u00e9 de regarder l&rsquo;int\u00e9gralit\u00e9 de la conf\u00e9rence sur cette page. Nous avons \u00e9galement pr\u00e9par\u00e9 un [&hellip;]<\/p>\n","protected":false},"author":4,"featured_media":0,"parent":0,"menu_order":0,"comment_status":"closed","ping_status":"closed","template":"","meta":{"_acf_changed":false,"footnotes":""},"class_list":["post-958","page","type-page","status-publish","hentry"],"acf":[],"_links":{"self":[{"href":"https:\/\/tadanoworld.com\/europe\/fr\/wp-json\/wp\/v2\/pages\/958","targetHints":{"allow":["GET"]}}],"collection":[{"href":"https:\/\/tadanoworld.com\/europe\/fr\/wp-json\/wp\/v2\/pages"}],"about":[{"href":"https:\/\/tadanoworld.com\/europe\/fr\/wp-json\/wp\/v2\/types\/page"}],"author":[{"embeddable":true,"href":"https:\/\/tadanoworld.com\/europe\/fr\/wp-json\/wp\/v2\/users\/4"}],"replies":[{"embeddable":true,"href":"https:\/\/tadanoworld.com\/europe\/fr\/wp-json\/wp\/v2\/comments?post=958"}],"version-history":[{"count":0,"href":"https:\/\/tadanoworld.com\/europe\/fr\/wp-json\/wp\/v2\/pages\/958\/revisions"}],"wp:attachment":[{"href":"https:\/\/tadanoworld.com\/europe\/fr\/wp-json\/wp\/v2\/media?parent=958"}],"curies":[{"name":"wp","href":"https:\/\/api.w.org\/{rel}","templated":true}]}}