{"id":959,"date":"2022-05-17T14:27:25","date_gmt":"2022-05-17T14:27:25","guid":{"rendered":"https:\/\/tadanoworld.com\/europe\/smart-chart\/"},"modified":"2022-10-06T13:59:27","modified_gmt":"2022-10-06T13:59:27","slug":"smart-chart","status":"publish","type":"page","link":"https:\/\/tadanoworld.com\/europe\/fr\/smart-chart\/","title":{"rendered":"Smart Chart"},"content":{"rendered":"\n<section class=\"group-blurred-background\">\n  <div class=\"group-blurred-background__container\">\n    <div class=\"group-blurred-background__inner\">\n      \n\n<h2 class=\"wp-block-heading\">SMART CHART<\/h2>\n\n\n\n<p>L\u2019abaque intelligent (Smart Chart) de Tadano vous permet de tirer parti de la capacit\u00e9 de charge maximale disponible pour que vous puissiez accomplir efficacement votre travail et exploiter pleinement votre potentiel.<\/p>\n\n\n\n<p><img decoding=\"async\" src=\"https:\/\/tadanoworld.com\/wp-content\/uploads\/2022\/06\/SmartChart.jpg\"><\/p>\n\n\n\n<h2 class=\"wp-block-heading\">Maximisez votre potentiel de levage<\/h2>\n\n\n\n<p>El sistema Smart Chart ampl\u00eda el \u00e1rea de trabajo circular habitual con la configuraci\u00f3n de estabilizadores seleccionada a un \u00e1rea de Le syst\u00e8me d\u2019abaque intelligent (Smart Chart) \u00e9largit la zone de travail de forme circulaire habituelle avec la configuration de stabilisateur s\u00e9lectionn\u00e9e en une zone de travail de forme pyramidale, fournissant ainsi de meilleurs abaques de charge. D\u00e9sormais, vous saurez exactement quand vous pouvez d\u00e9ployer compl\u00e8tement vos stabilisateurs ou travailler avec un contrepoids maximal.<\/p>\n\n\n    <\/div>\n  <\/div>\n<\/section><script type=\"text\/javascript\">const useMetricTxt =\"Donn\u00e9es m\u00e9triques\"; const useImperialTxt =\"Donn\u00e9es imp\u00e9riales\";<\/script>","protected":false},"excerpt":{"rendered":"","protected":false},"author":4,"featured_media":0,"parent":0,"menu_order":0,"comment_status":"closed","ping_status":"closed","template":"","meta":{"_acf_changed":false,"footnotes":""},"class_list":["post-959","page","type-page","status-publish","hentry"],"acf":[],"_links":{"self":[{"href":"https:\/\/tadanoworld.com\/europe\/fr\/wp-json\/wp\/v2\/pages\/959","targetHints":{"allow":["GET"]}}],"collection":[{"href":"https:\/\/tadanoworld.com\/europe\/fr\/wp-json\/wp\/v2\/pages"}],"about":[{"href":"https:\/\/tadanoworld.com\/europe\/fr\/wp-json\/wp\/v2\/types\/page"}],"author":[{"embeddable":true,"href":"https:\/\/tadanoworld.com\/europe\/fr\/wp-json\/wp\/v2\/users\/4"}],"replies":[{"embeddable":true,"href":"https:\/\/tadanoworld.com\/europe\/fr\/wp-json\/wp\/v2\/comments?post=959"}],"version-history":[{"count":0,"href":"https:\/\/tadanoworld.com\/europe\/fr\/wp-json\/wp\/v2\/pages\/959\/revisions"}],"wp:attachment":[{"href":"https:\/\/tadanoworld.com\/europe\/fr\/wp-json\/wp\/v2\/media?parent=959"}],"curies":[{"name":"wp","href":"https:\/\/api.w.org\/{rel}","templated":true}]}}