{"id":966,"date":"2022-05-24T08:24:02","date_gmt":"2022-05-24T08:24:02","guid":{"rendered":"https:\/\/tadanoworld.com\/europe\/surround-view\/"},"modified":"2022-10-07T06:13:03","modified_gmt":"2022-10-07T06:13:03","slug":"surround-view","status":"publish","type":"page","link":"https:\/\/tadanoworld.com\/europe\/fr\/surround-view\/","title":{"rendered":"Surround View"},"content":{"rendered":"\n<section class=\"group-blurred-background\">\n  <div class=\"group-blurred-background__container\">\n    <div class=\"group-blurred-background__inner\">\n      \n\n<h2 class=\"wp-block-heading\" style=\"font-size:30px\">Obtenez une vue d\u2019ensemble pr\u00e9cise de l\u2019environnement de votre grue <\/h2>\n\n\n\n<p>Le nouveau syst\u00e8me de vue panoramique \u00ab&nbsp;Surround View&nbsp;\u00bb de Tadano offre un contr\u00f4le \u00e0 360\u00b0, permettant ainsi au grutier de positionner plus facilement la grue sur le chantier. Ce syst\u00e8me brevet\u00e9 utilise jusqu\u2019\u00e0 six cam\u00e9ras pour afficher sur un \u00e9cran la port\u00e9e possible des stabilisateurs, ainsi que le rayon de braquage arri\u00e8re \u00e0 la position actuelle de la grue. Le syst\u00e8me \u00ab&nbsp;Surround View&nbsp;\u00bb vous fournit \u00e9galement un aper\u00e7u complet de ce qui se trouve autour de la grue lors de virages \u00e0 gauche ou \u00e0 droite et d\u00e9voile les angles morts qui peuvent cacher des pi\u00e9tons, des cyclistes ou d\u2019autres obstacles. Il est automatiquement activ\u00e9 lorsque le clignotant est actionn\u00e9.<\/p>\n\n\n\n<p><img decoding=\"async\" src=\"https:\/\/tadanoworld.com\/wp-content\/uploads\/2022\/06\/AC-2.040-1-Surround-View-scaled.jpg\"><\/p>\n\n\n\n<p>Le syst\u00e8me \u00ab&nbsp;Surround View&nbsp;\u00bb de Tadano est disponible pour les mod\u00e8les AC 4.080-1, AC 7.450-1 et AC 2.040-1.<\/p>\n\n\n\n<p>\u00b7 Un syst\u00e8me de cam\u00e9ras innovant offre une vue compl\u00e8te \u00e0 360\u00b0.<br>\u00b7 Le flux vid\u00e9o est affich\u00e9 sur un \u00e9cran s\u00e9par\u00e9 dans la cabine ch\u00e2ssis.<br>\u00b7 Peut \u00eatre utilis\u00e9 comme une aide \u00e0 la conduite pendant le trajet \u2013 lors d\u2019un virage \u00e0 droite, les \u00e9l\u00e9ments situ\u00e9s dans les angles morts tels que les cyclistes, les pi\u00e9tons ou les obstacles sont affich\u00e9s \u00e0 l\u2019\u00e9cran.<br>\u00b7 Syst\u00e8me brevet\u00e9&nbsp;: indication de la position des stabilisateurs et du rayon de braquage arri\u00e8re du contrepoids pour une installation rapide.<\/p>\n\n\n    <\/div>\n  <\/div>\n<\/section><script type=\"text\/javascript\">const useMetricTxt =\"Donn\u00e9es m\u00e9triques\"; const useImperialTxt =\"Donn\u00e9es imp\u00e9riales\";<\/script>","protected":false},"excerpt":{"rendered":"","protected":false},"author":4,"featured_media":0,"parent":0,"menu_order":0,"comment_status":"closed","ping_status":"closed","template":"","meta":{"_acf_changed":false,"footnotes":""},"class_list":["post-966","page","type-page","status-publish","hentry"],"acf":[],"_links":{"self":[{"href":"https:\/\/tadanoworld.com\/europe\/fr\/wp-json\/wp\/v2\/pages\/966","targetHints":{"allow":["GET"]}}],"collection":[{"href":"https:\/\/tadanoworld.com\/europe\/fr\/wp-json\/wp\/v2\/pages"}],"about":[{"href":"https:\/\/tadanoworld.com\/europe\/fr\/wp-json\/wp\/v2\/types\/page"}],"author":[{"embeddable":true,"href":"https:\/\/tadanoworld.com\/europe\/fr\/wp-json\/wp\/v2\/users\/4"}],"replies":[{"embeddable":true,"href":"https:\/\/tadanoworld.com\/europe\/fr\/wp-json\/wp\/v2\/comments?post=966"}],"version-history":[{"count":0,"href":"https:\/\/tadanoworld.com\/europe\/fr\/wp-json\/wp\/v2\/pages\/966\/revisions"}],"wp:attachment":[{"href":"https:\/\/tadanoworld.com\/europe\/fr\/wp-json\/wp\/v2\/media?parent=966"}],"curies":[{"name":"wp","href":"https:\/\/api.w.org\/{rel}","templated":true}]}}