{"id":634,"date":"2023-07-20T16:05:52","date_gmt":"2023-07-20T14:05:52","guid":{"rendered":"https:\/\/tadanoworld.com\/pan-america\/alternative-fuels\/"},"modified":"2023-08-07T08:11:28","modified_gmt":"2023-08-07T08:11:28","slug":"alternative-fuels","status":"publish","type":"page","link":"https:\/\/tadanoworld.com\/pan-america\/fr\/alternative-fuels\/","title":{"rendered":"ALTERNATIVE FUELS"},"content":{"rendered":"\n<section class=\"group-blurred-background\">\n  <div class=\"group-blurred-background__container\">\n    <div class=\"group-blurred-background__inner\">\n      \n\n<h2 class=\"wp-block-heading\"><strong>Carburants diesel de substitution\u00a0: se d\u00e9placer sans produire d\u2019\u00e9missions gr\u00e2ce au HVO et autres carburants alternatifs.<\/strong><\/h2>\n\n\n\n<p>Pour Tadano, le th\u00e8me de la durabilit\u00e9 repr\u00e9sente bien plus que de belles paroles\u00a0: notre objectif \u00e0 l\u2019\u00e9chelle mondiale est de r\u00e9duire, d\u2019ici 2030, les \u00e9missions de CO<sub>2<\/sub> de nos activit\u00e9s commerciales de 25\u00a0% et celles de nos produits de 35\u00a0% \u2013 en tant que propri\u00e9taire de grues Tadano, vous pouvez, vous aussi, apporter une contribution significative \u00e0 la protection du climat et de l\u2019environnement.<\/p>\n\n\n\n<figure class=\"wp-block-image size-large\"><img decoding=\"async\" src=\"https:\/\/tadanoworld.com\/pan-america\/wp-content\/uploads\/sites\/3\/2023\/07\/HVO-1024x530.jpg\" alt=\"\" class=\"wp-image-2953\" \/><\/figure>\n\n\n\n<h2 class=\"wp-block-heading\"><strong>Des carburants \u00ab\u00a0verts\u00a0\u00bb pour de nombreuses grues Tadano<\/strong><\/h2>\n\n\n\n<p>La plupart des grues Tadano fabriqu\u00e9es en Allemagne sont en effet adapt\u00e9es \u00e0 une exploitation avec des carburants \u00e0 faibles \u00e9missions, et ce toutes s\u00e9ries confondues&nbsp;: l\u2019\u00e9ventail s\u2019\u00e9tend de nombreux mod\u00e8les AC aux grues sur porteur HK, en passant par les grues \u00e0 chenilles \u00e0 fl\u00e8che t\u00e9lescopique GTC-2000 et les grues \u00e0 chenilles \u00e0 m\u00e2t treillis CC.<\/p>\n\n\n\n<p>Les mod\u00e8les actuels ne sont d\u2019ailleurs pas les seuls concern\u00e9s. Un grand nombre d\u2019anciens mod\u00e8les Tadano sont \u00e9galement con\u00e7us pour fonctionner avec des carburants diesel de substitution \u2013 votre interlocuteur privil\u00e9gi\u00e9e chez Tadano vous indiquera volontiers si vous pouvez \u00e9galement ravitailler votre grue Tadano en HVO ou autres carburants alternatifs.<\/p>\n\n\n\n<h2 class=\"wp-block-heading\"><strong>Nous montrons l\u2019exemple<\/strong><\/h2>\n\n\n\n<p>Sur le site m\u00eame de notre usine, nous utilisons d\u00e9j\u00e0 en partie le carburant diesel de substitution HVO dans le cadre d\u2019essais et de transferts, afin de r\u00e9duire de mani\u00e8re cons\u00e9quente les \u00e9missions de CO<sub>2<\/sub> li\u00e9es \u00e0 notre domaine de responsabilit\u00e9, et nous en tirons les meilleurs r\u00e9sultats&nbsp;:<\/p>\n\n\n\n<p>ce carburant neutre pour le climat, produit de mani\u00e8re renouvelable \u00e0 base d\u2019huiles v\u00e9g\u00e9tales et de graisses animales, poss\u00e8de en effet une densit\u00e9 de puissance presque identique \u00e0 celle du diesel fossile&nbsp;; on ne constate par cons\u00e9quent aucune diminution de la puissance lors de la r\u00e9alisation d\u2019op\u00e9rations de translation et de levage. Rien ne s\u2019oppose donc \u00e0 ce que vous optiez pour une grue Tadano aliment\u00e9e en \u00e9nergie verte.<\/p>\n\n\n    <\/div>\n  <\/div>\n<\/section><script type=\"text\/javascript\">const useMetricTxt =\"Donn\u00e9es m\u00e9triques\"; const useImperialTxt =\"Donn\u00e9es imp\u00e9riales\";<\/script>","protected":false},"excerpt":{"rendered":"","protected":false},"author":4,"featured_media":0,"parent":0,"menu_order":0,"comment_status":"closed","ping_status":"closed","template":"","meta":{"_acf_changed":false,"footnotes":""},"class_list":["post-634","page","type-page","status-publish","hentry"],"acf":[],"_links":{"self":[{"href":"https:\/\/tadanoworld.com\/pan-america\/fr\/wp-json\/wp\/v2\/pages\/634","targetHints":{"allow":["GET"]}}],"collection":[{"href":"https:\/\/tadanoworld.com\/pan-america\/fr\/wp-json\/wp\/v2\/pages"}],"about":[{"href":"https:\/\/tadanoworld.com\/pan-america\/fr\/wp-json\/wp\/v2\/types\/page"}],"author":[{"embeddable":true,"href":"https:\/\/tadanoworld.com\/pan-america\/fr\/wp-json\/wp\/v2\/users\/4"}],"replies":[{"embeddable":true,"href":"https:\/\/tadanoworld.com\/pan-america\/fr\/wp-json\/wp\/v2\/comments?post=634"}],"version-history":[{"count":3,"href":"https:\/\/tadanoworld.com\/pan-america\/fr\/wp-json\/wp\/v2\/pages\/634\/revisions"}],"predecessor-version":[{"id":637,"href":"https:\/\/tadanoworld.com\/pan-america\/fr\/wp-json\/wp\/v2\/pages\/634\/revisions\/637"}],"wp:attachment":[{"href":"https:\/\/tadanoworld.com\/pan-america\/fr\/wp-json\/wp\/v2\/media?parent=634"}],"curies":[{"name":"wp","href":"https:\/\/api.w.org\/{rel}","templated":true}]}}