{"id":638,"date":"2023-07-20T15:50:47","date_gmt":"2023-07-20T13:50:47","guid":{"rendered":"https:\/\/tadanoworld.com\/pan-america\/automatic-counterweight-setup\/"},"modified":"2023-08-07T08:19:19","modified_gmt":"2023-08-07T08:19:19","slug":"automatic-counterweight-setup","status":"publish","type":"page","link":"https:\/\/tadanoworld.com\/pan-america\/fr\/automatic-counterweight-setup\/","title":{"rendered":"AUTOMATIC COUNTERWEIGHT SETUP"},"content":{"rendered":"\n<section class=\"group-blurred-background\">\n  <div class=\"group-blurred-background__container\">\n    <div class=\"group-blurred-background__inner\">\n      \n\n<h2 class=\"wp-block-heading\"><strong>Simple, rapide &amp; s\u00fbre\u00a0: la fonction d&rsquo;\u00e9quipement automatique du contrepoids de Tadano<\/strong><\/h2>\n\n\n\n<p>Lorsque vous arrivez sur un chantier avec votre grue Tadano, votre objectif est d&rsquo;\u00eatre op\u00e9rationnel le plus rapidement possible. Nous avons donc \u00e9quip\u00e9 nos grues AC jusqu&rsquo;au mod\u00e8le AC\u00a06.300\u20111 d&rsquo;une fonction d&rsquo;\u00e9quipement rapide et automatique du contrepoids.<\/p>\n\n\n\n<h2 class=\"wp-block-heading\"><strong>Son fonctionnement est simple:<\/strong><\/h2>\n\n\n\n<p>Il suffit d&rsquo;amener la tourelle de votre grue Tadano dans la plage angulaire requise et d&rsquo;activer la fonction automatique d&rsquo;\u00e9quipement du contrepoids dans l&rsquo;IC-1. Toutes les \u00e9tapes suivantes se d\u00e9roulent alors automatiquement lorsque le levier de commande est actionn\u00e9:<\/p>\n\n\n\n<ol type=\"1\" class=\"has-white-color has-text-color wp-block-list\">\n<li>La tourelle pivote sur la position de 4\u00b0.<\/li>\n\n\n\n<li>Les v\u00e9rins de levage du contrepoids viennent s&rsquo;ins\u00e9rer de mani\u00e8re t\u00e9lescopique \u00ab\u00a0comme par magie\u00a0\u00bb dans les \u00e9videments r\u00e9niformes des plaques de contrepoids.<\/li>\n\n\n\n<li>La tourelle pivote vers l&rsquo;arri\u00e8re \u00e0 la position 0\u00b0<\/li>\n\n\n\n<li>Les v\u00e9rins de levage du contrepoids tirent le contrepoids sur le ch\u00e2ssis de la tourelle \u2013 le tour est jou\u00e9!<\/li>\n<\/ol>\n\n\n\n<figure class=\"wp-block-image size-large\"><img decoding=\"async\" src=\"https:\/\/tadanoworld.com\/pan-america\/wp-content\/uploads\/sites\/3\/2023\/07\/Product-V2.00_01_07_15.Standbild001-enhance-2x-1024x576.jpg\" alt=\"\" class=\"wp-image-2907\" \/><\/figure>\n\n\n\n<h2 class=\"wp-block-heading\"><strong>Des avantages pour le grutier, l&rsquo;exploitant et le client<\/strong><\/h2>\n\n\n\n<p>La fonction d&rsquo;\u00e9quipement automatique du contrepoids con\u00e7ue par Tadano pr\u00e9sente des avantages consid\u00e9rables pour le grutier&nbsp;: il peut \u00e9quiper la grue rapidement, facilement et surtout de mani\u00e8re s\u00fbre dans la mesure o\u00f9 le syst\u00e8me automatique exclut toute \u00ab&nbsp;fausse man\u0153uvre&nbsp;\u00bb dangereuse lors du soul\u00e8vement des plaques de contrepoids.<\/p>\n\n\n\n<p>L&rsquo;exploitant de la grue b\u00e9n\u00e9ficie d&rsquo;une meilleure rentabilit\u00e9, car le syst\u00e8me d&rsquo;\u00e9quipement automatique r\u00e9duit au minimum les temps \u00ab&nbsp;improductifs&nbsp;\u00bb sur le chantier. Le client appr\u00e9cie quant \u00e0 lui que le travail soit effectu\u00e9 plus rapidement.<\/p>\n\n\n    <\/div>\n  <\/div>\n<\/section><script type=\"text\/javascript\">const useMetricTxt =\"Donn\u00e9es m\u00e9triques\"; const useImperialTxt =\"Donn\u00e9es imp\u00e9riales\";<\/script>","protected":false},"excerpt":{"rendered":"","protected":false},"author":4,"featured_media":0,"parent":0,"menu_order":0,"comment_status":"closed","ping_status":"closed","template":"","meta":{"_acf_changed":false,"footnotes":""},"class_list":["post-638","page","type-page","status-publish","hentry"],"acf":[],"_links":{"self":[{"href":"https:\/\/tadanoworld.com\/pan-america\/fr\/wp-json\/wp\/v2\/pages\/638","targetHints":{"allow":["GET"]}}],"collection":[{"href":"https:\/\/tadanoworld.com\/pan-america\/fr\/wp-json\/wp\/v2\/pages"}],"about":[{"href":"https:\/\/tadanoworld.com\/pan-america\/fr\/wp-json\/wp\/v2\/types\/page"}],"author":[{"embeddable":true,"href":"https:\/\/tadanoworld.com\/pan-america\/fr\/wp-json\/wp\/v2\/users\/4"}],"replies":[{"embeddable":true,"href":"https:\/\/tadanoworld.com\/pan-america\/fr\/wp-json\/wp\/v2\/comments?post=638"}],"version-history":[{"count":3,"href":"https:\/\/tadanoworld.com\/pan-america\/fr\/wp-json\/wp\/v2\/pages\/638\/revisions"}],"predecessor-version":[{"id":641,"href":"https:\/\/tadanoworld.com\/pan-america\/fr\/wp-json\/wp\/v2\/pages\/638\/revisions\/641"}],"wp:attachment":[{"href":"https:\/\/tadanoworld.com\/pan-america\/fr\/wp-json\/wp\/v2\/media?parent=638"}],"curies":[{"name":"wp","href":"https:\/\/api.w.org\/{rel}","templated":true}]}}