{"id":646,"date":"2023-07-20T15:55:09","date_gmt":"2023-07-20T13:55:09","guid":{"rendered":"https:\/\/tadanoworld.com\/pan-america\/eco-mode-start-stop\/"},"modified":"2023-08-07T09:22:17","modified_gmt":"2023-08-07T09:22:17","slug":"eco-mode-start-stop","status":"publish","type":"page","link":"https:\/\/tadanoworld.com\/pan-america\/fr\/eco-mode-start-stop\/","title":{"rendered":"ECO MODE \/ START-STOP"},"content":{"rendered":"\n<section class=\"group-blurred-background\">\n  <div class=\"group-blurred-background__container\">\n    <div class=\"group-blurred-background__inner\">\n      \n\n<h2 class=\"wp-block-heading\"><strong>R\u00e9duire la consommation, accro\u00eetre la rentabilit\u00e9\u00a0: c&rsquo;est possible avec le mode Eco et la fonction Start-Stop<\/strong><\/h2>\n\n\n\n<p>Le crit\u00e8re de la consommation de carburant est important dans le cadre d&rsquo;une exploitation qui se veut la plus \u00e9conomique possible. Pour vous permettre de travailler dans des conditions aussi rentables que possible, les grues Tadano utilisent par cons\u00e9quent au mieux le pr\u00e9cieux carburant. Deux syst\u00e8mes de commande intelligents y veillent tout particuli\u00e8rement. Leur vocation est de r\u00e9duire sensiblement la consommation de carburant et donc les \u00e9missions de CO<sub>2<\/sub> de votre grue Tadano:<\/p>\n\n\n\n<h2 class=\"wp-block-heading\"><strong>Economiser en mode Eco<\/strong><\/h2>\n\n\n\n<p>En mode Eco, le moteur ne d\u00e9livre \u00e0 la grue que la puissance dont elle a besoin au cours de l&rsquo;op\u00e9ration de levage. Le logiciel de commande r\u00e8gle de fa\u00e7on enti\u00e8rement automatique le r\u00e9gime moteur n\u00e9cessaire dans la plage optimale respective, sans que le grutier ne doive appuyer sur la p\u00e9dale d&rsquo;acc\u00e9l\u00e9rateur. Le mode Eco assure ainsi des \u00e9conomies de carburant maximales, mais aussi un confort accru pendant le service de la grue. Outre la r\u00e9duction de la consommation de carburant et des \u00e9missions de CO<sub>2<\/sub>, il limite \u00e9galement le plus possible le niveau des nuisances sonores.<\/p>\n\n\n\n<figure class=\"wp-block-image size-large\"><img decoding=\"async\" src=\"https:\/\/tadanoworld.com\/pan-america\/wp-content\/uploads\/sites\/3\/2023\/07\/green-DNA-switch-0-00-00-00-1024x663.png\" alt=\"\" class=\"wp-image-2917\" \/><\/figure>\n\n\n\n<h2 class=\"wp-block-heading\"><strong>Fonction Start-Stop de Tadano\u00a0: elle arr\u00eate le moteur, pas la commande<\/strong><\/h2>\n\n\n\n<p>La fonction Start-Stop permet d&rsquo;arr\u00eater manuellement le moteur en mode de fonctionnement de la tourelle \u00e0 l&rsquo;aide d&rsquo;un bouton situ\u00e9 dans la cabine. On \u00e9vite ainsi de faire tourner le moteur au ralenti. De cette mani\u00e8re, la consommation de carburant et les \u00e9missions diminuent toutes les deux.<\/p>\n\n\n\n<p>La fonction Start-Stop de Tadano offre un avantage d\u00e9cisif par rapport \u00e0 un arr\u00eat classique du moteur&nbsp;: la commande de la grue reste en effet active pendant l&rsquo;arr\u00eat du moteur, de sorte qu&rsquo;au red\u00e9marrage, il n&rsquo;est pas n\u00e9cessaire de relancer le logiciel, op\u00e9ration qui prend beaucoup de temps. Le service de la grue peut donc \u00eatre poursuivi imm\u00e9diatement.<\/p>\n\n\n\n<p>De plus, cette fonction r\u00e9duit les heures de service de la grue, prolongeant ainsi les intervalles entre les interventions d&rsquo;entretien. Cette r\u00e9duction des heures de service accro\u00eet quant \u00e0 elle la valeur \u00e0 la revente de votre engin &#8211; comme vous pouvez le constater&nbsp;: chez Tadano, rentabilit\u00e9 et protection de l&rsquo;environnement sont loin d&rsquo;\u00eatre contradictoires, mais vont plut\u00f4t de pair.<\/p>\n\n\n    <\/div>\n  <\/div>\n<\/section><script type=\"text\/javascript\">const useMetricTxt =\"Donn\u00e9es m\u00e9triques\"; const useImperialTxt =\"Donn\u00e9es imp\u00e9riales\";<\/script>","protected":false},"excerpt":{"rendered":"","protected":false},"author":4,"featured_media":0,"parent":0,"menu_order":0,"comment_status":"closed","ping_status":"closed","template":"","meta":{"_acf_changed":false,"footnotes":""},"class_list":["post-646","page","type-page","status-publish","hentry"],"acf":[],"_links":{"self":[{"href":"https:\/\/tadanoworld.com\/pan-america\/fr\/wp-json\/wp\/v2\/pages\/646","targetHints":{"allow":["GET"]}}],"collection":[{"href":"https:\/\/tadanoworld.com\/pan-america\/fr\/wp-json\/wp\/v2\/pages"}],"about":[{"href":"https:\/\/tadanoworld.com\/pan-america\/fr\/wp-json\/wp\/v2\/types\/page"}],"author":[{"embeddable":true,"href":"https:\/\/tadanoworld.com\/pan-america\/fr\/wp-json\/wp\/v2\/users\/4"}],"replies":[{"embeddable":true,"href":"https:\/\/tadanoworld.com\/pan-america\/fr\/wp-json\/wp\/v2\/comments?post=646"}],"version-history":[{"count":3,"href":"https:\/\/tadanoworld.com\/pan-america\/fr\/wp-json\/wp\/v2\/pages\/646\/revisions"}],"predecessor-version":[{"id":649,"href":"https:\/\/tadanoworld.com\/pan-america\/fr\/wp-json\/wp\/v2\/pages\/646\/revisions\/649"}],"wp:attachment":[{"href":"https:\/\/tadanoworld.com\/pan-america\/fr\/wp-json\/wp\/v2\/media?parent=646"}],"curies":[{"name":"wp","href":"https:\/\/api.w.org\/{rel}","templated":true}]}}