{"id":650,"date":"2023-07-20T16:03:03","date_gmt":"2023-07-20T14:03:03","guid":{"rendered":"https:\/\/tadanoworld.com\/pan-america\/shared-components\/"},"modified":"2023-08-07T09:45:16","modified_gmt":"2023-08-07T09:45:16","slug":"shared-components","status":"publish","type":"page","link":"https:\/\/tadanoworld.com\/pan-america\/fr\/shared-components\/","title":{"rendered":"SHARED COMPONENTS"},"content":{"rendered":"\n<section class=\"group-blurred-background\">\n  <div class=\"group-blurred-background__container\">\n    <div class=\"group-blurred-background__inner\">\n      \n\n<h2 class=\"wp-block-heading\"><strong>Il am\u00e9liore la rentabilit\u00e9 de votre parc de v\u00e9hicules\u00a0: le concept de pi\u00e8ces communes Tadano<\/strong><\/h2>\n\n\n\n<p>Si vous accordez de l\u2019importance \u00e0 un niveau de rentabilit\u00e9 particuli\u00e8rement \u00e9lev\u00e9 de votre parc de v\u00e9hicules, la mise en service de plusieurs grues Tadano est sans aucun doute une solution rentable. En effet, de nombreux mod\u00e8les sont dot\u00e9s d\u2019\u00e9quipements suppl\u00e9mentaires identiques qu\u2019il suffit d\u2019acheter une seule fois. Vous r\u00e9duisez ainsi vos co\u00fbts, \u00e9conomisez de la place et rentabilisez finalement l\u2019exploitation de vos grues.<\/p>\n\n\n\n<figure class=\"wp-block-image size-full\"><img decoding=\"async\" src=\"https:\/\/tadanoworld.com\/pan-america\/wp-content\/uploads\/sites\/3\/2023\/07\/Tadano-AC-4.070-2_Gleichteile.png\" alt=\"\" class=\"wp-image-3019\" \/><\/figure>\n\n\n\n<h2 class=\"wp-block-heading\"><strong>Bien pens\u00e9 d\u00e8s le d\u00e9part<\/strong><\/h2>\n\n\n\n<p>D\u00e8s la phase de d\u00e9veloppement de nouveaux mod\u00e8les de grues, nous examinons donc toujours la possibilit\u00e9 de r\u00e9utiliser certaines pi\u00e8ces, par exemple pour nos<\/p>\n\n\n\n<p><strong>grues \u00e0 5 essieux&nbsp;<\/strong>: dans ce cas pr\u00e9cis, vous pouvez \u00e9changer \u00e0 volont\u00e9 les rallonges de fl\u00e8che principale, la fl\u00e9chette de montage, le 2e treuil de levage ou encore les moufles des mod\u00e8les AC&nbsp;5.130\u20111, AC&nbsp;5.160\u20111, AC&nbsp;5.220L\u20111 et 5.250\u20111.<\/p>\n\n\n\n<p>Des pi\u00e8ces communes sont aussi disponibles pour les mod\u00e8les \u00e0 <strong>3 et 4\u00a0essieux<\/strong> AC\u00a03.060\u20111, AC\u00a04.070\u20112 et AC\u00a04.080\u20111: les rallonges de fl\u00e8che principales sont ici \u00e9galement interchangeables.<\/p>\n\n\n\n<p>Sur les grues \u00e0 chenilles \u00e0 m\u00e2t treillis Tadano CC, les contrepoids sont par ailleurs tous identiques et peuvent m\u00eame \u00eatre utilis\u00e9s sur notre grue AC&nbsp;7 450\u20111.<\/p>\n\n\n\n<p>Vous l\u2019aurez compris: miser sur Tadano est toujours un pari gagnant.<\/p>\n\n\n    <\/div>\n  <\/div>\n<\/section><script type=\"text\/javascript\">const useMetricTxt =\"Donn\u00e9es m\u00e9triques\"; const useImperialTxt =\"Donn\u00e9es imp\u00e9riales\";<\/script>","protected":false},"excerpt":{"rendered":"","protected":false},"author":4,"featured_media":0,"parent":0,"menu_order":0,"comment_status":"closed","ping_status":"closed","template":"","meta":{"_acf_changed":false,"footnotes":""},"class_list":["post-650","page","type-page","status-publish","hentry"],"acf":[],"_links":{"self":[{"href":"https:\/\/tadanoworld.com\/pan-america\/fr\/wp-json\/wp\/v2\/pages\/650","targetHints":{"allow":["GET"]}}],"collection":[{"href":"https:\/\/tadanoworld.com\/pan-america\/fr\/wp-json\/wp\/v2\/pages"}],"about":[{"href":"https:\/\/tadanoworld.com\/pan-america\/fr\/wp-json\/wp\/v2\/types\/page"}],"author":[{"embeddable":true,"href":"https:\/\/tadanoworld.com\/pan-america\/fr\/wp-json\/wp\/v2\/users\/4"}],"replies":[{"embeddable":true,"href":"https:\/\/tadanoworld.com\/pan-america\/fr\/wp-json\/wp\/v2\/comments?post=650"}],"version-history":[{"count":3,"href":"https:\/\/tadanoworld.com\/pan-america\/fr\/wp-json\/wp\/v2\/pages\/650\/revisions"}],"predecessor-version":[{"id":656,"href":"https:\/\/tadanoworld.com\/pan-america\/fr\/wp-json\/wp\/v2\/pages\/650\/revisions\/656"}],"wp:attachment":[{"href":"https:\/\/tadanoworld.com\/pan-america\/fr\/wp-json\/wp\/v2\/media?parent=650"}],"curies":[{"name":"wp","href":"https:\/\/api.w.org\/{rel}","templated":true}]}}