{"id":657,"date":"2023-07-20T15:59:44","date_gmt":"2023-07-20T13:59:44","guid":{"rendered":"https:\/\/tadanoworld.com\/pan-america\/split-tray-flex-frame\/"},"modified":"2023-08-07T10:04:41","modified_gmt":"2023-08-07T10:04:41","slug":"split-tray-flex-frame","status":"publish","type":"page","link":"https:\/\/tadanoworld.com\/pan-america\/fr\/split-tray-flex-frame\/","title":{"rendered":"SPLIT TRAY &amp; FLEX FRAME"},"content":{"rendered":"\n<section class=\"group-blurred-background\">\n  <div class=\"group-blurred-background__container\">\n    <div class=\"group-blurred-background__inner\">\n      \n\n<h2 class=\"wp-block-heading\"><strong><strong>Le compl\u00e9ment parfait: Split\u00a0Tray et Flex\u00a0Frame<\/strong><\/strong><\/h2>\n\n\n\n<p>La combinaison des syst\u00e8mes Split\u00a0Tray et Flex\u00a0Frame offre une solution \u00e9conomique optimale lorsqu&rsquo;il s&rsquo;agit de r\u00e9aliser des op\u00e9rations de levage avec de grandes longueurs de fl\u00e8che et des rayons de travail r\u00e9duits. Ceux qui ont d\u00e9j\u00e0 vu ces deux \u00e9quipements Tadano \u00e0 l\u2019\u0153uvre le savent bien.<\/p>\n\n\n\n<figure class=\"wp-block-image size-large\"><img decoding=\"async\" src=\"https:\/\/tadanoworld.com\/pan-america\/wp-content\/uploads\/sites\/3\/2023\/07\/Tadano-Split-Tray-2-1024x683.jpg\" alt=\"\" class=\"wp-image-2927\" \/><\/figure>\n\n\n\n<h2 class=\"wp-block-heading\"><strong>R\u00e9duction des co\u00fbts d&rsquo;exploitation et rentabilit\u00e9 accrue gr\u00e2ce \u00e0 Split\u00a0Tray<\/strong><\/h2>\n\n\n\n<p>Le plateau Superlift&nbsp;Split&nbsp;Tray qui peut \u00eatre raccord\u00e9 au plateau standard \u00e0 l&rsquo;aide de connexions rapides est utilis\u00e9 apr\u00e8s le relevage de la fl\u00e8che des grues \u00e0 chenilles \u00e0 m\u00e2t treillis Tadano&nbsp;<em>CC&nbsp;38.650\u20111 et CC&nbsp;68.1250\u20111<\/em>.<\/p>\n\n\n\n<p>Si le relevage de la longue fl\u00e8che a \u00e9t\u00e9 effectu\u00e9 en utilisant un contrepoids Superlift important, le Split&nbsp;Tray \u00e9quip\u00e9 du contrepoids n\u00e9cessaire au levage peut ensuite \u00eatre d\u00e9pos\u00e9 rapidement et facilement gr\u00e2ce \u00e0 un syst\u00e8me de connexion rapide tr\u00e8s pratique.<\/p>\n\n\n\n<p>Il est ensuite possible de d\u00e9placer la grue \u00e9quip\u00e9e du seul contrepoids Superlift indispensable. Ce syst\u00e8me permet de r\u00e9duire les temps de montage ainsi que le personnel n\u00e9cessaire et rend superflue l&rsquo;utilisation d&rsquo;une grue auxiliaire, qui repr\u00e9sente un facteur de co\u00fbts suppl\u00e9mentaire. Autre avantage: la r\u00e9duction du rayon d&rsquo;encombrement du contrepoids lors des travaux effectu\u00e9s sur le chantier.<\/p>\n\n\n\n<p>Plus concr\u00e8tement, pour la grue\u00a0CC 38.650\u20111 par exemple, le Split\u00a0Tray g\u00e9n\u00e8re des \u00e9conomies de co\u00fbts pouvant atteindre 10.000\u00a0\u20ac par intervention.<\/p>\n\n\n\n<figure class=\"wp-block-image size-large\"><img decoding=\"async\" src=\"https:\/\/tadanoworld.com\/pan-america\/wp-content\/uploads\/sites\/3\/2023\/07\/Flexframe-in-use-1024x684.jpg\" alt=\"\" class=\"wp-image-2933\" \/><\/figure>\n\n\n\n<h2 class=\"wp-block-heading\"><strong>Un travail plus rentable et plus efficace: Flex\u00a0Frame r\u00e9duit les temps d&rsquo;\u00e9quipement et de d\u00e9montage<\/strong><\/h2>\n\n\n\n<p>Le syst\u00e8me Flex\u00a0Frame est utilis\u00e9 pour de tr\u00e8s grandes longueurs de fl\u00e8che en association avec le kit Boom Booster. Il permet d&rsquo;exploiter \u00e0 leur maximum les rayons du Superlift lors du relevage de la fl\u00e8che. Dot\u00e9 d&rsquo;un rayon de r\u00e9glage important, le syst\u00e8me Flex\u00a0Frame peut \u00eatre ajust\u00e9 en continu apr\u00e8s le relevage de la fl\u00e8che pour obtenir le rayon de contrepoids Superlift le mieux adapt\u00e9. Par rapport \u00e0 d&rsquo;autres syst\u00e8mes traditionnels, les temps d&rsquo;\u00e9quipement sont donc moins longs, ce qui permet de r\u00e9duire les co\u00fbts.<\/p>\n\n\n\n<h2 class=\"wp-block-heading\"><strong>Une \u00e9quipe gagnante<\/strong><\/h2>\n\n\n\n<p>En r\u00e9sum\u00e9, le plateau Superlift&nbsp;Split Tray permet de modifier rapidement le contrepoids Superlift sur le chantier, tandis que le syst\u00e8me Flex&nbsp;Frame facilite la mise en place de syst\u00e8mes de fl\u00e8ches tr\u00e8s longs tout en offrant une souplesse maximale d&rsquo;utilisation.<\/p>\n\n\n\n<p>La combinaison des deux syst\u00e8mes contribue \u00e0 r\u00e9duire sensiblement le temps n\u00e9cessaire au repositionnement des modules de contrepoids entre le montage et l&rsquo;utilisation de la grue. En d\u2019autres termes, le nombre d&rsquo;heures de travail requis diminue et il n&rsquo;est pas n\u00e9cessaire d&rsquo;utiliser une grue auxiliaire pour la r\u00e9organisation des contrepoids.<\/p>\n\n\n\n<h2 class=\"wp-block-heading\"><strong>Kits de mise \u00e0 niveau \u00e9galement disponibles<\/strong><\/h2>\n\n\n\n<p>Les syst\u00e8mes Split\u00a0Tray et Flex\u00a0Frame peuvent \u00eatre command\u00e9s directement en tant qu&rsquo;accessoires propos\u00e9s en option lors de l\u2019acquisition d&rsquo;une nouvelle grue \u00e0 chenilles \u00e0 m\u00e2t treillis Tadano ou \u00eatre install\u00e9s sur une grue existante sous forme de kit de mise \u00e0 niveau.<\/p>\n\n\n\n<p>Split\u00a0Tray et Flex\u00a0Frame sont disponibles pour les mod\u00e8les suivants de grues \u00e0 chenilles \u00e0 m\u00e2t treillis Tadano:<\/p>\n\n\n\n<ul class=\"has-white-color has-text-color wp-block-list\">\n<li><em>CC 38.650-1<\/em><\/li>\n\n\n\n<li><em>CC 68.1250-1<\/em><\/li>\n<\/ul>\n\n\n    <\/div>\n  <\/div>\n<\/section><script type=\"text\/javascript\">const useMetricTxt =\"Donn\u00e9es m\u00e9triques\"; const useImperialTxt =\"Donn\u00e9es imp\u00e9riales\";<\/script>","protected":false},"excerpt":{"rendered":"","protected":false},"author":4,"featured_media":0,"parent":0,"menu_order":0,"comment_status":"closed","ping_status":"closed","template":"","meta":{"_acf_changed":false,"footnotes":""},"class_list":["post-657","page","type-page","status-publish","hentry"],"acf":[],"_links":{"self":[{"href":"https:\/\/tadanoworld.com\/pan-america\/fr\/wp-json\/wp\/v2\/pages\/657","targetHints":{"allow":["GET"]}}],"collection":[{"href":"https:\/\/tadanoworld.com\/pan-america\/fr\/wp-json\/wp\/v2\/pages"}],"about":[{"href":"https:\/\/tadanoworld.com\/pan-america\/fr\/wp-json\/wp\/v2\/types\/page"}],"author":[{"embeddable":true,"href":"https:\/\/tadanoworld.com\/pan-america\/fr\/wp-json\/wp\/v2\/users\/4"}],"replies":[{"embeddable":true,"href":"https:\/\/tadanoworld.com\/pan-america\/fr\/wp-json\/wp\/v2\/comments?post=657"}],"version-history":[{"count":3,"href":"https:\/\/tadanoworld.com\/pan-america\/fr\/wp-json\/wp\/v2\/pages\/657\/revisions"}],"predecessor-version":[{"id":660,"href":"https:\/\/tadanoworld.com\/pan-america\/fr\/wp-json\/wp\/v2\/pages\/657\/revisions\/660"}],"wp:attachment":[{"href":"https:\/\/tadanoworld.com\/pan-america\/fr\/wp-json\/wp\/v2\/media?parent=657"}],"curies":[{"name":"wp","href":"https:\/\/api.w.org\/{rel}","templated":true}]}}